{"id":3288,"date":"2020-12-08T16:31:46","date_gmt":"2020-12-08T22:31:46","guid":{"rendered":"https:\/\/cowboylawgroup.com\/sobre-nosotros\/"},"modified":"2024-10-15T07:38:13","modified_gmt":"2024-10-15T12:38:13","slug":"sobre-nosotros","status":"publish","type":"page","link":"https:\/\/cowboylawgroup.com\/es\/sobre-nosotros\/","title":{"rendered":"Sobre nosotros"},"content":{"rendered":"\t\t<div data-elementor-type=\"wp-page\" data-elementor-id=\"3288\" class=\"elementor elementor-3288 elementor-40\" data-elementor-post-type=\"page\">\n\t\t\t\t\t\t<section class=\"elementor-section elementor-top-section elementor-element elementor-element-c3f9024 elementor-section-full_width elementor-section-height-default elementor-section-height-default\" data-id=\"c3f9024\" data-element_type=\"section\" data-e-type=\"section\">\n\t\t\t\t\t\t<div class=\"elementor-container elementor-column-gap-default\">\n\t\t\t\t\t<div class=\"elementor-column elementor-col-100 elementor-top-column elementor-element elementor-element-31f9c20\" data-id=\"31f9c20\" data-element_type=\"column\" data-e-type=\"column\">\n\t\t\t<div class=\"elementor-widget-wrap elementor-element-populated\">\n\t\t\t\t\t\t<div class=\"elementor-element elementor-element-085323f elementor-widget elementor-widget-template\" data-id=\"085323f\" data-element_type=\"widget\" data-e-type=\"widget\" data-widget_type=\"template.default\">\n\t\t\t\t<div class=\"elementor-widget-container\">\n\t\t\t\t\t\t\t<div class=\"elementor-template\">\n\t\t\t\t\t<div data-elementor-type=\"page\" data-elementor-id=\"3286\" class=\"elementor elementor-3286 elementor-237\" data-elementor-post-type=\"elementor_library\">\n\t\t\t\t\t\t<section class=\"elementor-section elementor-top-section elementor-element elementor-element-7f2e85c4 elementor-section-height-min-height elementor-section-boxed elementor-section-height-default elementor-section-items-middle\" data-id=\"7f2e85c4\" data-element_type=\"section\" data-e-type=\"section\" data-settings=\"{&quot;background_background&quot;:&quot;classic&quot;}\">\n\t\t\t\t\t\t\t<div class=\"elementor-background-overlay\"><\/div>\n\t\t\t\t\t\t\t<div class=\"elementor-container elementor-column-gap-default\">\n\t\t\t\t\t<div class=\"elementor-column elementor-col-100 elementor-top-column elementor-element elementor-element-676346f3\" data-id=\"676346f3\" data-element_type=\"column\" data-e-type=\"column\">\n\t\t\t<div class=\"elementor-widget-wrap elementor-element-populated\">\n\t\t\t\t\t\t<div class=\"elementor-element elementor-element-6f7c6e3 elementor-widget elementor-widget-shortcode\" data-id=\"6f7c6e3\" data-element_type=\"widget\" data-e-type=\"widget\" data-widget_type=\"shortcode.default\">\n\t\t\t\t\t\t\t<div class=\"elementor-shortcode\"><h1 class=\"elementor-post__title\">Sobre nosotros<\/h1><\/div>\n\t\t\t\t\t\t<\/div>\n\t\t\t\t\t<\/div>\n\t\t<\/div>\n\t\t\t\t\t<\/div>\n\t\t<\/section>\n\t\t\t\t<section class=\"elementor-section elementor-top-section elementor-element elementor-element-5b33e98 elementor-section-boxed elementor-section-height-default elementor-section-height-default\" data-id=\"5b33e98\" data-element_type=\"section\" data-e-type=\"section\" data-settings=\"{&quot;background_background&quot;:&quot;classic&quot;}\">\n\t\t\t\t\t\t<div class=\"elementor-container elementor-column-gap-default\">\n\t\t\t\t\t<div class=\"elementor-column elementor-col-100 elementor-top-column elementor-element elementor-element-db3a4ab\" data-id=\"db3a4ab\" data-element_type=\"column\" data-e-type=\"column\">\n\t\t\t<div class=\"elementor-widget-wrap elementor-element-populated\">\n\t\t\t\t\t\t<div class=\"elementor-element elementor-element-5417101c elementor-widget elementor-widget-shortcode\" data-id=\"5417101c\" data-element_type=\"widget\" data-e-type=\"widget\" data-widget_type=\"shortcode.default\">\n\t\t\t\t\t\t\t<div class=\"elementor-shortcode\"><nav aria-label=\"breadcrumbs\" class=\"rank-math-breadcrumb\"><p><span class=\"last\">Home<\/span><\/p><\/nav><\/div>\n\t\t\t\t\t\t<\/div>\n\t\t\t\t\t<\/div>\n\t\t<\/div>\n\t\t\t\t\t<\/div>\n\t\t<\/section>\n\t\t<section class=\"elementor-element elementor-element-b9ac8dd main-section e-flex e-con-boxed e-con e-parent\" data-id=\"b9ac8dd\" data-element_type=\"container\" data-e-type=\"container\">\n\t\t\t\t\t<div class=\"e-con-inner\">\n\t\t<div class=\"elementor-element elementor-element-6acb730 e-con-full e-flex e-con e-child\" data-id=\"6acb730\" data-element_type=\"container\" data-e-type=\"container\">\n\t\t<div class=\"elementor-element elementor-element-e82fe07 e-con-full e-flex e-con e-child\" data-id=\"e82fe07\" data-element_type=\"container\" data-e-type=\"container\">\n\t\t<div class=\"elementor-element elementor-element-96665a2 e-con-full e-flex e-con e-child\" data-id=\"96665a2\" data-element_type=\"container\" data-e-type=\"container\">\n\t\t\t\t<div class=\"elementor-element elementor-element-224566b section-heading elementor-widget elementor-widget-heading\" data-id=\"224566b\" data-element_type=\"widget\" data-e-type=\"widget\" data-widget_type=\"heading.default\">\n\t\t\t\t\t<h2 class=\"elementor-heading-title elementor-size-default\">Dedicaci\u00f3n inquebrantable y experiencia en la que puedes confiar<\/h2>\t\t\t\t<\/div>\n\t\t\t\t<div class=\"elementor-element elementor-element-bef5215 elementor-widget elementor-widget-image\" data-id=\"bef5215\" data-element_type=\"widget\" data-e-type=\"widget\" data-widget_type=\"image.default\">\n\t\t\t\t\t\t\t\t\t\t\t\t\t\t\t<img decoding=\"async\" src=\"https:\/\/cowboylawgroup.com\/wp-content\/uploads\/elementor\/thumbs\/crossed-guns-rev3-qs5vcr9ye2un45lq62qr5aaofmbdbglqw2i6gng0zk.webp\" title=\"crossed-guns-rev3\" alt=\"cowboy guns\" loading=\"lazy\" \/>\t\t\t\t\t\t\t\t\t\t\t\t\t\t\t<\/div>\n\t\t\t\t<div class=\"elementor-element elementor-element-672883a elementor-widget elementor-widget-text-editor\" data-id=\"672883a\" data-element_type=\"widget\" data-e-type=\"widget\" data-widget_type=\"text-editor.default\">\n\t\t\t\t\t\t\t\t\t<p>En Cowboy Law Group, aportamos un compromiso inquebrantable para proporcionar defensa penal y defensa de menores de primera categor\u00eda. Nuestros experimentados abogados est\u00e1n disponibles 24 horas al d\u00eda, 7 d\u00edas a la semana, dispuestos a proteger tus derechos y a luchar por tu futuro. <\/p>\n<p>Tanto si te enfrentas a graves cargos penales como si te enfrentas a las complejidades del derecho de menores, nuestra mezcla de agallas legales y aut\u00e9ntico esp\u00edritu vaquero garantiza que recibas la representaci\u00f3n m\u00e1s s\u00f3lida posible.<\/p>\n<p>Conf\u00eda en Cowboy Law Group para que est\u00e9 a tu lado con dedicaci\u00f3n, experiencia y un impulso implacable para lograr los mejores resultados para ti y tu familia.<\/p>\n\t\t\t\t\t\t\t\t<\/div>\n\t\t\t\t<\/div>\n\t\t<div class=\"elementor-element elementor-element-e71efd4 e-con-full e-flex e-con e-child\" data-id=\"e71efd4\" data-element_type=\"container\" data-e-type=\"container\">\n\t\t\t\t<div class=\"elementor-element elementor-element-dcb48eb elementor-widget elementor-widget-image\" data-id=\"dcb48eb\" data-element_type=\"widget\" data-e-type=\"widget\" data-widget_type=\"image.default\">\n\t\t\t\t\t\t\t\t\t\t\t\t\t\t\t<img fetchpriority=\"high\" decoding=\"async\" width=\"600\" height=\"400\" src=\"https:\/\/cowboylawgroup.com\/wp-content\/uploads\/2020\/12\/office1-copy.webp\" class=\"attachment-large size-large wp-image-3198\" alt=\"Nuestra empresa\" srcset=\"https:\/\/cowboylawgroup.com\/wp-content\/uploads\/2020\/12\/office1-copy.webp 600w, https:\/\/cowboylawgroup.com\/wp-content\/uploads\/2020\/12\/office1-copy-300x200.webp 300w\" sizes=\"(max-width: 600px) 100vw, 600px\" \/>\t\t\t\t\t\t\t\t\t\t\t\t\t\t\t<\/div>\n\t\t\t\t<\/div>\n\t\t\t\t<\/div>\n\t\t\t\t<\/div>\n\t\t\t\t\t<\/div>\n\t\t\t\t<\/section>\n\t\t<section class=\"elementor-element elementor-element-bb3a1b9 main-section e-flex e-con-boxed e-con e-parent\" data-id=\"bb3a1b9\" data-element_type=\"container\" data-e-type=\"container\" data-settings=\"{&quot;background_background&quot;:&quot;classic&quot;,&quot;shape_divider_top&quot;:&quot;mountains&quot;}\">\n\t\t\t\t\t<div class=\"e-con-inner\">\n\t\t\t\t<div class=\"elementor-shape elementor-shape-top\" aria-hidden=\"true\" data-negative=\"false\">\n\t\t\t<svg xmlns=\"http:\/\/www.w3.org\/2000\/svg\" viewBox=\"0 0 1000 100\" preserveAspectRatio=\"none\">\n\t<path class=\"elementor-shape-fill\" opacity=\"0.33\" d=\"M473,67.3c-203.9,88.3-263.1-34-320.3,0C66,119.1,0,59.7,0,59.7V0h1000v59.7 c0,0-62.1,26.1-94.9,29.3c-32.8,3.3-62.8-12.3-75.8-22.1C806,49.6,745.3,8.7,694.9,4.7S492.4,59,473,67.3z\"\/>\n\t<path class=\"elementor-shape-fill\" opacity=\"0.66\" d=\"M734,67.3c-45.5,0-77.2-23.2-129.1-39.1c-28.6-8.7-150.3-10.1-254,39.1 s-91.7-34.4-149.2,0C115.7,118.3,0,39.8,0,39.8V0h1000v36.5c0,0-28.2-18.5-92.1-18.5C810.2,18.1,775.7,67.3,734,67.3z\"\/>\n\t<path class=\"elementor-shape-fill\" d=\"M766.1,28.9c-200-57.5-266,65.5-395.1,19.5C242,1.8,242,5.4,184.8,20.6C128,35.8,132.3,44.9,89.9,52.5C28.6,63.7,0,0,0,0 h1000c0,0-9.9,40.9-83.6,48.1S829.6,47,766.1,28.9z\"\/>\n<\/svg>\t\t<\/div>\n\t\t<div class=\"elementor-element elementor-element-13fb69b e-con-full e-flex e-con e-child\" data-id=\"13fb69b\" data-element_type=\"container\" data-e-type=\"container\">\n\t\t<div class=\"elementor-element elementor-element-ac98e14 e-con-full e-flex e-con e-child\" data-id=\"ac98e14\" data-element_type=\"container\" data-e-type=\"container\">\n\t\t\t\t<div class=\"elementor-element elementor-element-724f728 section-heading elementor-widget elementor-widget-heading\" data-id=\"724f728\" data-element_type=\"widget\" data-e-type=\"widget\" data-widget_type=\"heading.default\">\n\t\t\t\t\t<h2 class=\"elementor-heading-title elementor-size-default\"><a href=\"https:\/\/cowboylawgroup.com\/about-us\/\">Por qu\u00e9 elegir Cowboy Law Group<\/a><\/h2>\t\t\t\t<\/div>\n\t\t\t\t<div class=\"elementor-element elementor-element-bb80b8b elementor-widget elementor-widget-text-editor\" data-id=\"bb80b8b\" data-element_type=\"widget\" data-e-type=\"widget\" data-widget_type=\"text-editor.default\">\n\t\t\t\t\t\t\t\t\t<p>Elige a Cowboy Law Group para tu defensa penal y de menores porque te ofrecemos una experiencia sin igual, un firme compromiso con la protecci\u00f3n de tus derechos y un profundo conocimiento de los retos legales a los que te enfrentas.<\/p>\n\t\t\t\t\t\t\t\t<\/div>\n\t\t<div class=\"elementor-element elementor-element-da95c37 e-con-full e-flex e-con e-child\" data-id=\"da95c37\" data-element_type=\"container\" data-e-type=\"container\">\n\t\t<div class=\"elementor-element elementor-element-6310ea0 e-con-full e-flex e-con e-child\" data-id=\"6310ea0\" data-element_type=\"container\" data-e-type=\"container\" data-settings=\"{&quot;background_background&quot;:&quot;classic&quot;}\">\n\t\t\t\t<div class=\"elementor-element elementor-element-df5f9b8 elementor-widget elementor-widget-image\" data-id=\"df5f9b8\" data-element_type=\"widget\" data-e-type=\"widget\" data-widget_type=\"image.default\">\n\t\t\t\t\t\t\t\t\t\t\t\t\t\t\t<img decoding=\"async\" width=\"150\" height=\"150\" src=\"https:\/\/cowboylawgroup.com\/wp-content\/uploads\/2020\/12\/expertise-icon-rev2-1-150x150.webp\" class=\"attachment-thumbnail size-thumbnail wp-image-3223\" alt=\"expertise\" srcset=\"https:\/\/cowboylawgroup.com\/wp-content\/uploads\/2020\/12\/expertise-icon-rev2-1-150x150.webp 150w, https:\/\/cowboylawgroup.com\/wp-content\/uploads\/2020\/12\/expertise-icon-rev2-1.webp 250w\" sizes=\"(max-width: 150px) 100vw, 150px\" \/>\t\t\t\t\t\t\t\t\t\t\t\t\t\t\t<\/div>\n\t\t\t\t<div class=\"elementor-element elementor-element-9c4c683 elementor-widget elementor-widget-heading\" data-id=\"9c4c683\" data-element_type=\"widget\" data-e-type=\"widget\" data-widget_type=\"heading.default\">\n\t\t\t\t\t<h3 class=\"elementor-heading-title elementor-size-default\">M\u00e1s de 20 a\u00f1os de experiencia en tribunales<br><\/h3>\t\t\t\t<\/div>\n\t\t\t\t<\/div>\n\t\t<div class=\"elementor-element elementor-element-d8d28ec e-con-full e-flex e-con e-child\" data-id=\"d8d28ec\" data-element_type=\"container\" data-e-type=\"container\" data-settings=\"{&quot;background_background&quot;:&quot;classic&quot;}\">\n\t\t\t\t<div class=\"elementor-element elementor-element-b1b9bb5 elementor-widget elementor-widget-image\" data-id=\"b1b9bb5\" data-element_type=\"widget\" data-e-type=\"widget\" data-widget_type=\"image.default\">\n\t\t\t\t\t\t\t\t\t\t\t\t\t\t\t<img decoding=\"async\" width=\"150\" height=\"150\" src=\"https:\/\/cowboylawgroup.com\/wp-content\/uploads\/2020\/12\/dedication-icon-rev2-150x150.webp\" class=\"attachment-thumbnail size-thumbnail wp-image-3224\" alt=\"dedication\" srcset=\"https:\/\/cowboylawgroup.com\/wp-content\/uploads\/2020\/12\/dedication-icon-rev2-150x150.webp 150w, https:\/\/cowboylawgroup.com\/wp-content\/uploads\/2020\/12\/dedication-icon-rev2.webp 250w\" sizes=\"(max-width: 150px) 100vw, 150px\" \/>\t\t\t\t\t\t\t\t\t\t\t\t\t\t\t<\/div>\n\t\t\t\t<div class=\"elementor-element elementor-element-2f0958f elementor-widget elementor-widget-heading\" data-id=\"2f0958f\" data-element_type=\"widget\" data-e-type=\"widget\" data-widget_type=\"heading.default\">\n\t\t\t\t\t<h3 class=\"elementor-heading-title elementor-size-default\">Dedicada y<br>Compasiva<\/h3>\t\t\t\t<\/div>\n\t\t\t\t<\/div>\n\t\t<div class=\"elementor-element elementor-element-e22fd70 e-con-full e-flex e-con e-child\" data-id=\"e22fd70\" data-element_type=\"container\" data-e-type=\"container\" data-settings=\"{&quot;background_background&quot;:&quot;classic&quot;}\">\n\t\t\t\t<div class=\"elementor-element elementor-element-dab36bf elementor-widget elementor-widget-image\" data-id=\"dab36bf\" data-element_type=\"widget\" data-e-type=\"widget\" data-widget_type=\"image.default\">\n\t\t\t\t\t\t\t\t\t\t\t\t\t\t\t<img loading=\"lazy\" decoding=\"async\" width=\"150\" height=\"150\" src=\"https:\/\/cowboylawgroup.com\/wp-content\/uploads\/2020\/12\/lawyer-fight-icon-rev2-150x150.webp\" class=\"attachment-thumbnail size-thumbnail wp-image-3225\" alt=\"lawyer fights for you\" srcset=\"https:\/\/cowboylawgroup.com\/wp-content\/uploads\/2020\/12\/lawyer-fight-icon-rev2-150x150.webp 150w, https:\/\/cowboylawgroup.com\/wp-content\/uploads\/2020\/12\/lawyer-fight-icon-rev2.webp 250w\" sizes=\"(max-width: 150px) 100vw, 150px\" \/>\t\t\t\t\t\t\t\t\t\t\t\t\t\t\t<\/div>\n\t\t\t\t<div class=\"elementor-element elementor-element-b275f07 elementor-widget elementor-widget-heading\" data-id=\"b275f07\" data-element_type=\"widget\" data-e-type=\"widget\" data-widget_type=\"heading.default\">\n\t\t\t\t\t<h3 class=\"elementor-heading-title elementor-size-default\">Luchar\u00e1 agresivamente por ti<br><\/h3>\t\t\t\t<\/div>\n\t\t\t\t<\/div>\n\t\t<div class=\"elementor-element elementor-element-d671e5d e-con-full e-flex e-con e-child\" data-id=\"d671e5d\" data-element_type=\"container\" data-e-type=\"container\" data-settings=\"{&quot;background_background&quot;:&quot;classic&quot;}\">\n\t\t\t\t<div class=\"elementor-element elementor-element-a2d7f6f elementor-widget elementor-widget-image\" data-id=\"a2d7f6f\" data-element_type=\"widget\" data-e-type=\"widget\" data-widget_type=\"image.default\">\n\t\t\t\t\t\t\t\t\t\t\t\t\t\t\t<img loading=\"lazy\" decoding=\"async\" width=\"150\" height=\"150\" src=\"https:\/\/cowboylawgroup.com\/wp-content\/uploads\/2020\/12\/availability-icon-rev2-150x150.webp\" class=\"attachment-thumbnail size-thumbnail wp-image-3226\" alt=\"availability\" srcset=\"https:\/\/cowboylawgroup.com\/wp-content\/uploads\/2020\/12\/availability-icon-rev2-150x150.webp 150w, https:\/\/cowboylawgroup.com\/wp-content\/uploads\/2020\/12\/availability-icon-rev2.webp 250w\" sizes=\"(max-width: 150px) 100vw, 150px\" \/>\t\t\t\t\t\t\t\t\t\t\t\t\t\t\t<\/div>\n\t\t\t\t<div class=\"elementor-element elementor-element-b1bc652 elementor-widget elementor-widget-heading\" data-id=\"b1bc652\" data-element_type=\"widget\" data-e-type=\"widget\" data-widget_type=\"heading.default\">\n\t\t\t\t\t<h3 class=\"elementor-heading-title elementor-size-default\">24\/7<br>Availability<\/h3>\t\t\t\t<\/div>\n\t\t\t\t<\/div>\n\t\t\t\t<\/div>\n\t\t\t\t<\/div>\n\t\t\t\t<div class=\"elementor-element elementor-element-50bbc73 elementor-align-center elementor-widget elementor-widget-button\" data-id=\"50bbc73\" data-element_type=\"widget\" data-e-type=\"widget\" data-widget_type=\"button.default\">\n\t\t\t\t\t\t\t\t\t\t<a class=\"elementor-button elementor-button-link elementor-size-sm\" href=\"#elementor-action%3Aaction%3Dpopup%3Aopen%26settings%3DeyJpZCI6MzQ3OSwidG9nZ2xlIjpmYWxzZX0%3D\">\n\t\t\t\t\t\t<span class=\"elementor-button-content-wrapper\">\n\t\t\t\t\t\t\t\t\t<span class=\"elementor-button-text\">REVISA TU CASO GRATIS<\/span>\n\t\t\t\t\t<\/span>\n\t\t\t\t\t<\/a>\n\t\t\t\t\t\t\t\t<\/div>\n\t\t\t\t<\/div>\n\t\t\t\t\t<\/div>\n\t\t\t\t<\/section>\n\t\t\t\t<\/div>\n\t\t\t\t<\/div>\n\t\t\t\t\t\t<\/div>\n\t\t\t\t<\/div>\n\t\t\t\t\t<\/div>\n\t\t<\/div>\n\t\t\t\t\t<\/div>\n\t\t<\/section>\n\t\t\t\t<\/div>\n\t\t","protected":false},"excerpt":{"rendered":"","protected":false},"author":22,"featured_media":0,"parent":0,"menu_order":0,"comment_status":"closed","ping_status":"closed","template":"elementor_header_footer","meta":{"_acf_changed":false,"footnotes":""},"categories":[],"tags":[],"class_list":["post-3288","page","type-page","status-publish","hentry"],"acf":[],"_links":{"self":[{"href":"https:\/\/cowboylawgroup.com\/es\/wp-json\/wp\/v2\/pages\/3288","targetHints":{"allow":["GET"]}}],"collection":[{"href":"https:\/\/cowboylawgroup.com\/es\/wp-json\/wp\/v2\/pages"}],"about":[{"href":"https:\/\/cowboylawgroup.com\/es\/wp-json\/wp\/v2\/types\/page"}],"author":[{"embeddable":true,"href":"https:\/\/cowboylawgroup.com\/es\/wp-json\/wp\/v2\/users\/22"}],"replies":[{"embeddable":true,"href":"https:\/\/cowboylawgroup.com\/es\/wp-json\/wp\/v2\/comments?post=3288"}],"version-history":[{"count":1,"href":"https:\/\/cowboylawgroup.com\/es\/wp-json\/wp\/v2\/pages\/3288\/revisions"}],"predecessor-version":[{"id":3289,"href":"https:\/\/cowboylawgroup.com\/es\/wp-json\/wp\/v2\/pages\/3288\/revisions\/3289"}],"wp:attachment":[{"href":"https:\/\/cowboylawgroup.com\/es\/wp-json\/wp\/v2\/media?parent=3288"}],"wp:term":[{"taxonomy":"category","embeddable":true,"href":"https:\/\/cowboylawgroup.com\/es\/wp-json\/wp\/v2\/categories?post=3288"},{"taxonomy":"post_tag","embeddable":true,"href":"https:\/\/cowboylawgroup.com\/es\/wp-json\/wp\/v2\/tags?post=3288"}],"curies":[{"name":"wp","href":"https:\/\/api.w.org\/{rel}","templated":true}]}}