{"id":3292,"date":"2020-12-08T16:34:01","date_gmt":"2020-12-08T22:34:01","guid":{"rendered":"https:\/\/cowboylawgroup.com\/brian-c-burns\/"},"modified":"2024-10-15T10:40:14","modified_gmt":"2024-10-15T15:40:14","slug":"brian-c-burns","status":"publish","type":"page","link":"https:\/\/cowboylawgroup.com\/es\/brian-c-burns\/","title":{"rendered":"Brian C. Burns"},"content":{"rendered":"<p>La pasi\u00f3n de Brian Burns es ayudar a las personas que han sido acusadas de delitos por el gobierno. Pas\u00f3 a\u00f1os estudiando lengua y cultura en Estados Unidos, M\u00e9xico, Espa\u00f1a y la Rep\u00fablica Dominicana. Tras cursar estudios universitarios en la Universidad de Salamanca, en Salamanca (Espa\u00f1a), y en el Centro de Lenguajes Extranjeros de Toluca (M\u00e9xico), aprendi\u00f3 a respetar la mentalidad de otras personas y sus culturas. Como antiguo microbi\u00f3logo, el Sr. Burns tiene un conocimiento \u00fanico de la ciencia que utilizan actualmente las fuerzas del orden. Por ejemplo, se form\u00f3 en an\u00e1lisis e interpretaci\u00f3n de ADN en la Universidad Estatal de Boise, as\u00ed como en identificaci\u00f3n de alcohol y drogas en sangre mediante cromatograf\u00eda de gases en <a href=\"https:\/\/axionlabs.com\/\" target=\"_blank\" rel=\"noopener\">el Laboratorio Axion<\/a> de Chicago.<\/p>\n","protected":false},"excerpt":{"rendered":"<p>La pasi\u00f3n de Brian Burns es ayudar a las personas que han sido acusadas de delitos por el gobierno. Pas\u00f3 a\u00f1os estudiando lengua y cultura en Estados Unidos, M\u00e9xico, Espa\u00f1a y la Rep\u00fablica Dominicana. Tras cursar estudios universitarios en la Universidad de Salamanca, en Salamanca (Espa\u00f1a), y en el Centro de Lenguajes Extranjeros de Toluca [&hellip;]<\/p>\n","protected":false},"author":22,"featured_media":3220,"parent":0,"menu_order":0,"comment_status":"closed","ping_status":"closed","template":"","meta":{"_acf_changed":false,"footnotes":""},"categories":[],"tags":[],"class_list":["post-3292","page","type-page","status-publish","has-post-thumbnail","hentry"],"acf":[],"_links":{"self":[{"href":"https:\/\/cowboylawgroup.com\/es\/wp-json\/wp\/v2\/pages\/3292","targetHints":{"allow":["GET"]}}],"collection":[{"href":"https:\/\/cowboylawgroup.com\/es\/wp-json\/wp\/v2\/pages"}],"about":[{"href":"https:\/\/cowboylawgroup.com\/es\/wp-json\/wp\/v2\/types\/page"}],"author":[{"embeddable":true,"href":"https:\/\/cowboylawgroup.com\/es\/wp-json\/wp\/v2\/users\/22"}],"replies":[{"embeddable":true,"href":"https:\/\/cowboylawgroup.com\/es\/wp-json\/wp\/v2\/comments?post=3292"}],"version-history":[{"count":1,"href":"https:\/\/cowboylawgroup.com\/es\/wp-json\/wp\/v2\/pages\/3292\/revisions"}],"predecessor-version":[{"id":3300,"href":"https:\/\/cowboylawgroup.com\/es\/wp-json\/wp\/v2\/pages\/3292\/revisions\/3300"}],"wp:featuredmedia":[{"embeddable":true,"href":"https:\/\/cowboylawgroup.com\/es\/wp-json\/wp\/v2\/media\/3220"}],"wp:attachment":[{"href":"https:\/\/cowboylawgroup.com\/es\/wp-json\/wp\/v2\/media?parent=3292"}],"wp:term":[{"taxonomy":"category","embeddable":true,"href":"https:\/\/cowboylawgroup.com\/es\/wp-json\/wp\/v2\/categories?post=3292"},{"taxonomy":"post_tag","embeddable":true,"href":"https:\/\/cowboylawgroup.com\/es\/wp-json\/wp\/v2\/tags?post=3292"}],"curies":[{"name":"wp","href":"https:\/\/api.w.org\/{rel}","templated":true}]}}