{"id":3293,"date":"2020-12-08T16:33:50","date_gmt":"2020-12-08T22:33:50","guid":{"rendered":"https:\/\/cowboylawgroup.com\/chris-h-warren\/"},"modified":"2024-10-15T10:38:50","modified_gmt":"2024-10-15T15:38:50","slug":"chris-h-warren","status":"publish","type":"page","link":"https:\/\/cowboylawgroup.com\/es\/chris-h-warren\/","title":{"rendered":"Chris H. Warren"},"content":{"rendered":"<p>Chris Warren, licenciado por <a href=\"https:\/\/www.tamu.edu\/index.html\" target=\"_blank\" rel=\"noopener\">la Texas A&amp;M<\/a> y por <a href=\"https:\/\/www.stcl.edu\/\" target=\"_blank\" rel=\"noopener\">la Facultad de Derecho del Sur de Texas<\/a>, cuenta con m\u00e1s de 22 a\u00f1os de experiencia en litigios ante los tribunales. Licenciado por el Colegio de Abogados del Estado de Texas desde 2002 y autorizado para ejercer la abogac\u00eda en los Tribunales Federales de los Distritos Oeste y Sur, el Sr. Warren aporta una gran experiencia para satisfacer tus necesidades legales con una atenci\u00f3n excepcional. Su formaci\u00f3n incluye una pasant\u00eda en la Fiscal\u00eda del Condado de Harris y la tutor\u00eda de destacados profesionales del Derecho de Familia y Penal, lo que contribuye significativamente a su \u00e9xito y a los resultados positivos que consigue para sus clientes. El lema profesional y personal del Sr. Warren siempre ha sido: Haz lo correcto, vive honestamente y trata a la gente como quieres que te traten. Tiene la experiencia vital necesaria para relacionarse personalmente con los clientes con simpat\u00eda y como un defensor atento e implicado.<\/p>\n","protected":false},"excerpt":{"rendered":"<p>Chris Warren, licenciado por la Texas A&amp;M y por la Facultad de Derecho del Sur de Texas, cuenta con m\u00e1s de 22 a\u00f1os de experiencia en litigios ante los tribunales. Licenciado por el Colegio de Abogados del Estado de Texas desde 2002 y autorizado para ejercer la abogac\u00eda en los Tribunales Federales de los Distritos [&hellip;]<\/p>\n","protected":false},"author":22,"featured_media":3276,"parent":0,"menu_order":0,"comment_status":"closed","ping_status":"closed","template":"","meta":{"_acf_changed":false,"footnotes":""},"categories":[],"tags":[],"class_list":["post-3293","page","type-page","status-publish","has-post-thumbnail","hentry"],"acf":[],"_links":{"self":[{"href":"https:\/\/cowboylawgroup.com\/es\/wp-json\/wp\/v2\/pages\/3293","targetHints":{"allow":["GET"]}}],"collection":[{"href":"https:\/\/cowboylawgroup.com\/es\/wp-json\/wp\/v2\/pages"}],"about":[{"href":"https:\/\/cowboylawgroup.com\/es\/wp-json\/wp\/v2\/types\/page"}],"author":[{"embeddable":true,"href":"https:\/\/cowboylawgroup.com\/es\/wp-json\/wp\/v2\/users\/22"}],"replies":[{"embeddable":true,"href":"https:\/\/cowboylawgroup.com\/es\/wp-json\/wp\/v2\/comments?post=3293"}],"version-history":[{"count":1,"href":"https:\/\/cowboylawgroup.com\/es\/wp-json\/wp\/v2\/pages\/3293\/revisions"}],"predecessor-version":[{"id":3299,"href":"https:\/\/cowboylawgroup.com\/es\/wp-json\/wp\/v2\/pages\/3293\/revisions\/3299"}],"wp:featuredmedia":[{"embeddable":true,"href":"https:\/\/cowboylawgroup.com\/es\/wp-json\/wp\/v2\/media\/3276"}],"wp:attachment":[{"href":"https:\/\/cowboylawgroup.com\/es\/wp-json\/wp\/v2\/media?parent=3293"}],"wp:term":[{"taxonomy":"category","embeddable":true,"href":"https:\/\/cowboylawgroup.com\/es\/wp-json\/wp\/v2\/categories?post=3293"},{"taxonomy":"post_tag","embeddable":true,"href":"https:\/\/cowboylawgroup.com\/es\/wp-json\/wp\/v2\/tags?post=3293"}],"curies":[{"name":"wp","href":"https:\/\/api.w.org\/{rel}","templated":true}]}}