{"id":3294,"date":"2024-10-11T11:05:50","date_gmt":"2024-10-11T16:05:50","guid":{"rendered":"https:\/\/cowboylawgroup.com\/j-paxton-adams\/"},"modified":"2024-10-15T10:42:22","modified_gmt":"2024-10-15T15:42:22","slug":"j-paxton-adams","status":"publish","type":"page","link":"https:\/\/cowboylawgroup.com\/es\/j-paxton-adams\/","title":{"rendered":"J. Paxton Adams"},"content":{"rendered":"<p>Aunque ejerce principalmente a lo largo del corredor de la I-45 desde Houston a Dallas, (incluidos los condados de Walker, Madison, Leon y Freestone), el Sr. Adams tambi\u00e9n viaja por todo el este de Texas representando a quienes puedan encontrarse en graves problemas en un lugar desconocido. Paxton se licenci\u00f3 en la Universidad Estatal Sam Houston de Huntsville (Texas), se doctor\u00f3 en Derecho por la Facultad de Derecho de la Universidad de Tulsa (Tulsa, Oklahoma) y obtuvo un m\u00e1ster en Derecho (L.L.M.) en Derecho de la propiedad intelectual por el Franklin Pierce Law Center de Concord (New Hampshire). Paxton ha pasado los \u00faltimos veinte a\u00f1os en los juzgados de todo el Estado de Texas, desde Austin a Athens y desde Centerville a Carthage, representando a numerosos individuos acusados de homicidio(s), posesi\u00f3n o entrega de drogas, homicidio por intoxicaci\u00f3n\/agresi\u00f3n por intoxicaci\u00f3n y, en raras ocasiones, a acusados de delitos relacionados con la propiedad intelectual. Paxton Adams es un abogado que viaja por todo Texas con el fin de proporcionar una representaci\u00f3n celosa y eficaz para sus clientes, mientras que el mantenimiento de una oficina convenientemente situado en Conroe, Texas con el fin de facilitar la comunicaci\u00f3n efectiva entre abogado y cliente y la interacci\u00f3n para los que viven dentro de la Harris y Montgomery County zona.<\/p>\n","protected":false},"excerpt":{"rendered":"<p>Aunque ejerce principalmente a lo largo del corredor de la I-45 desde Houston a Dallas, (incluidos los condados de Walker, Madison, Leon y Freestone), el Sr. Adams tambi\u00e9n viaja por todo el este de Texas representando a quienes puedan encontrarse en graves problemas en un lugar desconocido. Paxton se licenci\u00f3 en la Universidad Estatal Sam [&hellip;]<\/p>\n","protected":false},"author":22,"featured_media":3221,"parent":0,"menu_order":0,"comment_status":"closed","ping_status":"closed","template":"","meta":{"_acf_changed":false,"footnotes":""},"categories":[],"tags":[],"class_list":["post-3294","page","type-page","status-publish","has-post-thumbnail","hentry"],"acf":[],"_links":{"self":[{"href":"https:\/\/cowboylawgroup.com\/es\/wp-json\/wp\/v2\/pages\/3294","targetHints":{"allow":["GET"]}}],"collection":[{"href":"https:\/\/cowboylawgroup.com\/es\/wp-json\/wp\/v2\/pages"}],"about":[{"href":"https:\/\/cowboylawgroup.com\/es\/wp-json\/wp\/v2\/types\/page"}],"author":[{"embeddable":true,"href":"https:\/\/cowboylawgroup.com\/es\/wp-json\/wp\/v2\/users\/22"}],"replies":[{"embeddable":true,"href":"https:\/\/cowboylawgroup.com\/es\/wp-json\/wp\/v2\/comments?post=3294"}],"version-history":[{"count":1,"href":"https:\/\/cowboylawgroup.com\/es\/wp-json\/wp\/v2\/pages\/3294\/revisions"}],"predecessor-version":[{"id":3301,"href":"https:\/\/cowboylawgroup.com\/es\/wp-json\/wp\/v2\/pages\/3294\/revisions\/3301"}],"wp:featuredmedia":[{"embeddable":true,"href":"https:\/\/cowboylawgroup.com\/es\/wp-json\/wp\/v2\/media\/3221"}],"wp:attachment":[{"href":"https:\/\/cowboylawgroup.com\/es\/wp-json\/wp\/v2\/media?parent=3294"}],"wp:term":[{"taxonomy":"category","embeddable":true,"href":"https:\/\/cowboylawgroup.com\/es\/wp-json\/wp\/v2\/categories?post=3294"},{"taxonomy":"post_tag","embeddable":true,"href":"https:\/\/cowboylawgroup.com\/es\/wp-json\/wp\/v2\/tags?post=3294"}],"curies":[{"name":"wp","href":"https:\/\/api.w.org\/{rel}","templated":true}]}}