{"id":3314,"date":"2020-12-08T16:34:54","date_gmt":"2020-12-08T22:34:54","guid":{"rendered":"https:\/\/cowboylawgroup.com\/klein\/"},"modified":"2024-10-16T01:32:46","modified_gmt":"2024-10-16T06:32:46","slug":"klein","status":"publish","type":"page","link":"https:\/\/cowboylawgroup.com\/es\/klein\/","title":{"rendered":"Klein"},"content":{"rendered":"<p>Klein, TX, es una comunidad no incorporada en el condado de Harris, situada aproximadamente a 20 millas al noroeste del centro de Houston. Conocido por su encanto suburbano, Klein ofrece una mezcla de barrios residenciales, escuelas, parques y peque\u00f1as empresas. La comunidad es parte de la gran \u00e1rea de Spring y se beneficia de su proximidad a las principales autopistas como la Grand Parkway y la Interestatal 45, proporcionando un f\u00e1cil acceso a Houston y otras \u00e1reas circundantes. Una de las caracter\u00edsticas notables de Klein es su sistema educativo. Klein Distrito Escolar Independiente (Klein ISD) sirve a la zona y es muy apreciada por su compromiso con la excelencia acad\u00e9mica y programas extracurriculares. El distrito incluye varias escuelas primarias, intermedias y secundarias, que ofrecen s\u00f3lidas oportunidades acad\u00e9micas y deportivas.<a href=\"https:\/\/en.wikipedia.org\/wiki\/Klein,_Texas\" target=\"_blank\" rel=\"noopener\"> Klein <\/a>tambi\u00e9n es conocida por sus espacios verdes e instalaciones recreativas. Meyer Park es un destino popular, que ofrece campos de f\u00fatbol, lagos de pesca, y amplios senderos para caminar. La comunidad pone un gran \u00e9nfasis en las actividades y eventos orientados a la familia, lo que contribuye a crear un ambiente agradable y acogedor. A pesar de su crecimiento, Klein mantiene la sensaci\u00f3n de pueblo peque\u00f1o con negocios locales, restaurantes y eventos comunitarios. Su mezcla de tranquilidad suburbana y la accesibilidad a los servicios urbanos de Houston hace Klein un lugar atractivo para las familias y las personas que buscan un estilo de vida equilibrado.<\/p>\n","protected":false},"excerpt":{"rendered":"<p>Klein, TX, es una comunidad no incorporada en el condado de Harris, situada aproximadamente a 20 millas al noroeste del centro de Houston. Conocido por su encanto suburbano, Klein ofrece una mezcla de barrios residenciales, escuelas, parques y peque\u00f1as empresas. La comunidad es parte de la gran \u00e1rea de Spring y se beneficia de su [&hellip;]<\/p>\n","protected":false},"author":22,"featured_media":3100,"parent":0,"menu_order":0,"comment_status":"closed","ping_status":"closed","template":"","meta":{"_acf_changed":false,"footnotes":""},"categories":[],"tags":[],"class_list":["post-3314","page","type-page","status-publish","has-post-thumbnail","hentry"],"acf":[],"_links":{"self":[{"href":"https:\/\/cowboylawgroup.com\/es\/wp-json\/wp\/v2\/pages\/3314","targetHints":{"allow":["GET"]}}],"collection":[{"href":"https:\/\/cowboylawgroup.com\/es\/wp-json\/wp\/v2\/pages"}],"about":[{"href":"https:\/\/cowboylawgroup.com\/es\/wp-json\/wp\/v2\/types\/page"}],"author":[{"embeddable":true,"href":"https:\/\/cowboylawgroup.com\/es\/wp-json\/wp\/v2\/users\/22"}],"replies":[{"embeddable":true,"href":"https:\/\/cowboylawgroup.com\/es\/wp-json\/wp\/v2\/comments?post=3314"}],"version-history":[{"count":1,"href":"https:\/\/cowboylawgroup.com\/es\/wp-json\/wp\/v2\/pages\/3314\/revisions"}],"predecessor-version":[{"id":3317,"href":"https:\/\/cowboylawgroup.com\/es\/wp-json\/wp\/v2\/pages\/3314\/revisions\/3317"}],"wp:featuredmedia":[{"embeddable":true,"href":"https:\/\/cowboylawgroup.com\/es\/wp-json\/wp\/v2\/media\/3100"}],"wp:attachment":[{"href":"https:\/\/cowboylawgroup.com\/es\/wp-json\/wp\/v2\/media?parent=3314"}],"wp:term":[{"taxonomy":"category","embeddable":true,"href":"https:\/\/cowboylawgroup.com\/es\/wp-json\/wp\/v2\/categories?post=3314"},{"taxonomy":"post_tag","embeddable":true,"href":"https:\/\/cowboylawgroup.com\/es\/wp-json\/wp\/v2\/tags?post=3314"}],"curies":[{"name":"wp","href":"https:\/\/api.w.org\/{rel}","templated":true}]}}