{"id":3337,"date":"2024-07-19T08:13:03","date_gmt":"2024-07-19T13:13:03","guid":{"rendered":"https:\/\/cowboylawgroup.com\/porter\/porter-abogado-de-defensa-criminal\/"},"modified":"2024-10-17T06:07:02","modified_gmt":"2024-10-17T11:07:02","slug":"porter-abogado-de-defensa-criminal","status":"publish","type":"page","link":"https:\/\/cowboylawgroup.com\/es\/porter\/porter-abogado-de-defensa-criminal\/","title":{"rendered":"Porter Abogado de Defensa Criminal"},"content":{"rendered":"<p><strong>\u00bfEnfrentando Cargos Criminales en Porter, TX?<\/strong><\/p>\n<p>Si usted est\u00e1 enfrentando cargos criminales en Porter, TX, es esencial tener un abogado con experiencia en defensa criminal para proteger sus derechos y luchar por su libertad. La representaci\u00f3n legal adecuada puede influir en gran medida el resultado de su caso y asegurar que sus derechos sean defendidos. Ll\u00e1menos hoy al <a href=\"tel:+18323262932\"><i class=\"fa fa-phone-alt\"><\/i>832-326-2932<\/a> para asegurar su futuro.<\/p>\n<h2>Entendiendo la Importancia de un Abogado Criminalista<\/h2>\n<h2>Defensa Penal<\/h2>\n<p><img fetchpriority=\"high\" decoding=\"async\" class=\"alignnone wp-image-2419\" src=\"https:\/\/cowboylawgroup.com\/wp-content\/uploads\/2024\/07\/shutterstock_2408628539.webp\" alt=\"Criminal lawyer speaks before a judge.\" width=\"500\" height=\"308\" srcset=\"https:\/\/cowboylawgroup.com\/wp-content\/uploads\/2024\/07\/shutterstock_2408628539.webp 1000w, https:\/\/cowboylawgroup.com\/wp-content\/uploads\/2024\/07\/shutterstock_2408628539-300x185.webp 300w, https:\/\/cowboylawgroup.com\/wp-content\/uploads\/2024\/07\/shutterstock_2408628539-768x472.webp 768w\" sizes=\"(max-width: 500px) 100vw, 500px\" \/><\/p>\n<p>Cuando se enfrentan a cargos criminales en Porter, TX, es vital reconocer la importancia de contratar a un abogado de defensa criminal experto. El abogado adecuado puede afectar profundamente su caso, dando forma al resultado y su futuro. Un abogado de defensa criminal competente trae el conocimiento y la experiencia necesaria para navegar por las complejidades del sistema de justicia penal con eficacia. Est\u00e1n bien versados en derecho penal y proporcionan orientaci\u00f3n experta durante todo el proceso. Esto incluye la investigaci\u00f3n de su caso a fondo, la recopilaci\u00f3n de pruebas, entrevistas a testigos, y la elaboraci\u00f3n de una estrategia de defensa adaptada a sus necesidades espec\u00edficas. Adem\u00e1s, un abogado defensor experimentado entiende las t\u00e1cticas de la fiscal\u00eda y puede anticipar sus movimientos. Salvaguardar\u00e1n sus derechos, impugnar\u00e1n cualquier prueba obtenida ilegalmente y se asegurar\u00e1n de que reciba un trato justo en todas las fases de su caso. Su experiencia se extiende a las negociaciones de los cargos y la defensa en el juicio, esforz\u00e1ndose por obtener el mejor resultado posible para usted. En \u00faltima instancia, la comprensi\u00f3n del valor de un abogado de defensa criminal experto es crucial para proteger sus derechos y lograr una resoluci\u00f3n favorable del caso.<\/p>\n<h2>Nuestros Servicios<\/h2>\n<p><img decoding=\"async\" class=\"alignnone wp-image-2096\" src=\"https:\/\/cowboylawgroup.com\/wp-content\/uploads\/2024\/07\/shutterstock_1169300539.webp\" alt=\"A Cowboy Law Group attorney visits with a client in prison\" width=\"500\" height=\"282\" srcset=\"https:\/\/cowboylawgroup.com\/wp-content\/uploads\/2024\/07\/shutterstock_1169300539.webp 1000w, https:\/\/cowboylawgroup.com\/wp-content\/uploads\/2024\/07\/shutterstock_1169300539-300x169.webp 300w, https:\/\/cowboylawgroup.com\/wp-content\/uploads\/2024\/07\/shutterstock_1169300539-768x432.webp 768w\" sizes=\"(max-width: 500px) 100vw, 500px\" \/><\/p>\n<h3>Delitos de Drogas<\/h3>\n<p>En Cowboy Law Group, reconocemos las serias implicaciones de los cargos por delitos de drogas. Nuestros abogados experimentados est\u00e1n comprometidos a defender a los clientes acusados de delitos de drogas como posesi\u00f3n, distribuci\u00f3n y tr\u00e1fico. Revisamos cuidadosamente cada caso, examinando las pruebas en busca de inconsistencias o violaciones de derechos. Nuestro objetivo es crear una fuerte defensa adaptada a su caso, ya se trate de impugnar la legalidad de un registro, cuestionar la credibilidad de los testigos, o la negociaci\u00f3n de cargos reducidos. Confie en Cowboy Law Group para proporcionarle la representacion agresiva y bien informada necesaria para proteger su futuro.<\/p>\n<h3>Cargos por armas<\/h3>\n<p>Tratar con cargos de armas puede ser intimidante, pero Cowboy Law Group esta aqui para ofrecer una defensa legal experta. Nuestros abogados son conocedores de las leyes de armas de Texas y tienen un historial de \u00e9xito en la defensa de los clientes contra los delitos relacionados con armas de fuego. Tanto si se enfrenta a cargos por posesi\u00f3n ilegal, descarga ilegal o uso de un arma de fuego en un delito, investigaremos a fondo su caso. Trabajamos diligentemente para desafiar cualquier acci\u00f3n ilegal por parte de la polic\u00eda y asegurar que sus derechos sean respetados. Con Cowboy Law Group de su lado, usted recibira una defensa comprensiva y efectiva.<\/p>\n<h3>Defensa de Asesinato<\/h3>\n<p>Cowboy Law Group proporciona servicios de defensa s\u00f3lidos para los clientes que se enfrentan a la grave acusaci\u00f3n de asesinato. Nuestros experimentados abogados aportan una amplia experiencia y un profundo conocimiento de las complejidades jur\u00eddicas de los casos de asesinato. Llevamos a cabo investigaciones exhaustivas, reunimos pruebas y trabajamos con expertos para construir una defensa poderosa. Nuestro equipo es experto en la identificaci\u00f3n de debilidades en el caso de la fiscal\u00eda, ya sea en relaci\u00f3n con las pruebas forenses, el testimonio de testigos, o errores de procedimiento. Estamos comprometidos a proteger sus derechos y luchar por el mejor resultado, asegurando un juicio justo y una defensa fuerte.<\/p>\n<h3>Defensa de Asalto<\/h3>\n<p>\u00bfAcusado de asalto? Es esencial contar con un abogado defensor bien informado. Cowboy Law Group se especializa en defender a clientes contra varios cargos de asalto, desde asalto simple hasta asalto agravado. Nuestros abogados entienden las leyes de asalto de Texas y son expertos en la identificaci\u00f3n de estrategias de defensa eficaces para cada caso. Revisamos las pruebas, entrevistamos a los testigos y exploramos posibles reclamaciones de autodefensa o errores de procedimiento. Nuestro compromiso es proteger sus derechos y lograr el resultado m\u00e1s favorable, ya sea a trav\u00e9s de la negociaci\u00f3n o el juicio.<\/p>\n<h3>Cargos por robo<\/h3>\n<p>Enfrentarse a cargos por robo puede ser abrumador. Cowboy Law Group ofrece apoyo experto y defensa legal adaptada a su situaci\u00f3n. Nuestros abogados tienen una amplia experiencia en el manejo de casos de robo y se dedican a la elaboraci\u00f3n de una estrategia de defensa espec\u00edfica para su caso. Investigamos a fondo el incidente, examinamos las pruebas e identificamos cualquier punto d\u00e9bil o violaci\u00f3n de derechos. Ya sea negociando cargos reducidos o luchando por su inocencia en la corte, Cowboy Law Group se compromete a lograr el mejor resultado para usted.<\/p>\n<h3>Defensa de Robo<\/h3>\n<p>Si se enfrenta a cargos por robo, Cowboy Law Group est\u00e1 preparado para proporcionarle la defensa rigurosa que necesita. Nuestros abogados expertos han defendido con \u00e9xito a clientes contra varios cargos relacionados con el robo, incluyendo hurto, hurto mayor y malversaci\u00f3n. Examinamos la evidencia meticulosamente, desafiamos errores procesales, y exploramos todas las defensas posibles para construir un caso fuerte. Nuestro objetivo es proteger sus derechos y reputaci\u00f3n, buscando el mejor resultado, ya sea a trav\u00e9s de un acuerdo favorable o una defensa agresiva en la corte. Conf\u00ede en Cowboy Law Group para abogar por usted en casos de robo.<\/p>\n<h3>Defensa de DWI<\/h3>\n<p>Un cargo de DWI puede tener consecuencias severas. Cowboy Law Group esta aqui para defender sus derechos y minimizar el impacto en su vida. Nuestros abogados son altamente calificados en el manejo de casos de DWI y entender los matices de las leyes de Texas DWI. Analizamos las circunstancias de su detenci\u00f3n, incluida la legalidad de la parada de tr\u00e1fico y la exactitud de la alcoholemia. Nuestras estrategias de defensa pueden incluir la impugnacion de pruebas, la negociacion de cargos reducidos, o la exploracion de opciones alternativas de sentencia. Con Cowboy Law Group, usted tendra un abogado dedicado trabajando incansablemente para el mejor resultado en su caso de DWI.<\/p>\n<p><a href=\"\/es\/porter\/porter-abogado-de-defensa-de-menores\/\">\u00bfNecesita un abogado de defensa juvenil en Porter, TX?<\/a><\/p>\n<h2>Elegir el abogado de defensa criminal adecuado para su caso en Porter, TX<\/h2>\n<p><img decoding=\"async\" class=\"alignnone wp-image-2418\" src=\"https:\/\/cowboylawgroup.com\/wp-content\/uploads\/2024\/07\/shutterstock_2056444907.webp\" alt=\"Porter, TX criminal defense lawyer speak to a jury during trial\" width=\"500\" height=\"282\" srcset=\"https:\/\/cowboylawgroup.com\/wp-content\/uploads\/2024\/07\/shutterstock_2056444907.webp 1000w, https:\/\/cowboylawgroup.com\/wp-content\/uploads\/2024\/07\/shutterstock_2056444907-300x169.webp 300w, https:\/\/cowboylawgroup.com\/wp-content\/uploads\/2024\/07\/shutterstock_2056444907-768x432.webp 768w\" sizes=\"(max-width: 500px) 100vw, 500px\" \/><\/p>\n<p>La selecci\u00f3n de la representaci\u00f3n legal adecuada para su defensa penal es crucial y puede afectar significativamente el resultado de su caso. En Porter, TX, Cowboy Law Group es una opci\u00f3n superior para aquellos que buscan la defensa penal especializada. Nuestra empresa combina la experiencia jur\u00eddica profunda con un fuerte compromiso con la defensa de los clientes contra cargos criminales.<\/p>\n<h3>La experiencia es esencial<\/h3>\n<p>En Cowboy Law Group, la experiencia es una piedra angular de nuestra pr\u00e1ctica. Nuestros abogados tienen un historial probado de manejo de casos similares al suyo, con un profundo conocimiento del sistema legal y las complejidades del derecho penal.<\/p>\n<h3>La especializaci\u00f3n importa<\/h3>\n<p>A diferencia de los abogados generalistas, nuestros abogados se centran exclusivamente en el derecho penal. Esta especializaci\u00f3n nos dota de las estrategias espec\u00edficas y conocimientos necesarios para construir una s\u00f3lida defensa adaptada a su situaci\u00f3n.<\/p>\n<h3>Comunicaci\u00f3n y confianza<\/h3>\n<p>Damos prioridad a la comunicaci\u00f3n clara y a la confianza. Nuestro enfoque garantiza que los conceptos jur\u00eddicos complejos se expliquen con claridad, y le mantenemos informado a lo largo de su caso. Su comprensi\u00f3n y participaci\u00f3n son cruciales para nosotros.<\/p>\n<h3>Consultas iniciales<\/h3>\n<p>Ofrecemos consultas iniciales para demostrar nuestra profesionalidad y dedicaci\u00f3n. Esta reuni\u00f3n le permite evaluar nuestro ajuste a sus necesidades y objetivos. Elegir a Cowboy Law Group significa elegir a un equipo comprometido a lograr el mejor resultado posible para su caso. Con nuestra experiencia y enfoque personalizado, usted puede navegar con confianza sus desaf\u00edos legales.<\/p>\n<h2>Explorando el panorama legal en Porter, TX<\/h2>\n<p>Porter, TX cuenta con un panorama jur\u00eddico din\u00e1mico con varias opciones para aquellos que necesitan servicios de defensa penal. Abogados de defensa criminal calificados y abogados est\u00e1n disponibles, asegurando que los residentes tengan acceso a una representaci\u00f3n legal de calidad. Los abogados defensores privados, como los de Cowboy Law Group, proporcionan servicios legales dedicados para aquellos que los contratan. Nuestra empresa est\u00e1 bien considerado en Porter para el manejo de una amplia gama de casos penales. Otros abogados defensores de renombre en la zona tambi\u00e9n se especializan en diferentes aspectos del derecho penal, proporcionando a los clientes opciones que se adapten a sus necesidades espec\u00edficas. La comunidad legal en Porter est\u00e1 comprometida con la justicia y la salvaguardia de los derechos de las personas que enfrentan cargos criminales. Ya se trate de delitos de drogas, asalto, o delitos de cuello blanco, los profesionales de Cowboy Law Group est\u00e1n bien preparados para manejar diversos casos. Nuestro amplio conocimiento de las leyes locales y los procedimientos judiciales nos permite ofrecer una valiosa orientaci\u00f3n y apoyo durante todo el proceso legal.<\/p>\n<h2>Defendiendo sus derechos: El papel de un abogado de defensa criminal en Porter, TX<\/h2>\n<p><img loading=\"lazy\" decoding=\"async\" class=\"alignnone wp-image-2082\" src=\"https:\/\/cowboylawgroup.com\/wp-content\/uploads\/2024\/07\/shutterstock_1084256345.webp\" alt=\"criminal law defense in Porter, TX\" width=\"500\" height=\"282\" srcset=\"https:\/\/cowboylawgroup.com\/wp-content\/uploads\/2024\/07\/shutterstock_1084256345.webp 1000w, https:\/\/cowboylawgroup.com\/wp-content\/uploads\/2024\/07\/shutterstock_1084256345-300x169.webp 300w, https:\/\/cowboylawgroup.com\/wp-content\/uploads\/2024\/07\/shutterstock_1084256345-768x433.webp 768w\" sizes=\"(max-width: 500px) 100vw, 500px\" \/><\/p>\n<p>Cuando se enfrenta a cargos criminales en Porter, TX, es vital tener un abogado defensor h\u00e1bil y experimentado a su lado. El papel de un abogado defensor se extiende m\u00e1s all\u00e1 de la representaci\u00f3n en la sala del tribunal. Son cruciales en la protecci\u00f3n de los derechos de las personas acusadas de delitos. Un abogado defensor de Porter entiende las complejidades del sistema legal y trabaja diligentemente para salvaguardar sus derechos durante todo el proceso legal. Desde la investigaci\u00f3n inicial hasta las negociaciones o el juicio, un abogado defensor asegura un trato justo y una estrategia de defensa fuerte. Revisar\u00e1n las pruebas, impugnar\u00e1n cualquier violaci\u00f3n de los derechos constitucionales y tratar\u00e1n de suprimir las pruebas obtenidas ilegalmente. Adem\u00e1s, entrevistar\u00e1n a los testigos, reunir\u00e1n testimonios de expertos si es necesario, y construir\u00e1n un caso convincente a su favor. Tambi\u00e9n abogar\u00e1n por usted durante los procedimientos judiciales, interrogar\u00e1n a los testigos y presentar\u00e1n argumentos para apoyar su inocencia o mitigar los cargos. Su objetivo es asegurar el mejor resultado posible, ya sea a trav\u00e9s de la desestimaci\u00f3n del caso, la reducci\u00f3n de cargos, o una absoluci\u00f3n. Al proporcionar orientaci\u00f3n experta y apoyo inquebrantable, un abogado defensor de Porter juega un papel cr\u00edtico en la defensa de los derechos e intereses de los acusados de delitos penales.<\/p>\n<h2>Las cualidades que debe buscar en un abogado penalista en Porter, TX<\/h2>\n<p>Al elegir un abogado penalista en Porter, TX, Cowboy Law Group ofrece cualidades excepcionales que pueden afectar en gran medida el resultado de su caso. La experiencia es vital. Nuestro equipo tiene un historial probado en el manejo de casos de defensa penal, incluidos los similares a los suyos. Navegamos las complejidades del sistema legal con amplio conocimiento y experiencia. Comunicaci\u00f3n excepcional es fundamental para nuestra pr\u00e1ctica. Nos aseguramos de que usted entienda completamente el proceso legal, sus opciones, y los resultados potenciales, haciendo conceptos legales complejos accesibles y claros. La capacidad de respuesta y la accesibilidad son la clave de nuestra atenci\u00f3n al cliente. Devolvemos r\u00e1pidamente las llamadas y correos electr\u00f3nicos, manteni\u00e9ndole apoyado e informado a lo largo de su caso. La confianza es crucial. En Cowboy Law Group, construimos relaciones basadas en la confianza y la confidencialidad, asegurando que la informaci\u00f3n sensible se maneja con el m\u00e1ximo cuidado. La atenci\u00f3n al detalle es nuestro sello distintivo. Examinamos meticulosamente las pruebas e identificamos cualquier punto d\u00e9bil en el caso de la acusaci\u00f3n, sin dejar piedra sin remover en la construcci\u00f3n de su defensa. Elegir a Cowboy Law Group significa asegurar un equipo de defensa criminal dedicado y experto comprometido a proteger sus derechos y lograr el mejor resultado posible para su caso. Con nuestra experiencia y enfoque personalizado, puede abordar con confianza sus desaf\u00edos legales.<\/p>\n<h2>Conceptos err\u00f3neos comunes acerca de los abogados de defensa criminal<\/h2>\n<p><img loading=\"lazy\" decoding=\"async\" class=\"alignnone wp-image-2416\" src=\"https:\/\/cowboylawgroup.com\/wp-content\/uploads\/2024\/07\/shutterstock_1837011781.webp\" alt=\"Porter, TX criminal defense law firm\" width=\"500\" height=\"317\" srcset=\"https:\/\/cowboylawgroup.com\/wp-content\/uploads\/2024\/07\/shutterstock_1837011781.webp 1000w, https:\/\/cowboylawgroup.com\/wp-content\/uploads\/2024\/07\/shutterstock_1837011781-300x190.webp 300w, https:\/\/cowboylawgroup.com\/wp-content\/uploads\/2024\/07\/shutterstock_1837011781-768x486.webp 768w\" sizes=\"(max-width: 500px) 100vw, 500px\" \/><\/p>\n<p>Un error com\u00fan acerca de los abogados de defensa criminal es que s\u00f3lo defienden a individuos culpables. Esta creencia se deriva de la suposici\u00f3n de que una acusaci\u00f3n implica culpabilidad. Sin embargo, todo el mundo tiene derecho a representaci\u00f3n legal, independientemente de su culpabilidad o inocencia. Los honorarios legales por contratar a un abogado penalista var\u00edan en funci\u00f3n de factores como la experiencia del abogado, los acuerdos de facturaci\u00f3n y la ubicaci\u00f3n. El papel principal de un abogado experto es proteger los derechos de su cliente y garantizar un juicio justo. Otro concepto err\u00f3neo es que los abogados defensores s\u00f3lo se centran en ganar casos, independientemente de la verdad. En realidad, los abogados defensores est\u00e1n comprometidos con la b\u00fasqueda de la justicia y la defensa de los principios legales. Investigan las pruebas a fondo, cuestionan las incoherencias y trabajan diligentemente para presentar una defensa s\u00f3lida. Algunos creen que contratar a un abogado de defensa criminal es una p\u00e9rdida de dinero y que la auto-representaci\u00f3n es suficiente. Sin embargo, navegar por el complejo sistema legal requiere amplios conocimientos y experiencia que s\u00f3lo un abogado capacitado puede proporcionar. Representarse a s\u00ed mismo puede conducir a dificultades significativas, tales como omitir pasos legales cruciales o no presentar una defensa efectiva. Es crucial que las personas que se enfrentan a cargos penales reconozcan la importancia de contar con un abogado penalista cualificado que proteja sus derechos y abogue por sus intereses.<\/p>\n<h2>Hable con un Abogado de Defensa Criminal de Cowboy Law Group Hoy<\/h2>\n<p>Si se enfrenta a cargos penales en Porter, TX, p\u00f3ngase en contacto con Cowboy Law Group hoy en <a href=\"tel:+18323262932\"><i class=\"fa fa-phone-alt\"><\/i>832-326-2932<\/a> para la representaci\u00f3n legal de expertos. Nuestros experimentados abogados de defensa criminal proteger\u00e1n sus derechos y construir\u00e1n una fuerte defensa. Con un amplio conocimiento de las leyes penales de Texas y un historial de \u00e9xito, manejamos casos de delitos de drogas a DUI y asalto. No enfrente este tiempo desafiante solo-hable con un abogado de Cowboy Law Group hoy. Ofrecemos consultas r\u00e1pidas para discutir su caso y opciones legales. Llame ahora para proteger su libertad y mejorar sus posibilidades de un resultado favorable.<\/p>\n","protected":false},"excerpt":{"rendered":"<p>\u00bfEnfrentando Cargos Criminales en Porter, TX? Si usted est\u00e1 enfrentando cargos criminales en Porter, TX, es esencial tener un abogado con experiencia en defensa criminal para proteger sus derechos y luchar por su libertad. La representaci\u00f3n legal adecuada puede influir en gran medida el resultado de su caso y asegurar que sus derechos sean defendidos. [&hellip;]<\/p>\n","protected":false},"author":22,"featured_media":0,"parent":3334,"menu_order":0,"comment_status":"closed","ping_status":"closed","template":"","meta":{"_acf_changed":false,"footnotes":""},"categories":[],"tags":[],"class_list":["post-3337","page","type-page","status-publish","hentry"],"acf":[],"_links":{"self":[{"href":"https:\/\/cowboylawgroup.com\/es\/wp-json\/wp\/v2\/pages\/3337","targetHints":{"allow":["GET"]}}],"collection":[{"href":"https:\/\/cowboylawgroup.com\/es\/wp-json\/wp\/v2\/pages"}],"about":[{"href":"https:\/\/cowboylawgroup.com\/es\/wp-json\/wp\/v2\/types\/page"}],"author":[{"embeddable":true,"href":"https:\/\/cowboylawgroup.com\/es\/wp-json\/wp\/v2\/users\/22"}],"replies":[{"embeddable":true,"href":"https:\/\/cowboylawgroup.com\/es\/wp-json\/wp\/v2\/comments?post=3337"}],"version-history":[{"count":3,"href":"https:\/\/cowboylawgroup.com\/es\/wp-json\/wp\/v2\/pages\/3337\/revisions"}],"predecessor-version":[{"id":3343,"href":"https:\/\/cowboylawgroup.com\/es\/wp-json\/wp\/v2\/pages\/3337\/revisions\/3343"}],"up":[{"embeddable":true,"href":"https:\/\/cowboylawgroup.com\/es\/wp-json\/wp\/v2\/pages\/3334"}],"wp:attachment":[{"href":"https:\/\/cowboylawgroup.com\/es\/wp-json\/wp\/v2\/media?parent=3337"}],"wp:term":[{"taxonomy":"category","embeddable":true,"href":"https:\/\/cowboylawgroup.com\/es\/wp-json\/wp\/v2\/categories?post=3337"},{"taxonomy":"post_tag","embeddable":true,"href":"https:\/\/cowboylawgroup.com\/es\/wp-json\/wp\/v2\/tags?post=3337"}],"curies":[{"name":"wp","href":"https:\/\/api.w.org\/{rel}","templated":true}]}}