{"id":3340,"date":"2024-07-19T08:13:32","date_gmt":"2024-07-19T13:13:32","guid":{"rendered":"https:\/\/cowboylawgroup.com\/porter\/porter-abogado-de-defensa-de-menores\/"},"modified":"2024-10-17T06:06:34","modified_gmt":"2024-10-17T11:06:34","slug":"porter-abogado-de-defensa-de-menores","status":"publish","type":"page","link":"https:\/\/cowboylawgroup.com\/es\/porter\/porter-abogado-de-defensa-de-menores\/","title":{"rendered":"Porter Abogado de Defensa de Menores"},"content":{"rendered":"<p><strong>\u00bfEst\u00e1 enfrentando cargos penales juveniles en Porter, TX?<\/strong><\/p>\n<p>Si su hijo est\u00e1 enfrentando cargos criminales juveniles en Porter, TX, tener un abogado de defensa juvenil calificado a su lado es esencial para salvaguardar sus derechos y su futuro. Un abogado experto puede ser fundamental para proteger el futuro de su hijo. Ll\u00e1menos hoy al <a href=\"tel:+18323262932\"><i class=\"fa fa-phone-alt\"><\/i>832-326-2932<\/a> para asegurar que los derechos de su hijo est\u00e1n protegidos.<\/p>\n<h2>Entendiendo la Importancia de un Abogado Penal Juvenil Calificado<\/h2>\n<p><img fetchpriority=\"high\" decoding=\"async\" class=\"alignnone wp-image-2501\" src=\"https:\/\/cowboylawgroup.com\/wp-content\/uploads\/2024\/07\/shutterstock_1433466863.webp\" alt=\"A juvenile man stands for a mugshot\" width=\"500\" height=\"282\" srcset=\"https:\/\/cowboylawgroup.com\/wp-content\/uploads\/2024\/07\/shutterstock_1433466863.webp 1000w, https:\/\/cowboylawgroup.com\/wp-content\/uploads\/2024\/07\/shutterstock_1433466863-300x169.webp 300w, https:\/\/cowboylawgroup.com\/wp-content\/uploads\/2024\/07\/shutterstock_1433466863-768x432.webp 768w\" sizes=\"(max-width: 500px) 100vw, 500px\" \/><\/p>\n<p>Cuando se enfrenta a cargos penales juveniles en Porter, TX, reconocer la importancia de contratar a un abogado penal juvenil con experiencia es crucial. El resultado del caso de su hijo puede afectar profundamente su vida, y la representaci\u00f3n legal adecuada es clave. Un abogado penal juvenil competente trae el conocimiento, la experiencia y la pericia necesaria para navegar por el intrincado sistema de justicia juvenil. Est\u00e1n bien versados en derecho de menores y proporcionan asesoramiento experto y orientaci\u00f3n durante todo el proceso. Investigan a fondo el caso, re\u00fanen pruebas, entrevistan a testigos y desarrollan una s\u00f3lida estrategia de defensa adaptada a la situaci\u00f3n espec\u00edfica de su hijo. Adem\u00e1s, un abogado penalista de menores experto entiende las t\u00e1cticas utilizadas por los fiscales y las fuerzas del orden y puede anticipar sus estrategias. Protegen los derechos de su hijo, impugnan cualquier prueba obtenida ilegalmente y garantizan un trato justo en todas las fases del caso. Su experiencia incluye negociaciones y defensa en juicios, esforz\u00e1ndose por obtener el mejor resultado posible para su hijo.<\/p>\n<h2>Nuestros Servicios de Defensa de Menores<\/h2>\n<p><img decoding=\"async\" class=\"alignnone wp-image-2023\" src=\"https:\/\/cowboylawgroup.com\/wp-content\/uploads\/2024\/07\/shutterstock_2157875575.webp\" alt=\"An officer finds marijuana on a juvenile male\" width=\"500\" height=\"310\" srcset=\"https:\/\/cowboylawgroup.com\/wp-content\/uploads\/2024\/07\/shutterstock_2157875575.webp 1000w, https:\/\/cowboylawgroup.com\/wp-content\/uploads\/2024\/07\/shutterstock_2157875575-300x186.webp 300w, https:\/\/cowboylawgroup.com\/wp-content\/uploads\/2024\/07\/shutterstock_2157875575-768x476.webp 768w\" sizes=\"(max-width: 500px) 100vw, 500px\" \/><\/p>\n<p>Delitos de Drogas<\/p>\n<p>En Cowboy Law Group, reconocemos las graves consecuencias que pueden acarrear los cargos juveniles por delitos de drogas. Nuestros experimentados abogados se dedican a defender a menores acusados de varios delitos de drogas, incluyendo posesi\u00f3n, distribuci\u00f3n y tr\u00e1fico. Analizamos meticulosamente cada caso en busca de incoherencias o violaciones de derechos, desarrollando una s\u00f3lida estrategia de defensa adaptada a la situaci\u00f3n de su hijo y garantizando que sus derechos y su futuro queden salvaguardados.<\/p>\n<p>Cargos por armas de fuego<\/p>\n<p>Enfrentarse a cargos por armas de fuego siendo menor de edad puede ser desalentador, pero Cowboy Law Group est\u00e1 aqu\u00ed para proporcionar una defensa legal experta. Nuestros abogados estan bien versados en las leyes de armas de Texas y tienen un historial probado en la defensa de los menores contra los delitos relacionados con armas de fuego. Si su hijo es acusado de posesion ilegal, descarga ilegal, o el uso de un arma de fuego en un delito, investigamos a fondo el caso. Trabajamos diligentemente para impugnar cualquier acci\u00f3n ilegal de las fuerzas del orden y garantizar que se respeten los derechos de su hijo. Con Cowboy Law Group, usted puede esperar una defensa comprensiva y efectiva.<\/p>\n<p>Defensa de Asesinato<\/p>\n<p>Cowboy Law Group ofrece servicios de defensa s\u00f3lidos para los menores que enfrentan los cargos m\u00e1s graves: asesinato. Nuestros experimentados abogados de defensa penal tienen una amplia experiencia y un profundo conocimiento de las complejidades jur\u00eddicas en los casos de asesinato de menores. Llevamos a cabo investigaciones exhaustivas, reunimos pruebas y trabajamos con expertos para construir una defensa s\u00f3lida. Nuestro equipo est\u00e1 capacitado para identificar las debilidades en el caso de la fiscal\u00eda, ya sea que se trate de pruebas forenses, testimonios de testigos o errores de procedimiento. Estamos comprometidos a proteger los derechos de su hijo y luchar por el mejor resultado posible, asegurando que reciban un juicio justo y una defensa poderosa.<\/p>\n<p>Defensa de Asalto<\/p>\n<p>Cuando un menor es acusado de asalto, tener un abogado defensor bien informado y dedicado es crucial. En Cowboy Law Group, nos especializamos en la defensa de menores contra una amplia gama de cargos de asalto, desde asalto simple hasta asalto agravado. Nuestros abogados entienden las leyes de asalto de Texas y son expertos en la identificaci\u00f3n de las mejores estrategias de defensa para cada caso \u00fanico. Revisamos meticulosamente todas las pruebas, entrevistamos a los testigos, y exploramos cualquier posible reclamo de autodefensa o errores de procedimiento. Nuestro compromiso es salvaguardar los derechos de su hijo y lograr el resultado m\u00e1s favorable posible, ya sea a trav\u00e9s de la negociaci\u00f3n o el juicio.<\/p>\n<p>Cargos por robo<\/p>\n<p>Enfrentarse a cargos por robo siendo menor de edad puede ser abrumador, pero Cowboy Law Group est\u00e1 aqu\u00ed para ofrecer un apoyo firme y una defensa legal experta. Nuestros abogados tienen una amplia experiencia en el manejo de casos de robo de menores y se dedican a la elaboraci\u00f3n de una estrategia de defensa adaptada a las circunstancias espec\u00edficas de su hijo. Investigamos a fondo el incidente, escudri\u00f1amos la evidencia, y buscamos cualquier debilidad o violaci\u00f3n de derechos. Ya sea negociando para reducir los cargos o luchando por su inocencia en la corte, Cowboy Law Group se compromete a proteger los derechos de su hijo y lograr el mejor resultado posible.<\/p>\n<p>Defensa de Robo<\/p>\n<p>Si su hijo se enfrenta a cargos por robo, Cowboy Law Group est\u00e1 preparado para proporcionarle una defensa rigurosa. Nuestros experimentados abogados defensores de menores han defendido con \u00e9xito a clientes contra diversos cargos relacionados con el robo, incluyendo hurto, hurto mayor y malversaci\u00f3n. Examinamos cuidadosamente la evidencia, desafiamos cualquier error de procedimiento, y exploramos todas las defensas posibles para construir un caso fuerte. Nuestro objetivo es proteger los derechos y la reputaci\u00f3n de su hijo, esforz\u00e1ndonos por obtener el mejor resultado posible, ya sea mediante negociaci\u00f3n o juicio. Confie en Cowboy Law Group para ser su defensor frente a cargos de robo.<\/p>\n<h3>Defensa de DWI<\/h3>\n<p>Un cargo de DWI puede tener serias repercusiones para un menor, pero Cowboy Law Group esta aqui para defender los derechos de su hijo y mitigar el impacto en su vida. Nuestros abogados estan altamente cualificados en el manejo de casos de DWI de menores y estan bien versados en los matices de las leyes de Texas DWI de menores de edad. Llevamos a cabo un an\u00e1lisis exhaustivo de las circunstancias que rodearon la detenci\u00f3n, incluida la legalidad de la parada de tr\u00e1fico y la exactitud de las pruebas de alcoholemia. Nuestras estrategias de defensa pueden incluir la impugnacion de las pruebas, la negociacion de cargos reducidos, o la busqueda de opciones alternativas de sentencia. Con Cowboy Law Group, su hijo tendra un abogado de defensa criminal dedicado y con experiencia trabajando incansablemente para lograr el mejor resultado posible para su caso de DWI.<\/p>\n<h2>Eligiendo el Abogado de Defensa Criminal Juvenil Correcto Para Su Caso<\/h2>\n<div class=\"flex-shrink-0 flex flex-col relative items-end\">\n<div>\n<div class=\"pt-0\">\n<div class=\"gizmo-bot-avatar flex h-8 w-8 items-center justify-center overflow-hidden rounded-full\">\n<p><img decoding=\"async\" class=\"alignnone wp-image-2046\" src=\"https:\/\/cowboylawgroup.com\/wp-content\/uploads\/2020\/12\/criminal-defense-hp-copy.webp\" alt=\"Juvenile defense law firm in Porter, TX\" width=\"500\" height=\"357\" srcset=\"https:\/\/cowboylawgroup.com\/wp-content\/uploads\/2020\/12\/criminal-defense-hp-copy.webp 700w, https:\/\/cowboylawgroup.com\/wp-content\/uploads\/2020\/12\/criminal-defense-hp-copy-300x214.webp 300w\" sizes=\"(max-width: 500px) 100vw, 500px\" \/><\/p>\n<\/div>\n<\/div>\n<\/div>\n<\/div>\n<div class=\"group\/conversation-turn relative flex w-full min-w-0 flex-col agent-turn\">\n<div class=\"flex-col gap-1 md:gap-3\">\n<div class=\"flex flex-grow flex-col max-w-full\">\n<div class=\"min-h-[20px] text-message flex w-full flex-col items-end gap-2 whitespace-pre-wrap break-words [.text-message+&amp;]:mt-5 overflow-x-auto\" dir=\"auto\" data-message-author-role=\"assistant\" data-message-id=\"004023e2-5307-4bc3-8634-7df4860646db\">\n<div class=\"flex w-full flex-col gap-1 empty:hidden first:pt-[3px]\">\n<div class=\"markdown prose w-full break-words dark:prose-invert dark\">\n<p>La selecci\u00f3n de la asesor\u00eda jur\u00eddica adecuada para la defensa penal de su menor es crucial y puede influir en gran medida el resultado de su caso. En Porter, TX, Cowboy Law Group es una opci\u00f3n l\u00edder para la defensa penal de menores. Nuestra empresa combina experiencia y dedicaci\u00f3n a la defensa de menores contra cargos criminales. La experiencia es el n\u00facleo de nuestra pr\u00e1ctica. Nuestros abogados tienen un historial probado en el manejo de casos de menores similares a la suya, con un profundo conocimiento del sistema jur\u00eddico de menores y las complejidades del derecho penal. La especializaci\u00f3n es clave. A diferencia de los abogados generalistas, nuestros abogados dedicados a la defensa penal de menores se centran exclusivamente en el derecho penal de menores. Esta especializaci\u00f3n nos dota de las estrategias y t\u00e1cticas espec\u00edficas necesarias para construir una defensa s\u00f3lida adaptada a la situaci\u00f3n de su hijo. La comunicaci\u00f3n y la confianza son parte integral de nuestro enfoque. Nos aseguramos de que los conceptos legales complejos se explican con claridad y le mantenemos informado durante todo el caso. Su comprensi\u00f3n y participaci\u00f3n son primordiales para nosotros. Las consultas iniciales son una oportunidad para experimentar nuestra profesionalidad y dedicaci\u00f3n de primera mano. Le animamos a reunirse con nosotros para evaluar nuestra compatibilidad con sus necesidades y objetivos. Elegir a Cowboy Law Group significa elegir a un equipo dedicado a asegurar el mejor resultado posible para el caso de su hijo. Con nuestra experiencia y enfoque personalizado, usted puede navegar con confianza la batalla legal de su hijo.<\/p>\n<h2>Explorando el Paisaje Legal en Porter, TX<\/h2>\n<p>Porter, TX cuenta con un paisaje legal vibrante que ofrece una gama de opciones para las personas que necesitan servicios de defensa penal juvenil. Con la presencia de abogados penalistas juveniles, los residentes pueden estar seguros de que tienen acceso a una representaci\u00f3n legal de calidad. Los abogados defensores privados son empleados por bufetes de abogados privados, y los acusados que los contratan pagan por sus propios servicios legales. Cowboy Law Group es un bufete de abogados prominente en la zona, conocido por su experiencia en el manejo de diversos casos penales juveniles. Adem\u00e1s, hay varios otros abogados defensores de buena reputaci\u00f3n en Porter que se especializan en diferentes \u00e1reas del derecho penal juvenil, asegurando que los clientes puedan encontrar el abogado adecuado para satisfacer sus necesidades espec\u00edficas. El panorama jur\u00eddico en Porter se caracteriza por un compromiso con la defensa de la justicia y la protecci\u00f3n de los derechos de los menores que enfrentan cargos criminales. Ya se trate de la defensa contra los delitos de drogas, cargos de asalto, o delitos de robo, los profesionales del derecho en Cowboy Law Group est\u00e1n bien equipados para manejar una amplia gama de casos de menores. Adem\u00e1s, con su amplio conocimiento de las leyes locales y los procedimientos judiciales, estos abogados defensores pueden proporcionar una valiosa orientaci\u00f3n y apoyo durante todo el proceso legal. Al explorar el panorama jur\u00eddico en Porter, las personas que enfrentan cargos penales juveniles pueden encontrar consuelo en saber que tienen acceso a profesionales del derecho competentes y experimentados que luchar\u00e1n diligentemente para proteger sus derechos y asegurar el mejor resultado posible para su caso.<\/p>\n<h2>Defendiendo sus derechos: El Papel de un Abogado de Defensa Penal Juvenil en Porter<\/h2>\n<p><img loading=\"lazy\" decoding=\"async\" class=\"alignnone wp-image-2466 size-full\" src=\"https:\/\/cowboylawgroup.com\/wp-content\/uploads\/2024\/07\/woodlands-juvenile-crime-copy.webp\" alt=\"A juvenile boy sits in handcuffs\" width=\"500\" height=\"334\" srcset=\"https:\/\/cowboylawgroup.com\/wp-content\/uploads\/2024\/07\/woodlands-juvenile-crime-copy.webp 500w, https:\/\/cowboylawgroup.com\/wp-content\/uploads\/2024\/07\/woodlands-juvenile-crime-copy-300x200.webp 300w\" sizes=\"(max-width: 500px) 100vw, 500px\" \/><\/p>\n<p>Cuando se enfrenta a cargos criminales juveniles en Porter, TX, es crucial tener un abogado defensor h\u00e1bil y experimentado a su lado. El papel de un abogado defensor de menores va m\u00e1s all\u00e1 de simplemente representar a sus clientes juveniles en la corte. Ellos juegan un papel vital en la defensa de los derechos de los menores acusados de delitos. Un abogado defensor en Porter entiende las complejidades del sistema legal juvenil y trabaja diligentemente para proteger los derechos de su cliente en cada etapa del proceso. Desde la investigaci\u00f3n inicial hasta las negociaciones o el juicio, se aseguran de que sus clientes reciban un trato justo y tengan una estrategia de defensa s\u00f3lida. Un abogado defensor examinar\u00e1 a fondo las pruebas contra su cliente, impugnar\u00e1 cualquier violaci\u00f3n de sus derechos constitucionales, y tratar\u00e1 de suprimir cualquier prueba obtenida ilegalmente. Tambi\u00e9n entrevistar\u00e1n a testigos, reunir\u00e1n testimonios de expertos si es necesario, y construir\u00e1n un caso convincente a favor de su cliente. Adem\u00e1s, un <a href=\"https:\/\/cowboylawgroup.com\/porter-tx\/criminal-defense-lawyer\/\">abogado defensor<\/a> abogar\u00e1 por su cliente durante los procedimientos judiciales, interrogar a los testigos, y presentar argumentos para apoyar su inocencia o mitigar los cargos y posibles sanciones. Su objetivo es lograr el mejor resultado posible para sus clientes, ya sea una desestimaci\u00f3n de cargos, cargos reducidos, o una absoluci\u00f3n en el juicio. Al proporcionar orientaci\u00f3n, experiencia y apoyo inquebrantable, un abogado defensor en <a href=\"https:\/\/cowboylawgroup.com\/porter-tx\/\">Porter, TX<\/a> juega un papel crucial en la protecci\u00f3n de los derechos e intereses de los menores acusados de delitos penales.<\/p>\n<h2>Las cualidades que debe buscar en un abogado penal juvenil en Porter<\/h2>\n<p>Al elegir un abogado penal juvenil en Porter, Cowboy Law Group ofrece cualidades inigualables que pueden afectar significativamente el resultado de su caso. La experiencia es clave. Nuestro equipo cuenta con un historial probado en el manejo de casos de defensa penal de menores, incluidos los similares a los suyos. Con un amplio conocimiento y experiencia, navegamos con eficacia las complejidades del sistema jur\u00eddico de menores. La comunicaci\u00f3n excepcional est\u00e1 en el coraz\u00f3n de nuestra pr\u00e1ctica. Nos aseguramos de que usted entienda completamente el proceso legal, sus opciones, y los resultados potenciales, haciendo conceptos legales complejos accesibles y claros. La capacidad de respuesta y la accesibilidad son fundamentales para nuestra atenci\u00f3n al cliente. Devolvemos r\u00e1pidamente las llamadas y los correos electr\u00f3nicos, manteni\u00e9ndole informado y apoyado a lo largo de su caso. La confianza es esencial. En Cowboy Law Group, construimos una relaci\u00f3n basada en la confianza y la confidencialidad, garantizando que la informaci\u00f3n sensible se maneja con el m\u00e1ximo cuidado. La atenci\u00f3n al detalle es nuestro sello distintivo. Examinamos meticulosamente las pruebas e identificamos cualquier punto d\u00e9bil en el caso de la acusaci\u00f3n, sin dejar piedra sin remover en la construcci\u00f3n de su defensa. Escoger a <a href=\"https:\/\/cowboylawgroup.com\/\">Cowboy Law Group<\/a> significa asegurar un equipo de defensa criminal juvenil dedicado y experto comprometido a proteger los derechos de su hijo y lograr el mejor resultado posible para su caso. Con nuestra experiencia y enfoque personalizado, usted puede navegar con confianza sus desaf\u00edos legales.<\/p>\n<h2>Conceptos err\u00f3neos comunes sobre los abogados de defensa penal juvenil<\/h2>\n<p>Un error com\u00fan acerca de los abogados de defensa penal juvenil es que s\u00f3lo defienden a individuos culpables. Esta creencia se deriva de la idea de que si alguien es acusado de un delito, debe ser culpable. Sin embargo, es esencial recordar que todo el mundo tiene derecho a la representaci\u00f3n legal, independientemente de su culpabilidad o inocencia. Los honorarios legales por contratar a un abogado de defensa penal juvenil pueden variar en funci\u00f3n de factores como la experiencia del abogado, los acuerdos de facturaci\u00f3n y la ubicaci\u00f3n geogr\u00e1fica. La principal responsabilidad de un abogado penalista de menores cualificado es garantizar la protecci\u00f3n de los derechos de su cliente y que \u00e9ste reciba un juicio justo. Otro concepto err\u00f3neo es que los abogados de defensa penal juvenil s\u00f3lo est\u00e1n interesados en ganar casos, independientemente de la verdad. En realidad, los abogados defensores est\u00e1n comprometidos con la b\u00fasqueda de la justicia y la defensa de los principios del sistema legal. Ellos investigan a fondo las pruebas, desaf\u00edan cualquier inconsistencia, y trabajan diligentemente para presentar una defensa fuerte para sus clientes. Adem\u00e1s, algunas personas creen que la contrataci\u00f3n de un abogado de defensa penal juvenil es una p\u00e9rdida de dinero y que pueden representarse adecuadamente a s\u00ed mismos en la corte. Sin embargo, navegar por el complejo panorama legal requiere amplios conocimientos y experiencia, que s\u00f3lo un abogado capacitado posee. Intentar representarse a s\u00ed mismo puede tener consecuencias perjudiciales, como omitir procedimientos legales cruciales o no presentar una estrategia de defensa convincente. Es vital que las personas que se enfrentan a cargos penales juveniles comprendan la importancia de tener un abogado experto en defensa penal juvenil a su lado para proteger sus derechos y abogar por sus mejores intereses.<\/p>\n<h2>Hable hoy mismo con un abogado de defensa penal de menores de Cowboy Law Group<\/h2>\n<p><img loading=\"lazy\" decoding=\"async\" class=\"alignnone wp-image-2419\" src=\"https:\/\/cowboylawgroup.com\/wp-content\/uploads\/2024\/07\/shutterstock_2408628539.webp\" alt=\"A juvenile defense lawyer speaks on behalf of her client\" width=\"500\" height=\"308\" srcset=\"https:\/\/cowboylawgroup.com\/wp-content\/uploads\/2024\/07\/shutterstock_2408628539.webp 1000w, https:\/\/cowboylawgroup.com\/wp-content\/uploads\/2024\/07\/shutterstock_2408628539-300x185.webp 300w, https:\/\/cowboylawgroup.com\/wp-content\/uploads\/2024\/07\/shutterstock_2408628539-768x472.webp 768w\" sizes=\"(max-width: 500px) 100vw, 500px\" \/><\/p>\n<p>\u00bfEnfrentando cargos criminales juveniles en Porter, TX? P\u00f3ngase en contacto con Cowboy Law Group hoy en <a href=\"tel:+18323262932\"><i class=\"fa fa-phone-alt\"><\/i>832-326-2932<\/a> para la representaci\u00f3n legal de expertos en el caso penal de su hijo. Nuestros abogados expertos en defensa penal juvenil proteger\u00e1n los derechos de su hijo y construir\u00e1n una defensa s\u00f3lida. Con un amplio conocimiento de las leyes juveniles de Texas y un historial de \u00e9xito, manejamos casos que van desde delitos de drogas hasta robo y asalto. No navegue este tiempo desafiante solo-hable con un abogado de Cowboy Law Group hoy. Consultas r\u00e1pidas est\u00e1n disponibles para discutir el caso de su hijo y las opciones legales. Llame ahora para salvaguardar el futuro de su hijo y mejorar sus posibilidades de un resultado favorable.<\/p>\n<\/div>\n<\/div>\n<\/div>\n<\/div>\n<\/div>\n<\/div>\n","protected":false},"excerpt":{"rendered":"<p>\u00bfEst\u00e1 enfrentando cargos penales juveniles en Porter, TX? Si su hijo est\u00e1 enfrentando cargos criminales juveniles en Porter, TX, tener un abogado de defensa juvenil calificado a su lado es esencial para salvaguardar sus derechos y su futuro. Un abogado experto puede ser fundamental para proteger el futuro de su hijo. Ll\u00e1menos hoy al para [&hellip;]<\/p>\n","protected":false},"author":22,"featured_media":0,"parent":3334,"menu_order":0,"comment_status":"closed","ping_status":"closed","template":"","meta":{"_acf_changed":false,"footnotes":""},"categories":[],"tags":[],"class_list":["post-3340","page","type-page","status-publish","hentry"],"acf":[],"_links":{"self":[{"href":"https:\/\/cowboylawgroup.com\/es\/wp-json\/wp\/v2\/pages\/3340","targetHints":{"allow":["GET"]}}],"collection":[{"href":"https:\/\/cowboylawgroup.com\/es\/wp-json\/wp\/v2\/pages"}],"about":[{"href":"https:\/\/cowboylawgroup.com\/es\/wp-json\/wp\/v2\/types\/page"}],"author":[{"embeddable":true,"href":"https:\/\/cowboylawgroup.com\/es\/wp-json\/wp\/v2\/users\/22"}],"replies":[{"embeddable":true,"href":"https:\/\/cowboylawgroup.com\/es\/wp-json\/wp\/v2\/comments?post=3340"}],"version-history":[{"count":2,"href":"https:\/\/cowboylawgroup.com\/es\/wp-json\/wp\/v2\/pages\/3340\/revisions"}],"predecessor-version":[{"id":3342,"href":"https:\/\/cowboylawgroup.com\/es\/wp-json\/wp\/v2\/pages\/3340\/revisions\/3342"}],"up":[{"embeddable":true,"href":"https:\/\/cowboylawgroup.com\/es\/wp-json\/wp\/v2\/pages\/3334"}],"wp:attachment":[{"href":"https:\/\/cowboylawgroup.com\/es\/wp-json\/wp\/v2\/media?parent=3340"}],"wp:term":[{"taxonomy":"category","embeddable":true,"href":"https:\/\/cowboylawgroup.com\/es\/wp-json\/wp\/v2\/categories?post=3340"},{"taxonomy":"post_tag","embeddable":true,"href":"https:\/\/cowboylawgroup.com\/es\/wp-json\/wp\/v2\/tags?post=3340"}],"curies":[{"name":"wp","href":"https:\/\/api.w.org\/{rel}","templated":true}]}}