{"id":3359,"date":"2024-07-11T11:29:20","date_gmt":"2024-07-11T16:29:20","guid":{"rendered":"https:\/\/cowboylawgroup.com\/condiciones-de-uso\/"},"modified":"2024-10-17T10:49:11","modified_gmt":"2024-10-17T15:49:11","slug":"condiciones-de-uso","status":"publish","type":"page","link":"https:\/\/cowboylawgroup.com\/es\/condiciones-de-uso\/","title":{"rendered":"Condiciones de uso"},"content":{"rendered":"<p>Cowboy Law Group se compromete a proteger su privacidad y a desarrollar tecnolog\u00eda que le proporcione la experiencia en l\u00ednea m\u00e1s potente y segura. Esta Declaraci\u00f3n de Privacidad se aplica al sitio web de Cowboy Law Group y regula la recolecci\u00f3n y el uso de los datos. Al utilizar el sitio web Cowboy Law Group, usted acepta las pr\u00e1cticas utilizadas en relaci\u00f3n a los datos que se describen en esta declaraci\u00f3n.<\/p>\n<h2>Recopilaci\u00f3n de su informaci\u00f3n personal<\/h2>\n<p>Cowboy Law Group recolecta informaci\u00f3n de identificaci\u00f3n personal, como su direcci\u00f3n de correo electr\u00f3nico (e-mail), nombre, direcci\u00f3n del trabajo o de su casa, o su n\u00famero telef\u00f3nico. Cowboy Law Group tambien recaba informacion demografica anonima, en el sentido que no es aplicable solo a usted, como por ejemplo el codigo postal, edad, sexo, preferencias, intereses y favoritos. Tambi\u00e9n existe informaci\u00f3n acerca del hardware y software de su computador personal, que se recaba autom\u00e1ticamente por Cowboy Law Group. Esta informaci\u00f3n puede incluir: su direcci\u00f3n IP, tipo de navegador, nombres de dominio, tiempos de acceso y direcciones de sitios web de referencia. Esta informaci\u00f3n es utilizada por Cowboy Law Group para la operaci\u00f3n del servicio, para mantener la calidad del servicio prestado y para brindar estad\u00edsticas generales acerca del uso del sitio Cowboy Law Group. Por favor tenga en cuenta que si Usted divulga directamente informaci\u00f3n de identificaci\u00f3n personal o datos privados a trav\u00e9s de las herramientas p\u00fablicas de comunicaci\u00f3n en l\u00ednea ofrecidas por Cowboy Law Group, dicha informaci\u00f3n puede ser recogida y usada por otros. Nota: Cowboy Law Group no lee ninguna de sus comunicaciones en l\u00ednea privadas. Cowboy Law Group lo alienta a que revise las declaraciones de privacidad de otros sitios Web a los que Usted elija vincular desde Cowboy Law Group de manera que pueda comprender c\u00f3mo recogen \u00e9stos su informaci\u00f3n y si eventualmente la comparten con otros. Cowboy Law Group no es responsable por declaraciones de privacidad ni otros contenidos que se encuentren en sitios Web fuera de Cowboy Law Group y de la familia de sitios Web de Cowboy Law Group.<\/p>\n<h2>Uso de su Informaci\u00f3n Personal<\/h2>\n<p>Cowboy Law Group recaba y utiliza su informaci\u00f3n personal para operar el sitio Web Cowboy Law Group y brindarle los servicios que Usted haya solicitado. Cowboy Law Group tambi\u00e9n utiliza la informaci\u00f3n de su identificaci\u00f3n personal para informarlo acerca de otros productos o servicios disponibles en Cowboy Law Group y sus subsidiarias. Cowboy Law Group puede tambi\u00e9n ponerse en contacto con Usted mediante encuestas, para conocer su opini\u00f3n sobre los servicios prestados actualmente o potenciales servicios a ofrecer en el futuro. Cowboy Law Group no vende, alquila o arrienda su lista de clientes a terceras partes. Espor\u00e1dicamente Cowboy Law Group puede contactarlo de parte de socios de negocios externos para ofrecerle alguna oferta particular que pueda ser de su inter\u00e9s. En esos casos, su informaci\u00f3n personal identificable (correo electr\u00f3nico, nombre, direcci\u00f3n, n\u00famero de tel\u00e9fono) no se transfiere al tercero. Adem\u00e1s, Cowboy Law Group s\u00ed puede compartir datos con socios confiables que ayudan y\/o en los que delega el an\u00e1lisis estad\u00edstico, el env\u00edo de correo electr\u00f3nico o postal, la atenci\u00f3n al cliente, o los arreglos para la distribuci\u00f3n y entrega. Todas estas terceras partes tienen expresamente prohibido el uso de la informaci\u00f3n personal que pueda identificarlo salvo para poder proveer estos servicios a Cowboy Law Group, y est\u00e1n obligados a mantener la confidencialidad de su informaci\u00f3n. Cowboy Law Group no utiliza ni divulga informaci\u00f3n personal privada como raza, religi\u00f3n o afiliaciones pol\u00edticas sin su consentimiento expreso. Cowboy Law Group rastrea los sitios Web y las p\u00e1ginas que visitan nuestros clientes dentro de Cowboy Law Group, para poder determinar cu\u00e1les son los servicios de Cowboy Law Group m\u00e1s populares. Estos datos son utilizados para presentar contenidos y publicidades personalizadas en el sitio de Cowboy Law Group a clientes cuyo comportamiento indica que tienen un particular inter\u00e9s en un \u00e1rea determinada. Cowboy Law Group Websites revelar\u00e1 su informaci\u00f3n personal, sin previo aviso, s\u00f3lo si es requerido por la ley o en la creencia de buena fe que dicha acci\u00f3n es necesaria para: (a) cumplir con los edictos de la ley o el cumplimiento de un proceso legal realizado sobre Cowboy Law Group o el sitio; (b) proteger y defender los derechos o la propiedad de Cowboy Law Group; y, (c) actuar bajo circunstancias extremas para proteger la seguridad personal de los usuarios de Cowboy Law Group, o del p\u00fablico.<\/p>\n<h2>Uso de Cookies<\/h2>\n<p>El sitio web de Cowboy Law Group utiliza \u00abcookies\u00bb para ayudarle a personalizar su experiencia en l\u00ednea. Una cookie es un archivo de texto que un servidor de p\u00e1ginas web coloca en su disco duro. Las cookies no pueden utilizarse para ejecutar programas o enviar virus a su ordenador. Las cookies se le asignan a usted de forma exclusiva y s\u00f3lo pueden ser le\u00eddas por un servidor web del dominio que emiti\u00f3 la cookie para usted. Uno de los principales objetivos de las cookies es proporcionar una funci\u00f3n pr\u00e1ctica que le ahorre tiempo. La finalidad de una cookie es indicar al servidor web que usted ha regresado a una p\u00e1gina concreta. Por ejemplo, si Usted personaliza p\u00e1ginas en Cowboy Law Group, o se registra en Cowboy Law Group, la cookie grabada permite al servidor Web de Cowboy Law Group recuperar su informaci\u00f3n espec\u00edfica en las subsiguientes visitas. Esto simplifica el proceso de registrar su informaci\u00f3n personal, como direcciones de facturaci\u00f3n, direcciones de env\u00edo, etc.. La pr\u00f3xima vez que regrese al mimo sitio Web de Cowboy Law Group, la informaci\u00f3n que Usted suministr\u00f3 anteriormente puede ser recuperada de la cookie, y as\u00ed las opciones que Usted haya personalizado en su visita anterior a Cowboy Law Group estar\u00e1n disponibles sin necesidad de que deba escribirlas nuevamente. Usted tiene la posibilidad de aceptar o rechazar las cookies. La mayor\u00eda de los navegadores aceptan autom\u00e1ticamente las cookies, pero normalmente puede modificar la configuraci\u00f3n de su navegador para rechazarlas si lo prefiere. Si escoge que el explorador rechace cookies, es probable que no pueda aprovechar en su totalidad las caracter\u00edsticas interactivas de los servicios ofrecidos en Cowboy Law Group o en los sitios Web que visite.<\/p>\n<h2>Seguridad de su Informaci\u00f3n Personal<\/h2>\n<p>Cowboy Law Group asegura su informaci\u00f3n personal frente al acceso, uso o divulgaci\u00f3n no autorizados. Cowboy Law Group mantiene la informaci\u00f3n de identificaci\u00f3n personal que Usted haya provisto, en servidores ubicados en un ambiente controlado y seguro, protegidos del acceso, uso o divulgaci\u00f3n no autorizados. Cuando la informaci\u00f3n personal (como el n\u00famero de tarjeta de cr\u00e9dito) se transmite a otros sitios web, se protege mediante el uso de cifrado, como el protocolo Secure Socket Layer (SSL).<\/p>\n<h2>Cambios en esta Declaraci\u00f3n<\/h2>\n<p>Cowboy Law Group podr\u00e1 ocasionalmente actualizar esta Declaraci\u00f3n de Privacidad para reflejar las sugerencias tanto de la compa\u00f1\u00eda como de los clientes. En Cowboy Law Group lo alentamos a que revise peri\u00f3dicamente esta Declaraci\u00f3n para estar informado de c\u00f3mo Cowboy Law Group protege su informaci\u00f3n.<\/p>\n<h2>Informaci\u00f3n de Contacto<\/h2>\n<p>Cowboy Law Group recibe con agrado sus comentarios relativos a esta Declaraci\u00f3n de Privacidad. Si Usted cree que Cowboy Law Group no se ha ce\u00f1ido a esta Declaraci\u00f3n, por favor, p\u00f3ngase en contacto con Cowboy Law Group a trav\u00e9s de <a href=\"mailto:kristos42@hotmail.com\">kristos42@hotmail.com<\/a>. Haremos todos los esfuerzos comercialmente razonables para determinar y solucionar el problema lo antes posible.<\/p>\n","protected":false},"excerpt":{"rendered":"<p>Cowboy Law Group se compromete a proteger su privacidad y a desarrollar tecnolog\u00eda que le proporcione la experiencia en l\u00ednea m\u00e1s potente y segura. Esta Declaraci\u00f3n de Privacidad se aplica al sitio web de Cowboy Law Group y regula la recolecci\u00f3n y el uso de los datos. Al utilizar el sitio web Cowboy Law Group, [&hellip;]<\/p>\n","protected":false},"author":22,"featured_media":0,"parent":0,"menu_order":0,"comment_status":"closed","ping_status":"closed","template":"","meta":{"_acf_changed":false,"footnotes":""},"categories":[],"tags":[],"class_list":["post-3359","page","type-page","status-publish","hentry"],"acf":[],"_links":{"self":[{"href":"https:\/\/cowboylawgroup.com\/es\/wp-json\/wp\/v2\/pages\/3359","targetHints":{"allow":["GET"]}}],"collection":[{"href":"https:\/\/cowboylawgroup.com\/es\/wp-json\/wp\/v2\/pages"}],"about":[{"href":"https:\/\/cowboylawgroup.com\/es\/wp-json\/wp\/v2\/types\/page"}],"author":[{"embeddable":true,"href":"https:\/\/cowboylawgroup.com\/es\/wp-json\/wp\/v2\/users\/22"}],"replies":[{"embeddable":true,"href":"https:\/\/cowboylawgroup.com\/es\/wp-json\/wp\/v2\/comments?post=3359"}],"version-history":[{"count":2,"href":"https:\/\/cowboylawgroup.com\/es\/wp-json\/wp\/v2\/pages\/3359\/revisions"}],"predecessor-version":[{"id":3361,"href":"https:\/\/cowboylawgroup.com\/es\/wp-json\/wp\/v2\/pages\/3359\/revisions\/3361"}],"wp:attachment":[{"href":"https:\/\/cowboylawgroup.com\/es\/wp-json\/wp\/v2\/media?parent=3359"}],"wp:term":[{"taxonomy":"category","embeddable":true,"href":"https:\/\/cowboylawgroup.com\/es\/wp-json\/wp\/v2\/categories?post=3359"},{"taxonomy":"post_tag","embeddable":true,"href":"https:\/\/cowboylawgroup.com\/es\/wp-json\/wp\/v2\/tags?post=3359"}],"curies":[{"name":"wp","href":"https:\/\/api.w.org\/{rel}","templated":true}]}}