{"id":3367,"date":"2024-07-18T07:49:15","date_gmt":"2024-07-18T12:49:15","guid":{"rendered":"https:\/\/cowboylawgroup.com\/en-woodlands\/the-woodlands-abogado-de-defensa-de-asalto\/"},"modified":"2024-10-17T12:17:57","modified_gmt":"2024-10-17T17:17:57","slug":"the-woodlands-abogado-de-defensa-de-asalto","status":"publish","type":"page","link":"https:\/\/cowboylawgroup.com\/es\/en-woodlands\/the-woodlands-abogado-de-defensa-de-asalto\/","title":{"rendered":"The Woodlands Abogado de Defensa de Asalto"},"content":{"rendered":"<p>\u00bfEst\u00e1 enfrentando cargos de asalto y necesita representaci\u00f3n legal?<\/p>\n<p>Si usted o un ser querido ha sido acusado de asalto en The Woodlands, Texas, necesita un equipo legal experimentado y dedicado a su lado. En Cowboy Law Group, nos especializamos en la defensa de cargos de asalto y proporcionar a nuestros clientes con la representaci\u00f3n vigorosa que se merecen. Nuestro profundo conocimiento de <a href=\"https:\/\/statutes.capitol.texas.gov\/Docs\/PE\/htm\/PE.22.htm\" target=\"_blank\" rel=\"noopener\">las leyes de asalto de Texas<\/a> y nuestro compromiso de proteger sus derechos aseguran que usted reciba la mejor defensa posible. Ya sea que se enfrente a cargos por delitos menores o graves, nuestros abogados expertos est\u00e1n listos para luchar por usted en cada paso del camino. Conf\u00ede en <a href=\"https:\/\/cowboylawgroup.com\/\">Cowboy Law Group<\/a> para manejar su caso con la tenacidad y la experiencia que exige.<\/p>\n<p>P\u00f3ngase en contacto con Cowboy Law Group hoy en <a href=\"tel:+18323262932\"><i class=\"fa fa-phone-alt\"><\/i>832-326-2932<\/a> para el asesoramiento de expertos y representaci\u00f3n.<\/p>\n<h2>Entendiendo el Papel de un Abogado de Defensa de Asalto<\/h2>\n<p><img fetchpriority=\"high\" decoding=\"async\" class=\"alignnone wp-image-2180\" src=\"https:\/\/cowboylawgroup.com\/wp-content\/uploads\/2024\/07\/shutterstock_650042125.webp\" alt=\"Cowboy Law Group Assault defense attorneys\" width=\"500\" height=\"333\" srcset=\"https:\/\/cowboylawgroup.com\/wp-content\/uploads\/2024\/07\/shutterstock_650042125.webp 1000w, https:\/\/cowboylawgroup.com\/wp-content\/uploads\/2024\/07\/shutterstock_650042125-300x200.webp 300w, https:\/\/cowboylawgroup.com\/wp-content\/uploads\/2024\/07\/shutterstock_650042125-768x511.webp 768w\" sizes=\"(max-width: 500px) 100vw, 500px\" \/><\/p>\n<p>Un abogado defensor de asalto juega un papel crucial en el sistema legal, representando a individuos que han sido acusados de ofensas de asalto. Su principal responsabilidad es proporcionar asesoramiento jur\u00eddico y representaci\u00f3n a sus clientes a lo largo de todo el proceso legal. Estos abogados est\u00e1n bien versados en derecho penal y poseen un amplio conocimiento de los cargos de asalto, leyes y reglamentos. Trabajan diligentemente para proteger los derechos de sus clientes y asegurar que reciban un juicio justo. Uno de los aspectos clave del papel de un abogado de defensa de asalto es investigar a fondo las circunstancias que rodean el supuesto asalto. Re\u00fanen pruebas, entrevistan a testigos y analizan los informes policiales para elaborar una estrategia de defensa s\u00f3lida. Esto puede implicar impugnar las pruebas de la acusaci\u00f3n, cuestionar la credibilidad de los testigos o presentar narrativas alternativas que pongan en duda las acusaciones. Adem\u00e1s, un abogado de defensa de asalto gu\u00eda a sus clientes a trav\u00e9s de las complejidades del sistema legal. Explican los cargos y las posibles consecuencias, ayudando a sus clientes a entender sus opciones y tomar decisiones informadas. Tambi\u00e9n ayudan en la negociaci\u00f3n de acuerdos con la fiscal\u00eda o la exploraci\u00f3n de resoluciones alternativas, si procede. A lo largo de todo el proceso, un abogado defensor de asalto proporciona apoyo emocional a sus clientes. Ellos entienden que enfrentar cargos de asalto puede ser incre\u00edblemente estresante y abrumador, por lo que ofrecen tranquilidad y orientaci\u00f3n durante este tiempo dif\u00edcil. En resumen, un abogado defensor de asalto juega un papel vital en la defensa de las personas acusadas de asalto. Su experiencia en derecho penal, la capacidad de construir una estrategia de defensa fuerte, y la dedicaci\u00f3n a la protecci\u00f3n de los derechos de sus clientes los convierten en aliados invaluables en la navegaci\u00f3n por el panorama jur\u00eddico.<\/p>\n<h2>Navegando el Paisaje Legal: Encontrando el mejor abogado defensor de asalto<\/h2>\n<p><img decoding=\"async\" class=\"alignnone wp-image-2183\" src=\"https:\/\/cowboylawgroup.com\/wp-content\/uploads\/2024\/07\/shutterstock_2378803169.webp\" alt=\"An assault defense lawyer addresses the court in a trial\" width=\"500\" height=\"334\" srcset=\"https:\/\/cowboylawgroup.com\/wp-content\/uploads\/2024\/07\/shutterstock_2378803169.webp 1000w, https:\/\/cowboylawgroup.com\/wp-content\/uploads\/2024\/07\/shutterstock_2378803169-300x200.webp 300w, https:\/\/cowboylawgroup.com\/wp-content\/uploads\/2024\/07\/shutterstock_2378803169-768x512.webp 768w\" sizes=\"(max-width: 500px) 100vw, 500px\" \/><\/p>\n<p>Cuando se enfrenta a cargos de asalto, es crucial tener la mejor representaci\u00f3n legal a su lado. Navegar por el complejo panorama jur\u00eddico puede ser una tarea desalentadora, pero encontrar el abogado de defensa de asalto derecho puede hacer toda la diferencia en el resultado de su caso. El primer paso para encontrar el mejor abogado de defensa de asalto es llevar a cabo una investigaci\u00f3n exhaustiva. Busque abogados que se especializan en la defensa de asalto y tienen un historial de \u00e9xito en el manejo de casos similares. Considere su experiencia, calificaciones y reputaci\u00f3n dentro de la comunidad legal. Tambi\u00e9n es importante buscar <a href=\"https:\/\/cowboylawgroup.com\/testimonials\/\">testimonios<\/a> o rese\u00f1as de clientes para conocer las experiencias de sus clientes anteriores. Adem\u00e1s, considere la posibilidad de programar consultas con posibles abogados para discutir su caso y evaluar su estilo de comunicaci\u00f3n, nivel de dedicaci\u00f3n y comprensi\u00f3n de sus circunstancias particulares. Durante estas consultas, no dude en hacer preguntas acerca de su estrategia para defender los cargos de asalto y su conocimiento de las leyes y precedentes pertinentes. Encontrar un abogado de defensa de asalto que no s\u00f3lo es bien informado, sino tambi\u00e9n emp\u00e1tico y comprometido a proteger sus derechos es crucial. Recuerde que el tiempo es esencial cuando se enfrentan a cargos de asalto, por lo que actuar con rapidez en la b\u00fasqueda del mejor abogado de defensa de asalto que le puede guiar a trav\u00e9s del proceso legal y construir una fuerte estrategia de defensa adaptada a su caso.<\/p>\n<h2>La importancia de actuar con rapidez: Contratar a un Abogado de Asalto en Woodlands<\/h2>\n<p>Cuando se enfrenta a cargos de asalto, el tiempo es esencial. La importancia de una acci\u00f3n r\u00e1pida en la contrataci\u00f3n de un abogado de asalto Woodlands no puede ser exagerada. El panorama legal que rodea los casos de asalto puede ser complejo e intimidante, por lo que es crucial contar con un profesional con experiencia a su lado desde el principio. Un abogado defensor experto en casos de asalto no solo lo guiara a traves de las complejidades del proceso legal, sino que tambien trabajara diligentemente para proteger sus derechos y construir una fuerte estrategia de defensa. Al contratar a un abogado de asalto en Woodlands, usted se asegura de que su caso reciba la atenci\u00f3n que merece y que no se pasen por alto pruebas o testigos cruciales. Adem\u00e1s, un abogado de defensa de asalto estar\u00e1 bien versado en las leyes locales y reglamentos espec\u00edficos de la zona de Woodlands, lo que les permite navegar por el sistema legal de manera m\u00e1s eficiente. Estar\u00e1n familiarizados con los tribunales locales, jueces y fiscales, d\u00e1ndoles una valiosa visi\u00f3n de c\u00f3mo abordar su caso con eficacia. Por otra parte, una respuesta r\u00e1pida permite a su abogado de defensa de asalto para reunir pruebas, entrevistar a los testigos, y preparar una estrategia de defensa s\u00f3lida, mientras que los detalles del incidente est\u00e1n todav\u00eda frescos en la mente de todos. Al tomar medidas inmediatas y asegurar los servicios de un abogado experto en casos de asalto en Woodlands, usted se da la mejor oportunidad de obtener un resultado favorable en su caso de asalto.<\/p>\n<h2>Construyendo una s\u00f3lida estrategia de defensa: T\u00e1cticas empleadas por los abogados defensores de agresiones<\/h2>\n<p><img decoding=\"async\" class=\"alignnone wp-image-2182\" src=\"https:\/\/cowboylawgroup.com\/wp-content\/uploads\/2024\/07\/shutterstock_2310640113-1.webp\" alt=\"An assault defense attorney speaks with his client\" width=\"500\" height=\"334\" srcset=\"https:\/\/cowboylawgroup.com\/wp-content\/uploads\/2024\/07\/shutterstock_2310640113-1.webp 1000w, https:\/\/cowboylawgroup.com\/wp-content\/uploads\/2024\/07\/shutterstock_2310640113-1-300x200.webp 300w, https:\/\/cowboylawgroup.com\/wp-content\/uploads\/2024\/07\/shutterstock_2310640113-1-768x512.webp 768w\" sizes=\"(max-width: 500px) 100vw, 500px\" \/><\/p>\n<p>Cuando se enfrentan a cargos de asalto, es crucial tener una estrategia de defensa s\u00f3lida en su lugar. Aqu\u00ed es donde la experiencia de un abogado de defensa de asalto entra en juego. Estos profesionales legales emplean varias t\u00e1cticas para construir una defensa fuerte y proteger los derechos de sus clientes. Una de las principales t\u00e1cticas utilizadas por los abogados defensores de asalto es la realizaci\u00f3n de una investigaci\u00f3n exhaustiva. Revisan meticulosamente las pruebas, entrevistan a los testigos y examinan cualquier grabaci\u00f3n de vigilancia o informe forense que pueda ser relevante para el caso. Mediante la recopilaci\u00f3n de toda la informaci\u00f3n disponible, su objetivo es descubrir cualquier inconsistencia o debilidad en el caso de la fiscal\u00eda. Los abogados defensores de agresiones tambi\u00e9n analizan las circunstancias que rodean el supuesto incidente. Buscan factores como la defensa propia, la provocaci\u00f3n o el error de identidad que podr\u00edan mitigar o incluso desestimar los cargos. Al presentar estos argumentos con eficacia, se esfuerzan por crear dudas en la mente del juez o del jurado. Otra estrategia importante empleada por los abogados defensores de agresiones es el contrainterrogatorio. Los abogados expertos saben c\u00f3mo interrogar a los testigos y cuestionar su credibilidad. Al exponer las inconsistencias en sus testimonios o poner de relieve cualquier sesgo, su objetivo es debilitar el caso de la fiscal\u00eda y fortalecer su propia defensa. Adem\u00e1s, los abogados defensores de asalto pueden explorar resoluciones alternativas, tales como acuerdos con la fiscal\u00eda o programas de desviaci\u00f3n, dependiendo de las circunstancias espec\u00edficas del caso. Negocian con los fiscales para asegurar resultados favorables para sus clientes, que pueden incluir la reducci\u00f3n de cargos o penas. En conclusi\u00f3n, la construcci\u00f3n de una estrategia de defensa s\u00f3lida requiere un an\u00e1lisis cuidadoso de las pruebas, t\u00e9cnicas eficaces de contrainterrogatorio, y la exploraci\u00f3n de soluciones alternativas. Los abogados defensores de asalto emplean estas t\u00e1cticas para proteger los derechos de sus clientes y lograr el mejor resultado posible en los casos de asalto.<\/p>\n<p><a href=\"https:\/\/cowboylawgroup.com\/wp-content\/uploads\/2024\/08\/Assault-Defense.png\"><img loading=\"lazy\" decoding=\"async\" class=\"aligncenter size-full wp-image-2867\" src=\"https:\/\/cowboylawgroup.com\/wp-content\/uploads\/2024\/08\/Assault-Defense.png\" alt=\"tactics employed by assault defense lawyers\" width=\"800\" height=\"2000\" srcset=\"https:\/\/cowboylawgroup.com\/wp-content\/uploads\/2024\/08\/Assault-Defense.png 800w, https:\/\/cowboylawgroup.com\/wp-content\/uploads\/2024\/08\/Assault-Defense-120x300.png 120w, https:\/\/cowboylawgroup.com\/wp-content\/uploads\/2024\/08\/Assault-Defense-410x1024.png 410w, https:\/\/cowboylawgroup.com\/wp-content\/uploads\/2024\/08\/Assault-Defense-768x1920.png 768w, https:\/\/cowboylawgroup.com\/wp-content\/uploads\/2024\/08\/Assault-Defense-614x1536.png 614w\" sizes=\"(max-width: 800px) 100vw, 800px\" \/><\/a><\/p>\n<h2>Cargos por agresi\u00f3n: Tipos, Penas y Posibles Consecuencias<\/h2>\n<p><img loading=\"lazy\" decoding=\"async\" class=\"alignnone wp-image-2181\" src=\"https:\/\/cowboylawgroup.com\/wp-content\/uploads\/2024\/07\/shutterstock_1885320832.webp\" alt=\"Cowboy Law Group defense attorneys\" width=\"500\" height=\"334\" srcset=\"https:\/\/cowboylawgroup.com\/wp-content\/uploads\/2024\/07\/shutterstock_1885320832.webp 1000w, https:\/\/cowboylawgroup.com\/wp-content\/uploads\/2024\/07\/shutterstock_1885320832-300x200.webp 300w, https:\/\/cowboylawgroup.com\/wp-content\/uploads\/2024\/07\/shutterstock_1885320832-768x513.webp 768w\" sizes=\"(max-width: 500px) 100vw, 500px\" \/><\/p>\n<p>Los cargos de asalto abarcan una gama de ofensas que implican da\u00f1o intencional o la amenaza de da\u00f1o a otra persona. Entender los diferentes tipos de cargos de asalto, sus penas correspondientes, y las consecuencias potenciales es crucial para cualquiera que se enfrente a tales acusaciones. En t\u00e9rminos legales, el asalto se puede clasificar como asalto com\u00fan o asalto agravado. La agresi\u00f3n com\u00fan suele referirse a actos menores de violencia, como empujones o bofetadas, y conlleva penas menos severas. Por otra parte, la agresi\u00f3n con agravantes implica actos m\u00e1s graves de violencia que resultan en un da\u00f1o significativo o el uso de un arma, lo que lleva a penas m\u00e1s severas. Las penas por cargos de agresi\u00f3n pueden variar dependiendo de la jurisdicci\u00f3n y de las circunstancias espec\u00edficas del caso. Pueden incluir multas, libertad condicional, servicios a la comunidad, \u00f3rdenes de alejamiento, asesoramiento obligatorio o incluso prisi\u00f3n. Adem\u00e1s, ser condenado por agresi\u00f3n puede tener consecuencias duraderas m\u00e1s all\u00e1 de las penas legales. Puede tener un impacto negativo en la vida personal y profesional, lo que lleva a relaciones da\u00f1adas, dificultad para encontrar empleo, y una reputaci\u00f3n manchada. Por lo tanto, es crucial para las personas que enfrentan cargos de asalto a buscar la ayuda de un abogado con experiencia en defensa de asalto que puede navegar por las complejidades del sistema legal y trabajar para minimizar las posibles consecuencias. Mediante la construcci\u00f3n de una fuerte estrategia de defensa adaptada a los aspectos \u00fanicos de cada caso, un abogado defensor de asalto puede proteger los derechos de sus clientes y luchar por el mejor resultado posible.<\/p>\n<h2>Protegiendo sus derechos: Como un abogado defensor de asalto puede ayudarle<\/h2>\n<p>Cuando se enfrenta a cargos de asalto, es crucial entender la importancia de proteger sus derechos. Aqu\u00ed es donde un abogado de defensa de asalto con experiencia puede ser invaluable. Un abogado experto tendr\u00e1 una comprensi\u00f3n profunda del sistema legal y trabajar\u00e1 diligentemente para asegurar que sus derechos sean defendidos a trav\u00e9s del proceso legal. Ellos le guiar\u00e1n a trav\u00e9s de cada paso, desde la recopilaci\u00f3n de pruebas hasta la construcci\u00f3n de una s\u00f3lida estrategia de defensa adaptada a su caso espec\u00edfico. Un abogado de la defensa del asalto investigar\u00e1 a fondo las circunstancias que rodean el asalto alegado, entrevistando a testigos, repasando informes de polic\u00eda, y examinando cualquier material de vigilancia disponible. Tambi\u00e9n escudri\u00f1ar\u00e1 las acciones de los oficiales de la ley involucrados en su arresto para asegurar que sus derechos no fueron violados. Adem\u00e1s, un abogado de defensa de asalto negociar\u00e1 con los fiscales en su nombre, buscando cargos reducidos o incluso el despido si es posible. Estar\u00e1n bien versados en las leyes relativas a los cargos de asalto y utilizar\u00e1n su experiencia para desafiar cualquier evidencia d\u00e9bil o inconsistencias en el caso de la fiscal\u00eda. A lo largo de los procedimientos legales, un abogado de defensa de asalto le proporcionar\u00e1 asesoramiento jur\u00eddico y apoyo, asegur\u00e1ndose de que usted es consciente de sus derechos y opciones en cada etapa. Al contratar a un abogado de defensa de asalto bien informado y dedicado, usted puede tener la tranquilidad de saber que alguien est\u00e1 luchando por sus derechos y trabajando hacia el mejor resultado posible para su caso.<\/p>\n<h2>Contacte a Cowboy Law Group para un abogado defensor de asalto hoy mismo<\/h2>\n<p>Enfrentarse a cargos por asalto puede ser desalentador, pero el apoyo legal adecuado puede marcar la diferencia. Cowboy Law Group, una firma de renombre en The Woodlands, se especializa en la defensa de casos de asalto con experiencia y dedicaci\u00f3n. Al ponerse en contacto con Cowboy Law Group, usted da el primer paso hacia la construcci\u00f3n de una s\u00f3lida estrategia de defensa. Sus experimentados abogados de defensa de asalto est\u00e1n bien versados en las complejidades del sistema legal y comprometidos a proteger sus derechos. Si es asalto simple, asalto agravado, o violencia dom\u00e9stica, su maestr\u00eda es inestimable. El tiempo es crucial cuando se trata de cargos de asalto. Contratar a un abogado de asalto de Woodlands de Cowboy Law Group asegura una acci\u00f3n inmediata en su caso, desde la recopilaci\u00f3n de pruebas hasta la formulaci\u00f3n de una estrategia de defensa a medida. No espere hasta que sea demasiado tarde. Proteja sus derechos y salvaguarde su futuro buscando la ayuda de Cowboy Law Group hoy mismo. P\u00f3ngase en contacto con ellos ahora para asegurar la representaci\u00f3n legal de expertos.<\/p>\n","protected":false},"excerpt":{"rendered":"<p>\u00bfEst\u00e1 enfrentando cargos de asalto y necesita representaci\u00f3n legal? Si usted o un ser querido ha sido acusado de asalto en The Woodlands, Texas, necesita un equipo legal experimentado y dedicado a su lado. En Cowboy Law Group, nos especializamos en la defensa de cargos de asalto y proporcionar a nuestros clientes con la representaci\u00f3n [&hellip;]<\/p>\n","protected":false},"author":43,"featured_media":0,"parent":3364,"menu_order":0,"comment_status":"closed","ping_status":"closed","template":"","meta":{"_acf_changed":false,"footnotes":""},"categories":[],"tags":[],"class_list":["post-3367","page","type-page","status-publish","hentry"],"acf":[],"_links":{"self":[{"href":"https:\/\/cowboylawgroup.com\/es\/wp-json\/wp\/v2\/pages\/3367","targetHints":{"allow":["GET"]}}],"collection":[{"href":"https:\/\/cowboylawgroup.com\/es\/wp-json\/wp\/v2\/pages"}],"about":[{"href":"https:\/\/cowboylawgroup.com\/es\/wp-json\/wp\/v2\/types\/page"}],"author":[{"embeddable":true,"href":"https:\/\/cowboylawgroup.com\/es\/wp-json\/wp\/v2\/users\/43"}],"replies":[{"embeddable":true,"href":"https:\/\/cowboylawgroup.com\/es\/wp-json\/wp\/v2\/comments?post=3367"}],"version-history":[{"count":2,"href":"https:\/\/cowboylawgroup.com\/es\/wp-json\/wp\/v2\/pages\/3367\/revisions"}],"predecessor-version":[{"id":3369,"href":"https:\/\/cowboylawgroup.com\/es\/wp-json\/wp\/v2\/pages\/3367\/revisions\/3369"}],"up":[{"embeddable":true,"href":"https:\/\/cowboylawgroup.com\/es\/wp-json\/wp\/v2\/pages\/3364"}],"wp:attachment":[{"href":"https:\/\/cowboylawgroup.com\/es\/wp-json\/wp\/v2\/media?parent=3367"}],"wp:term":[{"taxonomy":"category","embeddable":true,"href":"https:\/\/cowboylawgroup.com\/es\/wp-json\/wp\/v2\/categories?post=3367"},{"taxonomy":"post_tag","embeddable":true,"href":"https:\/\/cowboylawgroup.com\/es\/wp-json\/wp\/v2\/tags?post=3367"}],"curies":[{"name":"wp","href":"https:\/\/api.w.org\/{rel}","templated":true}]}}