{"id":3385,"date":"2025-11-17T08:30:55","date_gmt":"2025-11-17T14:30:55","guid":{"rendered":"https:\/\/cowboylawgroup.com\/en-woodlands\/the-woodlands-abogado-penal-juvenil\/"},"modified":"2024-10-18T04:48:45","modified_gmt":"2024-10-18T09:48:45","slug":"the-woodlands-abogado-penal-juvenil","status":"publish","type":"page","link":"https:\/\/cowboylawgroup.com\/es\/en-woodlands\/the-woodlands-abogado-penal-juvenil\/","title":{"rendered":"The Woodlands Abogado Penal Juvenil"},"content":{"rendered":"<p><strong>\u00bfEst\u00e1 enfrentando cargos juveniles en The Woodlands, TX?<\/strong><\/p>\n<p>Si su hijo est\u00e1 enfrentando cargos juveniles en The Woodlands, TX, es crucial tener un abogado penal juvenil calificado para proteger sus derechos y luchar por su futuro. Un abogado experto puede hacer toda la diferencia en el caso de su hijo y ayudar a salvaguardar su futuro. P\u00f3ngase en contacto con nosotros hoy en <a href=\"tel:+18323262932\"><i class=\"fa fa-phone-alt\"><\/i>832-326-2932<\/a> para una consulta.<\/p>\n<h2>Entendiendo la importancia de un abogado experto en defensa de menores<\/h2>\n<p><img fetchpriority=\"high\" decoding=\"async\" class=\"alignnone wp-image-2466 size-full\" src=\"https:\/\/cowboylawgroup.com\/wp-content\/uploads\/2024\/07\/woodlands-juvenile-crime-copy.webp\" alt=\"A young man sits with his hands cuffed\" width=\"500\" height=\"334\" srcset=\"https:\/\/cowboylawgroup.com\/wp-content\/uploads\/2024\/07\/woodlands-juvenile-crime-copy.webp 500w, https:\/\/cowboylawgroup.com\/wp-content\/uploads\/2024\/07\/woodlands-juvenile-crime-copy-300x200.webp 300w\" sizes=\"(max-width: 500px) 100vw, 500px\" \/><\/p>\n<p>Cuando su hijo se enfrenta a cargos juveniles, la contrataci\u00f3n de un abogado experto en defensa de menores es esencial. El resultado de su caso puede afectar significativamente su vida, y tener la representaci\u00f3n legal adecuada puede ser fundamental. Un abogado penalista especializado en menores tiene los conocimientos, la experiencia y la pericia para desenvolverse con eficacia en el sistema de justicia de menores. Est\u00e1n bien versados en derecho de menores y pueden proporcionar asesoramiento experto y orientaci\u00f3n durante todo el proceso. Investigar\u00e1n a fondo el caso, reunir\u00e1n pruebas, entrevistar\u00e1n a testigos y desarrollar\u00e1n una s\u00f3lida estrategia de defensa adaptada a la situaci\u00f3n espec\u00edfica de su hijo. Adem\u00e1s, un abogado experto en defensa de menores entiende las t\u00e1cticas utilizadas por los fiscales y las fuerzas del orden y puede anticipar sus estrategias. Proteger\u00e1n los derechos de su hijo, impugnar\u00e1n cualquier prueba obtenida ilegalmente y garantizar\u00e1n un trato justo en todas las fases del caso. Su experiencia se extiende a la negociaci\u00f3n de los cargos y la defensa en el juicio, garantizando el mejor resultado posible. En \u00faltima instancia, la comprensi\u00f3n de la importancia de un experto abogado penal juvenil es crucial para salvaguardar los derechos de su hijo y asegurar una resoluci\u00f3n favorable a su caso.<\/p>\n<h2>Nuestros Servicios<\/h2>\n<p><img decoding=\"async\" class=\"alignnone wp-image-2463 size-full\" src=\"https:\/\/cowboylawgroup.com\/wp-content\/uploads\/2024\/07\/tomball-juvenile-defense-copy.webp\" alt=\"Two young men swap dugs\" width=\"500\" height=\"334\" srcset=\"https:\/\/cowboylawgroup.com\/wp-content\/uploads\/2024\/07\/tomball-juvenile-defense-copy.webp 500w, https:\/\/cowboylawgroup.com\/wp-content\/uploads\/2024\/07\/tomball-juvenile-defense-copy-300x200.webp 300w\" sizes=\"(max-width: 500px) 100vw, 500px\" \/><\/p>\n<h3>Ofensas Juveniles de Drogas<\/h3>\n<p>En <a href=\"https:\/\/cowboylawgroup.com\/\">Cowboy Law Group<\/a>, entendemos las graves consecuencias que pueden derivarse de los delitos juveniles de drogas. Nuestros experimentados abogados se dedican a defender a menores acusados de varios cargos relacionados con drogas, incluyendo posesi\u00f3n y distribuci\u00f3n. Examinamos meticulosamente cada caso, escudri\u00f1ando las pruebas en busca de cualquier inconsistencia o violaci\u00f3n de los derechos de nuestros clientes. Nuestro objetivo es desarrollar una s\u00f3lida estrategia de defensa adaptada a la situaci\u00f3n espec\u00edfica de su hijo, ya se trate de impugnar la legalidad de un registro, cuestionar la credibilidad de los testigos, o negociar la reducci\u00f3n de los cargos. Confie en un abogado defensor de menores de Cowboy Law Group para proporcionar la representaci\u00f3n agresiva y bien informada que su hijo necesita para proteger su futuro.<\/p>\n<h3>Cargos Juveniles de Robo<\/h3>\n<p>Los cargos por robo de menores pueden ser desalentadores, pero Cowboy Law Group est\u00e1 aqu\u00ed para proporcionar una defensa legal experta. Nuestros abogados est\u00e1n bien versados en las leyes de Texas relacionadas con el robo y tienen un historial probado de \u00e9xito en la defensa de menores contra diversos delitos relacionados con el robo. Si su hijo se enfrenta a cargos de hurto, hurto mayor o malversaci\u00f3n, vamos a investigar a fondo las circunstancias que rodean el caso. Trabajamos diligentemente para desafiar cualquier acci\u00f3n ilegal tomada por la aplicaci\u00f3n de la ley y para asegurar que los derechos de su hijo sean defendidos. Con Cowboy Law Group a su lado, usted puede estar seguro de recibir una defensa completa y eficaz.<\/p>\n<h3>Cargos de Asalto Juvenil<\/h3>\n<p>Cuando se le acusa de asalto, tener un abogado defensor bien informado y dedicado es crucial. En Cowboy Law Group, nos especializamos en la defensa de menores contra una amplia gama de cargos de asalto, desde el asalto simple hasta el asalto agravado. Nuestros abogados entienden las complejidades de las leyes de asalto en Texas y son expertos en la identificaci\u00f3n de las mejores estrategias de defensa para cada caso \u00fanico. Revisamos meticulosamente todas las pruebas, entrevistamos a los testigos, y exploramos cualquier posible reclamo de autodefensa o errores de procedimiento. Nuestro compromiso es salvaguardar los derechos de su hijo y lograr el resultado m\u00e1s favorable posible, ya sea a trav\u00e9s de la negociaci\u00f3n o el juicio.<\/p>\n<h3>Cargos de Vandalismo Juvenil<\/h3>\n<p>Enfrentarse a cargos de vandalismo puede ser abrumador, pero Cowboy Law Group est\u00e1 aqu\u00ed para ofrecer un apoyo firme y una defensa legal experta. Nuestros abogados tienen una gran experiencia en el manejo de casos de vandalismo juvenil y se dedican a la elaboraci\u00f3n de una estrategia de defensa adaptada a las circunstancias espec\u00edficas de su hijo. Investigamos a fondo el incidente, escudri\u00f1amos las pruebas y buscamos cualquier debilidad o violaci\u00f3n de los derechos de su hijo. Ya sea negociando para reducir los cargos o luchando por la inocencia de su hijo en la corte, Cowboy Law Group se compromete a proteger sus derechos y lograr el mejor resultado posible para su caso.<\/p>\n<h3>Juvenil DWI Cargos<\/h3>\n<p>Un cargo de DWI puede tener graves repercusiones, pero Cowboy Law Group est\u00e1 aqu\u00ed para defender los derechos de su hijo y mitigar el impacto en su vida. Nuestros abogados est\u00e1n altamente cualificados en el manejo de casos de DWI juvenil y est\u00e1n bien versados en los matices de las leyes de Texas DWI. Llevamos a cabo un an\u00e1lisis exhaustivo de las circunstancias que rodearon la detenci\u00f3n de su hijo, incluyendo la legalidad de la parada de tr\u00e1fico y la exactitud de las pruebas de alcoholemia. Nuestras estrategias de defensa pueden incluir la impugnacion de las pruebas, la negociacion de cargos reducidos, o la busqueda de opciones alternativas de sentencia. Con Cowboy Law Group, usted tendra un dedicado y experimentado abogado defensor de menores trabajando incansablemente para lograr el mejor resultado posible para el caso de DWI de su hijo.<\/p>\n<p><a href=\"https:\/\/cowboylawgroup.com\/wp-content\/uploads\/2024\/08\/Juvenile.png\"><img decoding=\"async\" class=\"aligncenter wp-image-2862 size-full\" src=\"https:\/\/cowboylawgroup.com\/wp-content\/uploads\/2024\/08\/Juvenile.png\" alt=\"juvenile services\" width=\"800\" height=\"2000\" srcset=\"https:\/\/cowboylawgroup.com\/wp-content\/uploads\/2024\/08\/Juvenile.png 800w, https:\/\/cowboylawgroup.com\/wp-content\/uploads\/2024\/08\/Juvenile-120x300.png 120w, https:\/\/cowboylawgroup.com\/wp-content\/uploads\/2024\/08\/Juvenile-410x1024.png 410w, https:\/\/cowboylawgroup.com\/wp-content\/uploads\/2024\/08\/Juvenile-768x1920.png 768w, https:\/\/cowboylawgroup.com\/wp-content\/uploads\/2024\/08\/Juvenile-614x1536.png 614w\" sizes=\"(max-width: 800px) 100vw, 800px\" \/><\/a><\/p>\n<h2>Eligiendo el Abogado Penal Juvenil Correcto para su Caso<\/h2>\n<p>La selecci\u00f3n de la asesor\u00eda jur\u00eddica adecuada para la defensa de menores de su hijo es crucial y puede influir significativamente en el resultado de su caso. En <a href=\"https:\/\/cowboylawgroup.com\/the-woodlands\/\">The Woodlands, TX<\/a>, Cowboy Law Group se destaca como una opci\u00f3n de primera para la defensa de menores. Nuestra empresa ofrece una mezcla \u00fanica de experiencia y compromiso con la defensa de menores contra cargos criminales.<\/p>\n<p><strong>La experiencia est\u00e1 a la vanguardia de nuestra pr\u00e1ctica.<\/strong> Nuestros abogados tienen un historial probado en el manejo de casos de menores similares a la suya, con un profundo conocimiento del sistema legal y las complejidades de la ley de menores.<\/p>\n<p><strong>La especializaci\u00f3n es clave.<\/strong> A diferencia de los abogados generales, nuestros abogados dedicados a la defensa de menores se centran exclusivamente en el derecho de menores. Esta especializaci\u00f3n nos equipa con las estrategias y las t\u00e1cticas espec\u00edficas requeridas para construir una defensa robusta adaptada a la situaci\u00f3n de su ni\u00f1o. La<strong>comunicaci\u00f3n y la confianza<\/strong> son parte integral de nuestro enfoque. Nos aseguramos de que los conceptos legales complejos se explican con claridad y mantener a usted ya su hijo actualizado durante todo el caso. Su comprensi\u00f3n y participaci\u00f3n son primordiales para nosotros. <strong>Las consultas iniciales<\/strong> son una oportunidad para experimentar nuestra profesionalidad y dedicaci\u00f3n de primera mano. Le animamos a reunirse con nosotros para evaluar nuestra compatibilidad con sus necesidades y objetivos. Elegir a Cowboy Law Group significa elegir a un equipo dedicado a asegurar el mejor resultado posible para el caso de su hijo. Con nuestra experiencia y enfoque personalizado, usted puede navegar con confianza su batalla legal.<\/p>\n<h2>Explorando el Paisaje Legal en The Woodlands, TX<\/h2>\n<p>The Woodlands, TX cuenta con un paisaje legal vibrante que ofrece una gama de opciones para las personas que necesitan servicios de defensa de menores. Con la presencia de abogados penalistas juveniles y abogados expertos, los residentes pueden estar seguros de que tienen acceso a una representaci\u00f3n legal de calidad. Los abogados defensores privados son empleados por bufetes de abogados privados, y los acusados que los contratan pagan por sus propios servicios legales. Cowboy Law Group es un bufete de abogados prominente en la zona, conocido por su experiencia en el manejo de diversos casos de menores. Adem\u00e1s, hay varios otros abogados defensores de buena reputaci\u00f3n en The Woodlands que se especializan en diferentes \u00e1reas del derecho de menores, asegurando que los clientes puedan encontrar el abogado adecuado para satisfacer sus necesidades espec\u00edficas. El panorama jur\u00eddico en The Woodlands se caracteriza por un compromiso con la defensa de la justicia y la protecci\u00f3n de los derechos de los menores que enfrentan cargos criminales. Ya se trate de la defensa contra los delitos de drogas, cargos de asalto, o delitos de robo, los profesionales del derecho en Cowboy Law Group est\u00e1n bien equipados para manejar una amplia gama de casos. Adem\u00e1s, con su amplio conocimiento de las leyes locales y los procedimientos judiciales, estos abogados defensores pueden proporcionar una valiosa orientaci\u00f3n y apoyo durante todo el proceso legal. Al explorar el panorama legal en The Woodlands, las personas que enfrentan cargos juveniles pueden encontrar consuelo en saber que tienen acceso a profesionales legales competentes y experimentados que luchar\u00e1n diligentemente para proteger sus derechos y asegurar el mejor resultado posible para su caso.<\/p>\n<h2>Defendiendo los derechos de su hijo: El papel de un abogado defensor de menores en The Woodlands<\/h2>\n<p><img loading=\"lazy\" decoding=\"async\" class=\"alignnone wp-image-2183\" src=\"https:\/\/cowboylawgroup.com\/wp-content\/uploads\/2024\/07\/shutterstock_2378803169.webp\" alt=\"A juvenile criminal attorney speaks to the jury in court\" width=\"500\" height=\"334\" srcset=\"https:\/\/cowboylawgroup.com\/wp-content\/uploads\/2024\/07\/shutterstock_2378803169.webp 1000w, https:\/\/cowboylawgroup.com\/wp-content\/uploads\/2024\/07\/shutterstock_2378803169-300x200.webp 300w, https:\/\/cowboylawgroup.com\/wp-content\/uploads\/2024\/07\/shutterstock_2378803169-768x512.webp 768w\" sizes=\"(max-width: 500px) 100vw, 500px\" \/><\/p>\n<p>Cuando su hijo se enfrenta a cargos juveniles en The Woodlands, TX, es crucial contar con un abogado defensor capacitado y con experiencia a su lado. El papel de un abogado defensor va m\u00e1s all\u00e1 de simplemente representar a sus clientes menores de edad en la corte. Juegan un papel vital en la defensa de los derechos de los menores acusados de delitos. Un abogado defensor en The Woodlands entiende las complejidades del sistema legal y trabaja diligentemente para proteger los derechos de su cliente en cada etapa del proceso. Desde la investigaci\u00f3n inicial hasta las negociaciones o el juicio, se aseguran de que sus clientes reciban un trato justo y cuenten con una estrategia de defensa s\u00f3lida. Un abogado defensor examinar\u00e1 minuciosamente las pruebas contra su cliente, impugnar\u00e1 cualquier violaci\u00f3n de sus derechos constitucionales y tratar\u00e1 de suprimir cualquier prueba obtenida ilegalmente. Tambi\u00e9n entrevistar\u00e1 a los testigos, reunir\u00e1 el testimonio de expertos si es necesario, y construir\u00e1 un caso convincente a favor de su cliente. Adem\u00e1s, un abogado defensor abogar\u00e1 por su cliente durante los procedimientos judiciales, interrogar\u00e1 a los testigos y presentar\u00e1 argumentos para apoyar su inocencia o mitigar los cargos y las posibles sanciones. Su objetivo es lograr el mejor resultado posible para sus clientes, ya sea una desestimaci\u00f3n de cargos, cargos reducidos, o una absoluci\u00f3n en el juicio. Al proporcionar orientaci\u00f3n, experiencia y apoyo inquebrantable, un abogado defensor en The Woodlands juega un papel crucial en la protecci\u00f3n de los derechos e intereses de los menores acusados de delitos penales.<\/p>\n<h2>Las cualidades que debe buscar en un abogado defensor de menores en Porter<\/h2>\n<p><img loading=\"lazy\" decoding=\"async\" class=\"alignnone wp-image-2419\" src=\"https:\/\/cowboylawgroup.com\/wp-content\/uploads\/2024\/07\/shutterstock_2408628539.webp\" alt=\"A juvenile criminal attorney speaks to judges in court\" width=\"500\" height=\"308\" srcset=\"https:\/\/cowboylawgroup.com\/wp-content\/uploads\/2024\/07\/shutterstock_2408628539.webp 1000w, https:\/\/cowboylawgroup.com\/wp-content\/uploads\/2024\/07\/shutterstock_2408628539-300x185.webp 300w, https:\/\/cowboylawgroup.com\/wp-content\/uploads\/2024\/07\/shutterstock_2408628539-768x472.webp 768w\" sizes=\"(max-width: 500px) 100vw, 500px\" \/><\/p>\n<p>Al elegir un abogado defensor de menores en The Woodlands, Cowboy Law Group ofrece cualidades inigualables que pueden tener un impacto significativo en el resultado del caso de su hijo.<\/p>\n<p><strong>La experiencia es clave.<\/strong> Nuestro equipo cuenta con un historial probado en el manejo de casos de defensa de menores, incluidos los similares a los suyos. Con un amplio conocimiento y experiencia, navegamos las complejidades del sistema legal con eficacia. La<strong>comunicaci\u00f3n excepcional<\/strong> est\u00e1 en el coraz\u00f3n de nuestra pr\u00e1ctica. Nos aseguramos de que usted entienda completamente el proceso legal, sus opciones, y los resultados potenciales, haciendo conceptos legales complejos accesibles y claros. <strong>La capacidad de respuesta y la accesibilidad<\/strong> son fundamentales para nuestra atenci\u00f3n al cliente. Devolvemos r\u00e1pidamente las llamadas y los correos electr\u00f3nicos, manteni\u00e9ndole informado y apoyado a lo largo de su caso. <strong>La confianza<\/strong> es esencial. En Cowboy Law Group, construimos una relaci\u00f3n basada en la confianza y la confidencialidad, garantizando que la informaci\u00f3n sensible se maneja con el m\u00e1ximo cuidado. <strong>La atenci\u00f3n al detalle<\/strong> es nuestro sello distintivo. Examinamos meticulosamente las pruebas e identificamos cualquier punto d\u00e9bil en el caso de la acusaci\u00f3n, sin dejar piedra sin remover en la construcci\u00f3n de la defensa de su hijo. Escoger a Cowboy Law Group significa asegurar un equipo de defensa juvenil dedicado y experto comprometido a proteger los derechos de su hijo y lograr el mejor resultado posible para su caso. Con nuestra experiencia y enfoque personalizado, usted puede navegar con confianza los desaf\u00edos legales de su hijo.<\/p>\n<h2>Conceptos err\u00f3neos comunes sobre los abogados defensores de menores<\/h2>\n<p>Un error com\u00fan acerca de los abogados defensores de menores es que s\u00f3lo defienden a individuos culpables. Esta creencia se deriva de la idea de que si alguien es acusado de un delito, debe ser culpable. Sin embargo, es esencial recordar que todo el mundo tiene derecho a representaci\u00f3n legal, independientemente de su culpabilidad o inocencia. Los honorarios legales por contratar a un abogado penalista de menores pueden variar en funci\u00f3n de factores como la experiencia del abogado, los acuerdos de facturaci\u00f3n y la ubicaci\u00f3n geogr\u00e1fica. La principal responsabilidad de un abogado defensor de menores cualificado es garantizar que los derechos de su cliente est\u00e9n protegidos y que reciba un juicio justo. Otro concepto err\u00f3neo es que los abogados defensores de menores s\u00f3lo est\u00e1n interesados en ganar casos, independientemente de la verdad. En realidad, los abogados defensores est\u00e1n comprometidos con la b\u00fasqueda de la justicia y la defensa de los principios del sistema legal. Ellos investigan a fondo la evidencia, desaf\u00edan cualquier inconsistencia, y trabajan diligentemente para presentar una defensa fuerte para sus clientes. Adem\u00e1s, algunas personas creen que la contrataci\u00f3n de un abogado penal juvenil es una p\u00e9rdida de dinero y que pueden representarse a s\u00ed mismos adecuadamente en la corte. Sin embargo, navegar por el complejo panorama jur\u00eddico requiere amplios conocimientos y experiencia, que s\u00f3lo un abogado capacitado posee. Intentar representarse a s\u00ed mismo puede llevar a consecuencias perjudiciales, como perderse procedimientos legales cruciales o no presentar una estrategia de defensa convincente. Es vital que las personas que enfrentan cargos juveniles entiendan la importancia de tener un abogado defensor de menores experto a su lado para proteger sus derechos y abogar por sus mejores intereses.<\/p>\n<h2>Hable hoy mismo con un abogado defensor de menores de Cowboy Law Group<\/h2>\n<p><img loading=\"lazy\" decoding=\"async\" class=\"alignnone wp-image-2416\" src=\"https:\/\/cowboylawgroup.com\/wp-content\/uploads\/2024\/07\/shutterstock_1837011781.webp\" alt=\"The Woodlands Juvenile Defense Law Firm\" width=\"500\" height=\"317\" srcset=\"https:\/\/cowboylawgroup.com\/wp-content\/uploads\/2024\/07\/shutterstock_1837011781.webp 1000w, https:\/\/cowboylawgroup.com\/wp-content\/uploads\/2024\/07\/shutterstock_1837011781-300x190.webp 300w, https:\/\/cowboylawgroup.com\/wp-content\/uploads\/2024\/07\/shutterstock_1837011781-768x486.webp 768w\" sizes=\"(max-width: 500px) 100vw, 500px\" \/><\/p>\n<p>\u00bfEsta su hijo enfrentando cargos juveniles en The Woodlands, TX? Pongase en contacto con Cowboy Law Group hoy al <a href=\"tel:+18323262932\"><i class=\"fa fa-phone-alt\"><\/i>832-326-2932<\/a> para una representacion legal experta en su caso. Nuestros abogados expertos en defensa de menores protegeran los derechos de su hijo y construiran una fuerte defensa. Con un amplio conocimiento de <a href=\"https:\/\/www2.tjjd.texas.gov\/publications\/legal\/texas-juvenile-law-9.pdf\" target=\"_blank\" rel=\"noopener\">las leyes juveniles de Texas<\/a> y un historial de \u00e9xito, manejamos casos que van desde delitos de drogas hasta robo y asalto. No navegue este tiempo desafiante solo-hable con un abogado de Cowboy Law Group hoy. Consultas r\u00e1pidas est\u00e1n disponibles para discutir el caso de su hijo y las opciones legales. Llame ahora para salvaguardar el futuro de su hijo y mejorar sus posibilidades de un resultado favorable.<\/p>\n","protected":false},"excerpt":{"rendered":"<p>\u00bfEst\u00e1 enfrentando cargos juveniles en The Woodlands, TX? Si su hijo est\u00e1 enfrentando cargos juveniles en The Woodlands, TX, es crucial tener un abogado penal juvenil calificado para proteger sus derechos y luchar por su futuro. Un abogado experto puede hacer toda la diferencia en el caso de su hijo y ayudar a salvaguardar su [&hellip;]<\/p>\n","protected":false},"author":22,"featured_media":0,"parent":3364,"menu_order":0,"comment_status":"closed","ping_status":"closed","template":"","meta":{"_acf_changed":false,"footnotes":""},"categories":[],"tags":[],"class_list":["post-3385","page","type-page","status-publish","hentry"],"acf":[],"_links":{"self":[{"href":"https:\/\/cowboylawgroup.com\/es\/wp-json\/wp\/v2\/pages\/3385","targetHints":{"allow":["GET"]}}],"collection":[{"href":"https:\/\/cowboylawgroup.com\/es\/wp-json\/wp\/v2\/pages"}],"about":[{"href":"https:\/\/cowboylawgroup.com\/es\/wp-json\/wp\/v2\/types\/page"}],"author":[{"embeddable":true,"href":"https:\/\/cowboylawgroup.com\/es\/wp-json\/wp\/v2\/users\/22"}],"replies":[{"embeddable":true,"href":"https:\/\/cowboylawgroup.com\/es\/wp-json\/wp\/v2\/comments?post=3385"}],"version-history":[{"count":2,"href":"https:\/\/cowboylawgroup.com\/es\/wp-json\/wp\/v2\/pages\/3385\/revisions"}],"predecessor-version":[{"id":3387,"href":"https:\/\/cowboylawgroup.com\/es\/wp-json\/wp\/v2\/pages\/3385\/revisions\/3387"}],"up":[{"embeddable":true,"href":"https:\/\/cowboylawgroup.com\/es\/wp-json\/wp\/v2\/pages\/3364"}],"wp:attachment":[{"href":"https:\/\/cowboylawgroup.com\/es\/wp-json\/wp\/v2\/media?parent=3385"}],"wp:term":[{"taxonomy":"category","embeddable":true,"href":"https:\/\/cowboylawgroup.com\/es\/wp-json\/wp\/v2\/categories?post=3385"},{"taxonomy":"post_tag","embeddable":true,"href":"https:\/\/cowboylawgroup.com\/es\/wp-json\/wp\/v2\/tags?post=3385"}],"curies":[{"name":"wp","href":"https:\/\/api.w.org\/{rel}","templated":true}]}}