{"id":3388,"date":"2026-02-03T08:35:55","date_gmt":"2026-02-03T14:35:55","guid":{"rendered":"https:\/\/cowboylawgroup.com\/en-woodlands\/the-woodlands-abogado-de-defensa-de-asesinato\/"},"modified":"2024-10-18T04:54:32","modified_gmt":"2024-10-18T09:54:32","slug":"the-woodlands-abogado-de-defensa-de-asesinato","status":"publish","type":"page","link":"https:\/\/cowboylawgroup.com\/es\/en-woodlands\/the-woodlands-abogado-de-defensa-de-asesinato\/","title":{"rendered":"The Woodlands Abogado de Defensa de Asesinato"},"content":{"rendered":"<p>Si usted se encuentra frente a un cargo de asesinato en Texas, es crucial buscar la ayuda de un abogado de defensa de asesinato altamente cualificados y con experiencia. El papel de un abogado defensor de asesinato es proteger sus derechos, navegar por las complejidades del sistema legal, y construir una estrategia de defensa fuerte adaptada a su caso. Con las posibles consecuencias de una condena por asesinato siendo graves, encontrar el abogado adecuado es esencial. En este art\u00edculo, vamos a profundizar en las cualidades a buscar en un abogado defensor de asesinato, discutir la importancia de la experiencia en un abogado de asesinato, explorar las leyes de asesinato de Texas y sus implicaciones, y proporcionar ideas sobre la construcci\u00f3n de una estrategia de defensa s\u00f3lida. Si necesita asesoramiento legal experto, p\u00f3ngase en contacto con Cowboy Law Group hoy mismo para hablar con un abogado defensor de homicidios de confianza.<\/p>\n<h2>Comprender el papel de un abogado de defensa de asesinato<\/h2>\n<p><img fetchpriority=\"high\" decoding=\"async\" class=\"alignnone wp-image-2096\" src=\"https:\/\/cowboylawgroup.com\/wp-content\/uploads\/2024\/07\/shutterstock_1169300539.webp\" alt=\"A man in prison for murder gets a visit from his lawyer\" width=\"500\" height=\"282\" srcset=\"https:\/\/cowboylawgroup.com\/wp-content\/uploads\/2024\/07\/shutterstock_1169300539.webp 1000w, https:\/\/cowboylawgroup.com\/wp-content\/uploads\/2024\/07\/shutterstock_1169300539-300x169.webp 300w, https:\/\/cowboylawgroup.com\/wp-content\/uploads\/2024\/07\/shutterstock_1169300539-768x432.webp 768w\" sizes=\"(max-width: 500px) 100vw, 500px\" \/><\/p>\n<p>Entender el papel de un abogado defensor de asesinato es esencial cuando se enfrentan a cargos criminales graves. Los abogados defensores de asesinato se especializan en la defensa de personas acusadas de asesinato u homicidio, proporcionando representaci\u00f3n legal y orientaci\u00f3n a lo largo de todo el proceso legal. Su principal objetivo es proteger los derechos de sus clientes y garantizar que reciban un juicio justo. Estos abogados se encargan de investigar el caso, recopilar pruebas, interrogar a los testigos y desarrollar una s\u00f3lida estrategia de defensa. Analizan las pruebas de la acusaci\u00f3n, cuestionan cualquier incoherencia o punto d\u00e9bil y se esfuerzan por crear una duda razonable en la mente del jurado. Los abogados defensores de homicidio tambi\u00e9n negocian con los fiscales para asegurar potencialmente acuerdos de culpabilidad o cargos reducidos para sus clientes. Adem\u00e1s, proporcionan apoyo emocional a sus clientes y sus familias durante este tiempo dif\u00edcil. Es crucial entender que los abogados defensores de asesinato no condonan o apoyan las acciones criminales, sino que trabajan dentro del sistema legal para asegurar que los acusados sean tratados con justicia y reciban una defensa adecuada. La contrataci\u00f3n de un abogado con experiencia y conocimientos de defensa de asesinato puede afectar significativamente el resultado de un caso, ya que poseen la experiencia y la comprensi\u00f3n de las leyes penales complejas necesarias para navegar por estas situaciones dif\u00edciles.<\/p>\n<h2>Cualidades que debe buscar en un abogado defensor de asesinato<\/h2>\n<p>Cuando se enfrenta a cargos graves como el asesinato, es crucial tener un abogado defensor experto y con experiencia a su lado. Hay varias cualidades que buscar al seleccionar un abogado defensor de asesinato. En primer lugar, la experiencia en derecho penal es esencial. Los casos de asesinato son complejos y requieren un profundo conocimiento del sistema legal, la recopilaci\u00f3n de pruebas y los procedimientos judiciales. Un abogado experto ser\u00e1 capaz de navegar a trav\u00e9s de las complejidades del caso y proporcionar una representaci\u00f3n eficaz. En segundo lugar, una fuerte capacidad de an\u00e1lisis es vital. Un abogado defensor de asesinato debe ser capaz de examinar meticulosamente las pruebas, identificar cualquier inconsistencia o debilidad, y desarrollar una estrategia de defensa s\u00f3lida. La atenci\u00f3n al detalle y la capacidad de pensar cr\u00edticamente son cruciales en la construcci\u00f3n de un caso fuerte. Adem\u00e1s, las habilidades de comunicaci\u00f3n efectiva son primordiales. Un abogado defensor de asesinato debe ser capaz de articular conceptos jur\u00eddicos complejos con claridad a los clientes y jurados por igual. Tambi\u00e9n deben poseer fuertes habilidades de negociaci\u00f3n para asegurar potencialmente acuerdos favorables o cargos reducidos. Por \u00faltimo, la empat\u00eda y la compasi\u00f3n son cualidades importantes a tener en cuenta. Tratar con un caso de asesinato puede ser emocionalmente desafiante para todas las partes involucradas. Un abogado defensor que demuestre empat\u00eda hacia su cliente puede proporcionar el apoyo y la orientaci\u00f3n necesarios durante todo el proceso legal. Teniendo en cuenta estas cualidades, las personas pueden tomar una decisi\u00f3n informada al seleccionar un abogado defensor de asesinato para asegurar el mejor resultado posible para su caso.<\/p>\n<p><a href=\"https:\/\/cowboylawgroup.com\/wp-content\/uploads\/2024\/08\/Murder-Defense.png\"><img decoding=\"async\" class=\"aligncenter size-full wp-image-2877\" src=\"https:\/\/cowboylawgroup.com\/wp-content\/uploads\/2024\/08\/Murder-Defense.png\" alt=\"qualities to look for in a murder defense attorney\" width=\"800\" height=\"2000\" srcset=\"https:\/\/cowboylawgroup.com\/wp-content\/uploads\/2024\/08\/Murder-Defense.png 800w, https:\/\/cowboylawgroup.com\/wp-content\/uploads\/2024\/08\/Murder-Defense-120x300.png 120w, https:\/\/cowboylawgroup.com\/wp-content\/uploads\/2024\/08\/Murder-Defense-410x1024.png 410w, https:\/\/cowboylawgroup.com\/wp-content\/uploads\/2024\/08\/Murder-Defense-768x1920.png 768w, https:\/\/cowboylawgroup.com\/wp-content\/uploads\/2024\/08\/Murder-Defense-614x1536.png 614w\" sizes=\"(max-width: 800px) 100vw, 800px\" \/><\/a><\/p>\n<h2>Navegar por las complejidades de los casos de defensa por asesinato<\/h2>\n<p><img decoding=\"async\" class=\"alignnone wp-image-2097\" src=\"https:\/\/cowboylawgroup.com\/wp-content\/uploads\/2024\/07\/shutterstock_1688525125.webp\" alt=\"A man reviews his case with his murder defense attorney\" width=\"500\" height=\"334\" srcset=\"https:\/\/cowboylawgroup.com\/wp-content\/uploads\/2024\/07\/shutterstock_1688525125.webp 1000w, https:\/\/cowboylawgroup.com\/wp-content\/uploads\/2024\/07\/shutterstock_1688525125-300x200.webp 300w, https:\/\/cowboylawgroup.com\/wp-content\/uploads\/2024\/07\/shutterstock_1688525125-768x512.webp 768w\" sizes=\"(max-width: 500px) 100vw, 500px\" \/><\/p>\n<p>Navegar por las complejidades de los casos de defensa de asesinato requiere un alto nivel de experiencia y habilidad de un abogado defensor de asesinato. Estos casos son inherentemente complejos debido a la gravedad del delito y las consecuencias potencialmente graves para el acusado. Un abogado defensor de asesinato debe tener un profundo conocimiento del derecho penal, la recopilaci\u00f3n de pruebas y an\u00e1lisis, y los procedimientos judiciales. Deben ser capaces de escudri\u00f1ar cada aspecto del caso, desde la investigaci\u00f3n inicial hasta la recopilaci\u00f3n de pruebas, testimonios de testigos y an\u00e1lisis forenses. Adem\u00e1s, deben poseer una excepcional capacidad anal\u00edtica y de resoluci\u00f3n de problemas para identificar los puntos d\u00e9biles de la acusaci\u00f3n o las incoherencias de las pruebas presentadas. Navegar por estas complejidades tambi\u00e9n implica una preparaci\u00f3n minuciosa para el juicio, incluyendo el desarrollo de una estrategia de defensa fuerte, la elaboraci\u00f3n de argumentos persuasivos, y contrainterrogar a los testigos con eficacia. Adem\u00e1s, un abogado defensor de asesinato debe estar bien versado en los precedentes legales y tener la capacidad de anticipar posibles desaf\u00edos u objeciones de la fiscal\u00eda. Tambi\u00e9n deben ser expertos en la presentaci\u00f3n de informaci\u00f3n compleja a un jurado de una manera clara y convincente. En general, navegar con \u00e9xito las complejidades de los casos de defensa de asesinato exige un abogado que est\u00e1 bien informado, estrat\u00e9gico, orientado al detalle, y altamente cualificados en la sala de audiencias.<\/p>\n<h2>La importancia de la experiencia en un abogado de asesinato<\/h2>\n<p>Cuando se trata de defender a personas acusadas de asesinato, la experiencia es de suma importancia en un abogado. Un caso de asesinato es un asunto legal incre\u00edblemente complejo y de alto riesgo que requiere un profundo conocimiento de la ley, el sistema de justicia penal, y las complejidades de la construcci\u00f3n de una estrategia de defensa fuerte. Un abogado de asesinato con experiencia habr\u00e1 pasado a\u00f1os perfeccionando sus habilidades y conocimientos en esta \u00e1rea espec\u00edfica de la ley, lo que les permite navegar por las complejidades de los casos de defensa de asesinato con confianza y experiencia. Ellos habr\u00e1n manejado numerosos casos de asesinato antes, d\u00e1ndoles informaci\u00f3n valiosa sobre las t\u00e1cticas empleadas por los fiscales y las estrategias que funcionan mejor en la defensa contra cargos tan graves. Adem\u00e1s, un abogado con experiencia en asesinatos habr\u00e1 establecido relaciones con actores clave del sistema de justicia penal, como jueces, fiscales y peritos. Esta red puede resultar muy valiosa en la construcci\u00f3n de un equipo de defensa fuerte y el acceso a los recursos que pueden beneficiar en gran medida el caso del cliente. Adem\u00e1s, la experiencia aporta un nivel de credibilidad y fiabilidad a la pr\u00e1ctica de un abogado de asesinato. Los clientes pueden sentirse tranquilos sabiendo que su abogado ha defendido con \u00e9xito a otros que se enfrentan a cargos similares en el pasado. En tales casos de alto riesgo donde las consecuencias son graves, tener un abogado de asesinato con experiencia a su lado puede hacer toda la diferencia en la obtenci\u00f3n de un resultado favorable.<\/p>\n<h2>Leyes de asesinato de Texas y sus implicaciones<\/h2>\n<p><img loading=\"lazy\" decoding=\"async\" class=\"alignnone wp-image-2098\" src=\"https:\/\/cowboylawgroup.com\/wp-content\/uploads\/2024\/07\/shutterstock_2280158919.webp\" alt=\"A man speaks with his murder defense lawyer\" width=\"500\" height=\"334\" srcset=\"https:\/\/cowboylawgroup.com\/wp-content\/uploads\/2024\/07\/shutterstock_2280158919.webp 1000w, https:\/\/cowboylawgroup.com\/wp-content\/uploads\/2024\/07\/shutterstock_2280158919-300x200.webp 300w, https:\/\/cowboylawgroup.com\/wp-content\/uploads\/2024\/07\/shutterstock_2280158919-768x512.webp 768w\" sizes=\"(max-width: 500px) 100vw, 500px\" \/><\/p>\n<p>Las leyes de asesinato de Texas y sus implicaciones pueden tener un impacto significativo en los casos de defensa de asesinato. En Texas, el asesinato es un delito grave que conlleva penas severas, incluyendo la posibilidad de la pena de muerte. El estado reconoce diferentes grados de asesinato, incluyendo el asesinato capital, asesinato en primer grado y asesinato en segundo grado. El asesinato capital es el delito m\u00e1s grave y puede conllevar cadena perpetua sin libertad condicional o la pena de muerte. El asesinato en primer grado implica causar intencionadamente la muerte de otra persona y conlleva una condena de 5 a 99 a\u00f1os de prisi\u00f3n. El asesinato en segundo grado se caracteriza por un menor grado de intencionalidad y conlleva una sentencia de 2 a 20 a\u00f1os de prisi\u00f3n. La comprensi\u00f3n de estas leyes es crucial tanto para los abogados defensores de asesinato y los acusados, ya que navegar por el sistema legal. Las implicaciones de las leyes de asesinato de Texas significan que las estrategias de defensa deben adaptarse a las circunstancias espec\u00edficas de cada caso. Factores como la autodefensa, la locura, o la falta de intenci\u00f3n puede ser utilizado para impugnar los cargos o buscar un menor grado de condena. Adem\u00e1s, el potencial de penas severas subraya la importancia de contratar a un abogado con experiencia en la defensa de asesinato que puede navegar con eficacia las complejidades de las leyes de asesinato de Texas y construir una estrategia de defensa fuerte.<\/p>\n<h2>Construcci\u00f3n de una s\u00f3lida estrategia de defensa en casos de asesinato<\/h2>\n<p>Construir una fuerte estrategia de defensa en casos de asesinato requiere una planificaci\u00f3n cuidadosa y atenci\u00f3n a los detalles. Un abogado experto en casos de asesinato comprende la gravedad de los cargos y la necesidad de proteger los derechos de su cliente. Investigar\u00e1n a fondo el caso, reuniendo pruebas, entrevistando a testigos y examinando cualquier dato forense o cient\u00edfico. Una estrategia de defensa s\u00f3lida puede implicar impugnar las pruebas de la acusaci\u00f3n, cuestionar la credibilidad de los testigos o presentar una teor\u00eda alternativa del delito. Es crucial para el abogado defensor identificar cualquier debilidad en el caso de la acusaci\u00f3n y explotarla en beneficio de su cliente. Adem\u00e1s, puede consultar con testigos expertos, como especialistas forenses o psic\u00f3logos, para que aporten ideas que puedan apoyar su defensa. La comunicaci\u00f3n efectiva con el cliente tambi\u00e9n es vital para construir una estrategia de defensa s\u00f3lida. El abogado necesita entender la versi\u00f3n de los hechos de su cliente y cualquier factor atenuante potencial que pueda presentarse ante el tribunal. Adem\u00e1s, un abogado defensor de asesinato debe ser experto en la navegaci\u00f3n de los procedimientos legales y garantizar que los derechos de su cliente est\u00e1n protegidos durante todo el proceso del juicio. Mediante la elaboraci\u00f3n meticulosa de una estrategia de defensa adaptada a las circunstancias espec\u00edficas del caso, un abogado experto en defensa de asesinato maximiza las posibilidades de lograr un resultado favorable para su cliente.<\/p>\n<h2>Hable hoy mismo con un abogado defensor de asesinato de Cowboy Law Group<\/h2>\n<p>Si se enfrenta a cargos de asesinato en Texas, es fundamental que busque la representaci\u00f3n legal de un abogado experto y con experiencia en la defensa de casos de asesinato. Cowboy Law Group es un bufete de abogados de renombre que se especializa en casos de defensa por asesinato. Ll\u00e1menos hoy al [tel\u00e9fono] para obtener ayuda. Con su experiencia y conocimiento de las leyes de asesinato de Texas, su equipo de abogados dedicados puede proporcionarle la orientaci\u00f3n y el apoyo que necesita durante este tiempo dif\u00edcil. Hablando con un abogado de defensa de asesinato de Cowboy Law Group hoy, usted puede tomar el primer paso hacia la construcci\u00f3n de una estrategia de defensa fuerte. Los abogados de Cowboy Law Group entienden las complejidades de los casos de asesinato y trabajar\u00e1n diligentemente para proteger sus derechos y abogar por sus mejores intereses. Investigar\u00e1n a fondo las pruebas, entrevistar\u00e1n a los testigos y analizar\u00e1n todos los aspectos de su caso para identificar cualquier punto d\u00e9bil en los argumentos de la acusaci\u00f3n. Su objetivo es lograr el mejor resultado posible para usted, ya sea una sentencia reducida, una absoluci\u00f3n, o una desestimaci\u00f3n de los cargos. No se enfrente solo al sistema legal cuando su futuro est\u00e1 en juego. P\u00f3ngase en contacto con Cowboy Law Group hoy mismo para programar una consulta con un abogado defensor de asesinato que luchar\u00e1 incansablemente en su nombre. Para comprender realmente las complejidades de los casos de defensa por asesinato, es crucial entender el papel de un abogado experto en defensa por asesinato. Encontrar un abogado defensor de asesinato con las cualidades adecuadas puede hacer toda la diferencia en la navegaci\u00f3n de estas complejas aguas legales. La experiencia es primordial cuando se trata de defenderse contra cargos tan graves, como las leyes de asesinato de Texas conllevan implicaciones significativas. La construcci\u00f3n de una estrategia de defensa s\u00f3lida requiere experiencia y un profundo conocimiento de la ley. Si usted o alguien que usted conoce se enfrenta a cargos de asesinato, no dude en buscar la orientaci\u00f3n de un abogado de asesinato de buena reputaci\u00f3n. Cowboy Law Group est\u00e1 a s\u00f3lo una llamada de proporcionar la asistencia necesaria en estos tiempos dif\u00edciles. Recuerde, la justicia es un concepto multifac\u00e9tico, y depende de nosotros como sociedad reflexionar sobre el impacto y la importancia de los abogados defensores de asesinato en nuestro sistema de justicia penal.<\/p>\n","protected":false},"excerpt":{"rendered":"<p>Si usted se encuentra frente a un cargo de asesinato en Texas, es crucial buscar la ayuda de un abogado de defensa de asesinato altamente cualificados y con experiencia. El papel de un abogado defensor de asesinato es proteger sus derechos, navegar por las complejidades del sistema legal, y construir una estrategia de defensa fuerte [&hellip;]<\/p>\n","protected":false},"author":43,"featured_media":0,"parent":3364,"menu_order":0,"comment_status":"closed","ping_status":"closed","template":"","meta":{"_acf_changed":false,"footnotes":""},"categories":[1],"tags":[],"class_list":["post-3388","page","type-page","status-publish","hentry","category-blog"],"acf":[],"_links":{"self":[{"href":"https:\/\/cowboylawgroup.com\/es\/wp-json\/wp\/v2\/pages\/3388","targetHints":{"allow":["GET"]}}],"collection":[{"href":"https:\/\/cowboylawgroup.com\/es\/wp-json\/wp\/v2\/pages"}],"about":[{"href":"https:\/\/cowboylawgroup.com\/es\/wp-json\/wp\/v2\/types\/page"}],"author":[{"embeddable":true,"href":"https:\/\/cowboylawgroup.com\/es\/wp-json\/wp\/v2\/users\/43"}],"replies":[{"embeddable":true,"href":"https:\/\/cowboylawgroup.com\/es\/wp-json\/wp\/v2\/comments?post=3388"}],"version-history":[{"count":2,"href":"https:\/\/cowboylawgroup.com\/es\/wp-json\/wp\/v2\/pages\/3388\/revisions"}],"predecessor-version":[{"id":3390,"href":"https:\/\/cowboylawgroup.com\/es\/wp-json\/wp\/v2\/pages\/3388\/revisions\/3390"}],"up":[{"embeddable":true,"href":"https:\/\/cowboylawgroup.com\/es\/wp-json\/wp\/v2\/pages\/3364"}],"wp:attachment":[{"href":"https:\/\/cowboylawgroup.com\/es\/wp-json\/wp\/v2\/media?parent=3388"}],"wp:term":[{"taxonomy":"category","embeddable":true,"href":"https:\/\/cowboylawgroup.com\/es\/wp-json\/wp\/v2\/categories?post=3388"},{"taxonomy":"post_tag","embeddable":true,"href":"https:\/\/cowboylawgroup.com\/es\/wp-json\/wp\/v2\/tags?post=3388"}],"curies":[{"name":"wp","href":"https:\/\/api.w.org\/{rel}","templated":true}]}}