{"id":3402,"date":"2020-12-08T16:35:11","date_gmt":"2020-12-08T22:35:11","guid":{"rendered":"https:\/\/cowboylawgroup.com\/tomball\/"},"modified":"2024-10-18T10:58:29","modified_gmt":"2024-10-18T15:58:29","slug":"tomball","status":"publish","type":"page","link":"https:\/\/cowboylawgroup.com\/es\/tomball\/","title":{"rendered":"Tomball"},"content":{"rendered":"<p>Tomball, TX, es una ciudad hist\u00f3rica situada a unas 30 millas al noroeste del centro de Houston. Conocida por su rica historia, su encanto de pueblo peque\u00f1o y su acogedora comunidad, Tomball se ha convertido en una zona vibrante que atrae a residentes y visitantes por igual.<\/p>\n<p>La ciudad fue fundada a principios del siglo XX y ha conservado gran parte de su car\u00e1cter hist\u00f3rico, sobre todo en el distrito del centro, donde los visitantes pueden encontrar una gran variedad de tiendas de antig\u00fcedades, boutiques y restaurantes.<\/p>\n<p>La educaci\u00f3n es una prioridad, y el Distrito Escolar Independiente de Tomball da servicio a la zona. El distrito es reconocido por sus s\u00f3lidos programas acad\u00e9micos, excelentes actividades extracurriculares y modernas instalaciones, lo que lo convierte en un lugar deseable para las familias.<\/p>\n<p>Tomball ofrece una amplia gama de actividades recreativas. El Parque Burroughs y el Centro Natural Theis Attaway proporcionan amplias oportunidades para los entusiastas del aire libre con sus senderos, lugares de pesca e instalaciones deportivas.<\/p>\n<p>El Tomball Depot Plaza, un hist\u00f3rico dep\u00f3sito ferroviario, es un punto de encuentro para los eventos de la comunidad, incluido el popular Festival Alem\u00e1n, que celebra la herencia alemana de la ciudad con m\u00fasica, comida y actividades culturales.<\/p>\n<p>Los servicios sanitarios son de f\u00e1cil acceso, destacando la presencia del vanguardista Centro M\u00e9dico Regional de Tomball.<\/p>\n<p>La mezcla de encanto hist\u00f3rico, servicios modernos y esp\u00edritu comunitario de la ciudad la convierten en un lugar \u00fanico y atractivo para vivir, trabajar y visitar.<\/p>\n","protected":false},"excerpt":{"rendered":"<p>Tomball, TX, es una ciudad hist\u00f3rica situada a unas 30 millas al noroeste del centro de Houston. Conocida por su rica historia, su encanto de pueblo peque\u00f1o y su acogedora comunidad, Tomball se ha convertido en una zona vibrante que atrae a residentes y visitantes por igual. La ciudad fue fundada a principios del siglo [&hellip;]<\/p>\n","protected":false},"author":22,"featured_media":3097,"parent":0,"menu_order":0,"comment_status":"closed","ping_status":"closed","template":"","meta":{"_acf_changed":false,"footnotes":""},"categories":[],"tags":[],"class_list":["post-3402","page","type-page","status-publish","has-post-thumbnail","hentry"],"acf":[],"_links":{"self":[{"href":"https:\/\/cowboylawgroup.com\/es\/wp-json\/wp\/v2\/pages\/3402","targetHints":{"allow":["GET"]}}],"collection":[{"href":"https:\/\/cowboylawgroup.com\/es\/wp-json\/wp\/v2\/pages"}],"about":[{"href":"https:\/\/cowboylawgroup.com\/es\/wp-json\/wp\/v2\/types\/page"}],"author":[{"embeddable":true,"href":"https:\/\/cowboylawgroup.com\/es\/wp-json\/wp\/v2\/users\/22"}],"replies":[{"embeddable":true,"href":"https:\/\/cowboylawgroup.com\/es\/wp-json\/wp\/v2\/comments?post=3402"}],"version-history":[{"count":2,"href":"https:\/\/cowboylawgroup.com\/es\/wp-json\/wp\/v2\/pages\/3402\/revisions"}],"predecessor-version":[{"id":3404,"href":"https:\/\/cowboylawgroup.com\/es\/wp-json\/wp\/v2\/pages\/3402\/revisions\/3404"}],"wp:featuredmedia":[{"embeddable":true,"href":"https:\/\/cowboylawgroup.com\/es\/wp-json\/wp\/v2\/media\/3097"}],"wp:attachment":[{"href":"https:\/\/cowboylawgroup.com\/es\/wp-json\/wp\/v2\/media?parent=3402"}],"wp:term":[{"taxonomy":"category","embeddable":true,"href":"https:\/\/cowboylawgroup.com\/es\/wp-json\/wp\/v2\/categories?post=3402"},{"taxonomy":"post_tag","embeddable":true,"href":"https:\/\/cowboylawgroup.com\/es\/wp-json\/wp\/v2\/tags?post=3402"}],"curies":[{"name":"wp","href":"https:\/\/api.w.org\/{rel}","templated":true}]}}