{"id":3422,"date":"2021-02-04T15:04:32","date_gmt":"2021-02-04T21:04:32","guid":{"rendered":"https:\/\/cowboylawgroup.com\/westfield\/"},"modified":"2024-10-18T11:58:34","modified_gmt":"2024-10-18T16:58:34","slug":"westfield","status":"publish","type":"page","link":"https:\/\/cowboylawgroup.com\/es\/westfield\/","title":{"rendered":"Westfield"},"content":{"rendered":"<p>Westfield, TX, es un lugar designado por el censo situado en el condado de Harris, dentro del \u00e1rea metropolitana de Greater Houston. Situado al norte de Houston, Westfield ofrece un estilo de vida suburbano con un c\u00f3modo acceso a los servicios urbanos. La comunidad se beneficia de su proximidad a las principales autopistas, incluyendo la Interestatal 45 y la Hardy Toll Road, facilitando los desplazamientos al centro de Houston y otras \u00e1reas circundantes.<br \/>\nWestfield se caracteriza por sus diversos barrios residenciales, con una variedad de opciones de vivienda que atienden a diferentes necesidades y preferencias. La zona es conocida por su ambiente familiar, con numerosos parques, zonas de juego e instalaciones recreativas que favorecen un estilo de vida activo y orientado al aire libre. Una zona verde notable es el Mercer Arboretum and Botanic Gardens, una atracci\u00f3n cercana que ofrece hermosos jardines, senderos para caminar y programas educativos.<br \/>\nLa educaci\u00f3n en Westfield es atendida principalmente por el Distrito Escolar Independiente de Spring, que incluye varias escuelas primarias, intermedias y secundarias conocidas por sus programas acad\u00e9micos y extracurriculares. La comunidad pone un fuerte \u00e9nfasis en la educaci\u00f3n de calidad y el desarrollo de la juventud.<\/p>\n<p><a href=\"https:\/\/en.wikipedia.org\/wiki\/Westfield,_Texas\" target=\"_blank\" rel=\"noopener\">Westfield<\/a> tambi\u00e9n cuenta con una mezcla de empresas locales, centros comerciales y restaurantes que ofrecen comodidad y variedad para los residentes. El desarrollo continuo de la zona y el ambiente orientado a la comunidad hacen que sea un lugar atractivo para las familias y las personas que buscan un estilo de vida suburbano con f\u00e1cil acceso a la bulliciosa vida de la ciudad de Houston.<\/p>\n<p>&nbsp;<\/p>\n","protected":false},"excerpt":{"rendered":"<p>Westfield, TX, es un lugar designado por el censo situado en el condado de Harris, dentro del \u00e1rea metropolitana de Greater Houston. Situado al norte de Houston, Westfield ofrece un estilo de vida suburbano con un c\u00f3modo acceso a los servicios urbanos. La comunidad se beneficia de su proximidad a las principales autopistas, incluyendo la [&hellip;]<\/p>\n","protected":false},"author":22,"featured_media":3099,"parent":0,"menu_order":0,"comment_status":"closed","ping_status":"closed","template":"","meta":{"_acf_changed":false,"footnotes":""},"categories":[],"tags":[],"class_list":["post-3422","page","type-page","status-publish","has-post-thumbnail","hentry"],"acf":[],"_links":{"self":[{"href":"https:\/\/cowboylawgroup.com\/es\/wp-json\/wp\/v2\/pages\/3422","targetHints":{"allow":["GET"]}}],"collection":[{"href":"https:\/\/cowboylawgroup.com\/es\/wp-json\/wp\/v2\/pages"}],"about":[{"href":"https:\/\/cowboylawgroup.com\/es\/wp-json\/wp\/v2\/types\/page"}],"author":[{"embeddable":true,"href":"https:\/\/cowboylawgroup.com\/es\/wp-json\/wp\/v2\/users\/22"}],"replies":[{"embeddable":true,"href":"https:\/\/cowboylawgroup.com\/es\/wp-json\/wp\/v2\/comments?post=3422"}],"version-history":[{"count":2,"href":"https:\/\/cowboylawgroup.com\/es\/wp-json\/wp\/v2\/pages\/3422\/revisions"}],"predecessor-version":[{"id":3424,"href":"https:\/\/cowboylawgroup.com\/es\/wp-json\/wp\/v2\/pages\/3422\/revisions\/3424"}],"wp:featuredmedia":[{"embeddable":true,"href":"https:\/\/cowboylawgroup.com\/es\/wp-json\/wp\/v2\/media\/3099"}],"wp:attachment":[{"href":"https:\/\/cowboylawgroup.com\/es\/wp-json\/wp\/v2\/media?parent=3422"}],"wp:term":[{"taxonomy":"category","embeddable":true,"href":"https:\/\/cowboylawgroup.com\/es\/wp-json\/wp\/v2\/categories?post=3422"},{"taxonomy":"post_tag","embeddable":true,"href":"https:\/\/cowboylawgroup.com\/es\/wp-json\/wp\/v2\/tags?post=3422"}],"curies":[{"name":"wp","href":"https:\/\/api.w.org\/{rel}","templated":true}]}}