{"id":3425,"date":"2024-07-19T08:13:59","date_gmt":"2024-07-19T13:13:59","guid":{"rendered":"https:\/\/cowboylawgroup.com\/westfield\/westfield-abogado-de-defensa-criminal\/"},"modified":"2024-10-18T12:06:54","modified_gmt":"2024-10-18T17:06:54","slug":"westfield-abogado-de-defensa-criminal","status":"publish","type":"page","link":"https:\/\/cowboylawgroup.com\/es\/westfield\/westfield-abogado-de-defensa-criminal\/","title":{"rendered":"Westfield Abogado de Defensa Criminal"},"content":{"rendered":"<p><strong>\u00bfEst\u00e1 enfrentando cargos criminales en Westfield, TX?<\/strong><\/p>\n<p>Si es as\u00ed, es crucial tener un abogado de defensa criminal calificado a su lado para proteger sus derechos y luchar por su libertad. Un abogado calificado puede hacer toda la diferencia en su caso y preservar su libertad. Ll\u00e1menos hoy al <a href=\"tel:+18323262932\"><i class=\"fa fa-phone-alt\"><\/i>832-326-2932<\/a> para salvaguardar su futuro.<\/p>\n<h2>Entendiendo la Importancia de un Abogado Criminalista Calificado<\/h2>\n<p><img fetchpriority=\"high\" decoding=\"async\" class=\"alignnone wp-image-2183\" src=\"https:\/\/cowboylawgroup.com\/wp-content\/uploads\/2024\/07\/shutterstock_2378803169.webp\" alt=\"A Westfield criminal defense lawyer represents his client in a criminal trial\" width=\"500\" height=\"334\" srcset=\"https:\/\/cowboylawgroup.com\/wp-content\/uploads\/2024\/07\/shutterstock_2378803169.webp 1000w, https:\/\/cowboylawgroup.com\/wp-content\/uploads\/2024\/07\/shutterstock_2378803169-300x200.webp 300w, https:\/\/cowboylawgroup.com\/wp-content\/uploads\/2024\/07\/shutterstock_2378803169-768x512.webp 768w\" sizes=\"(max-width: 500px) 100vw, 500px\" \/><\/p>\n<p>Cuando se enfrenta a cargos criminales en Westfield, TX, es crucial entender la importancia de contratar a un abogado experto en defensa criminal. El resultado de su caso puede tener un impacto significativo en su vida, y tener la representaci\u00f3n legal adecuada puede hacer toda la diferencia. Un abogado penalista cualificado posee los conocimientos, la experiencia y la pericia para desenvolverse con eficacia en el complejo sistema de justicia penal. Est\u00e1n bien versados en derecho penal y pueden proporcionarle asesoramiento experto y orientaci\u00f3n a lo largo de todo el proceso. Investigar\u00e1n a fondo su caso, reunir\u00e1n pruebas, entrevistar\u00e1n a testigos y desarrollar\u00e1n una s\u00f3lida estrategia de defensa adaptada a su situaci\u00f3n espec\u00edfica. Adem\u00e1s, un abogado de defensa criminal experto entiende las t\u00e1cticas utilizadas por los fiscales y la aplicaci\u00f3n de la ley y puede anticipar sus estrategias. Proteger\u00e1n sus derechos, impugnar\u00e1n cualquier prueba obtenida ilegalmente y se asegurar\u00e1n de que reciba un trato justo en todas las fases de su caso. Su experiencia se extiende a las negociaciones de los cargos y la defensa en el juicio, asegurando que usted reciba el mejor resultado posible. En \u00faltima instancia, la comprensi\u00f3n de la importancia de un abogado de defensa criminal experto es crucial para salvaguardar sus derechos y asegurar una resoluci\u00f3n favorable a su caso.<\/p>\n<h2>Nuestros Servicios<\/h2>\n<p><img decoding=\"async\" class=\"alignnone wp-image-2182\" src=\"https:\/\/cowboylawgroup.com\/wp-content\/uploads\/2024\/07\/shutterstock_2310640113-1.webp\" alt=\"Cowboy law group defense attorney consults with a client\" width=\"500\" height=\"334\" srcset=\"https:\/\/cowboylawgroup.com\/wp-content\/uploads\/2024\/07\/shutterstock_2310640113-1.webp 1000w, https:\/\/cowboylawgroup.com\/wp-content\/uploads\/2024\/07\/shutterstock_2310640113-1-300x200.webp 300w, https:\/\/cowboylawgroup.com\/wp-content\/uploads\/2024\/07\/shutterstock_2310640113-1-768x512.webp 768w\" sizes=\"(max-width: 500px) 100vw, 500px\" \/><\/p>\n<h3>Delitos de Drogas<\/h3>\n<p>En Cowboy Law Group, entendemos las graves consecuencias que pueden derivarse de los cargos por delitos de drogas. Nuestros experimentados abogados se dedican a defender a clientes acusados de varios delitos de drogas, incluyendo posesi\u00f3n, distribuci\u00f3n y tr\u00e1fico. Examinamos meticulosamente cada caso, escudri\u00f1ando las pruebas en busca de cualquier inconsistencia o violaci\u00f3n de los derechos de nuestros clientes. Nuestro objetivo es desarrollar una estrategia de defensa s\u00f3lida adaptada a su situaci\u00f3n espec\u00edfica, ya se trate de impugnar la legalidad de un registro, cuestionar la credibilidad de los testigos, o negociar la reducci\u00f3n de los cargos. Confie en un abogado de defensa criminal de Cowboy Law Group para proporcionar la representaci\u00f3n agresiva y bien informada que usted necesita para proteger su futuro.<\/p>\n<h3>Cargos por armas<\/h3>\n<p>Enfrentarse a cargos por armas de fuego puede ser desalentador, pero Cowboy Law Group esta aqui para proporcionar una experta defensa legal. Nuestros abogados estan bien versados en las leyes de armas de Texas y tienen un historial probado de \u00e9xito en la defensa de clientes contra diversos delitos relacionados con armas de fuego. Tanto si se enfrenta a cargos de posesi\u00f3n ilegal, descarga ilegal o uso de un arma de fuego en la comisi\u00f3n de un delito, investigaremos a fondo las circunstancias que rodean su caso. Trabajamos diligentemente para desafiar cualquier acci\u00f3n ilegal tomada por las fuerzas del orden y para asegurar que sus derechos sean respetados. Con Cowboy Law Group a su lado, usted puede estar seguro de recibir una defensa comprensiva y efectiva.<\/p>\n<h3>Defensa por asesinato<\/h3>\n<p>Cowboy Law Group ofrece s\u00f3lidos servicios de defensa para aquellos que se enfrentan a los cargos m\u00e1s graves: asesinato. Nuestros experimentados abogados de defensa criminal aportan una amplia experiencia y un profundo conocimiento de las complejidades legales implicadas en los casos de asesinato. Llevamos a cabo una investigaci\u00f3n exhaustiva, reuniendo pruebas y trabajando con expertos para construir una defensa s\u00f3lida. Nuestro equipo es experto en identificar los puntos d\u00e9biles del caso de la fiscal\u00eda, ya se trate de pruebas forenses, testimonios de testigos o errores de procedimiento. En Cowboy Law Group, estamos comprometidos a proteger sus derechos y luchar por el mejor resultado posible, asegurando que usted reciba un juicio justo y una defensa poderosa.<\/p>\n<h3>Defensa de Asalto<\/h3>\n<p>Cuando se le acusa de asalto, tener un abogado defensor bien informado y dedicado es crucial. En Cowboy Law Group, nos especializamos en la defensa de clientes contra una amplia gama de cargos de asalto, de asalto simple a asalto agravado. Nuestros abogados entienden las complejidades de las leyes de asalto en Texas y son expertos en la identificaci\u00f3n de las mejores estrategias de defensa para cada caso \u00fanico. Revisamos meticulosamente todas las pruebas, entrevistamos a los testigos y exploramos cualquier posible reclamo de autodefensa o errores de procedimiento. Nuestro compromiso es salvaguardar sus derechos y lograr el resultado m\u00e1s favorable posible, ya sea a trav\u00e9s de la negociaci\u00f3n o el juicio.<\/p>\n<h3>Cargos por Robo<\/h3>\n<p>Enfrentarse a cargos por robo puede ser abrumador, pero Cowboy Law Group est\u00e1 aqu\u00ed para ofrecer un apoyo firme y una defensa legal experta. Nuestros abogados tienen una gran experiencia en el manejo de casos de robo y se dedican a la elaboraci\u00f3n de una estrategia de defensa adaptada a sus circunstancias espec\u00edficas. Investigamos a fondo el incidente, escudri\u00f1amos la evidencia, y buscamos cualquier debilidad o violaci\u00f3n de sus derechos. Ya sea negociando para reducir los cargos o luchando por su inocencia en la corte, Cowboy Law Group se compromete a proteger sus derechos y lograr el mejor resultado posible para su caso.<\/p>\n<h3>Defensa de Robo<\/h3>\n<p>Si se enfrenta a cargos por robo, Cowboy Law Group est\u00e1 preparado para proporcionarle la defensa rigurosa que necesita. Nuestros experimentados abogados de defensa penal han defendido con \u00e9xito a clientes contra diversos cargos relacionados con el robo, incluyendo hurto, hurto mayor y malversaci\u00f3n. Examinamos cuidadosamente la evidencia, desafiamos cualquier error procesal, y exploramos todas las defensas posibles para construir un caso fuerte. Nuestro objetivo es proteger sus derechos y su reputacion, buscando el mejor resultado posible, ya sea negociando un acuerdo favorable o defendiendolo agresivamente en la corte. Confie en Cowboy Law Group para ser su defensor frente a cargos de robo.<\/p>\n<h3>Defensa de DWI<\/h3>\n<p>Un cargo de DWI puede tener serias repercusiones, pero Cowboy Law Group esta aqui para defender sus derechos y mitigar el impacto en su vida. Nuestros abogados son altamente calificados en el manejo de casos de DWI y est\u00e1n bien versados en los matices de las leyes de Texas DWI. Llevamos a cabo un an\u00e1lisis exhaustivo de las circunstancias que rodearon su detenci\u00f3n, incluida la legalidad de la parada de tr\u00e1fico y la exactitud de las pruebas de alcoholemia. Nuestras estrategias de defensa pueden incluir la impugnacion de las pruebas, la negociacion de cargos reducidos, o la busqueda de opciones alternativas de sentencia. Con Cowboy Law Group, usted tendr\u00e1 un abogado de defensa criminal dedicado y con experiencia trabajando incansablemente para lograr el mejor resultado posible para su caso de DWI.<\/p>\n<p><a href=\"https:\/\/cowboylawgroup.com\/westfield-tx\/juvenile-defense-lawyer\/\"><em>\u00bfNecesita un abogado de defensa juvenil en Westfield?<\/em><\/a><\/p>\n<h2>Elegir el abogado de defensa criminal adecuado para su caso<\/h2>\n<div class=\"flex flex-grow flex-col max-w-full\">\n<div class=\"min-h-[20px] text-message flex w-full flex-col items-end gap-2 whitespace-pre-wrap break-words [.text-message+&amp;]:mt-5 overflow-x-auto\" dir=\"auto\" data-message-author-role=\"assistant\" data-message-id=\"e97f7a6f-d648-4504-891f-3a984e14afce\">\n<div class=\"flex w-full flex-col gap-1 empty:hidden first:pt-[3px]\">\n<div class=\"markdown prose w-full break-words dark:prose-invert dark\">\n<p><img decoding=\"async\" class=\"alignnone wp-image-2098\" src=\"https:\/\/cowboylawgroup.com\/wp-content\/uploads\/2024\/07\/shutterstock_2280158919.webp\" alt=\"A criminal lawyer speaks with their client\" width=\"500\" height=\"334\" srcset=\"https:\/\/cowboylawgroup.com\/wp-content\/uploads\/2024\/07\/shutterstock_2280158919.webp 1000w, https:\/\/cowboylawgroup.com\/wp-content\/uploads\/2024\/07\/shutterstock_2280158919-300x200.webp 300w, https:\/\/cowboylawgroup.com\/wp-content\/uploads\/2024\/07\/shutterstock_2280158919-768x512.webp 768w\" sizes=\"(max-width: 500px) 100vw, 500px\" \/><\/p>\n<p>La selecci\u00f3n de la asesor\u00eda jur\u00eddica adecuada para su defensa penal es vital y puede influir significativamente en el resultado de su caso. En Westfield, TX, <a href=\"https:\/\/cowboylawgroup.com\/\">Cowboy Law Group<\/a> se destaca como una opci\u00f3n de primera para la defensa penal. Nuestra empresa ofrece una mezcla \u00fanica de experiencia y compromiso con la defensa de clientes contra cargos criminales.<\/p>\n<p>La experiencia est\u00e1 a la vanguardia de nuestra pr\u00e1ctica. Nuestros abogados tienen un historial probado en el manejo de casos similares al suyo, con un profundo conocimiento del sistema legal y las complejidades del derecho penal.<\/p>\n<p>La especializaci\u00f3n es clave. A diferencia de los abogados generalistas, nuestros abogados dedicados a la defensa penal se centran exclusivamente en el derecho penal. Esta especializaci\u00f3n nos equipa con las estrategias y t\u00e1cticas espec\u00edficas requeridas para construir una defensa robusta adaptada a su situaci\u00f3n. La comunicaci\u00f3n y la confianza son parte integral de nuestro enfoque. Nos aseguramos de que los conceptos jur\u00eddicos complejos se explican con claridad y le mantenemos actualizado a lo largo de su caso. Su comprensi\u00f3n y participaci\u00f3n son primordiales para nosotros. Las consultas iniciales son una oportunidad para experimentar nuestra profesionalidad y dedicaci\u00f3n de primera mano. Le animamos a reunirse con nosotros para evaluar nuestra compatibilidad con sus necesidades y objetivos. Elegir a Cowboy Law Group significa elegir a un equipo dedicado a asegurar el mejor resultado posible para su caso. Con nuestra experiencia y enfoque personalizado, puede navegar con confianza su batalla legal.<\/p>\n<h2>Explorando el Paisaje Legal en Westfield, TX<\/h2>\n<p><img loading=\"lazy\" decoding=\"async\" class=\"alignnone wp-image-2418\" src=\"https:\/\/cowboylawgroup.com\/wp-content\/uploads\/2024\/07\/shutterstock_2056444907.webp\" alt=\"A Westfield criminal defense lawyer speaks to the jury\" width=\"500\" height=\"282\" srcset=\"https:\/\/cowboylawgroup.com\/wp-content\/uploads\/2024\/07\/shutterstock_2056444907.webp 1000w, https:\/\/cowboylawgroup.com\/wp-content\/uploads\/2024\/07\/shutterstock_2056444907-300x169.webp 300w, https:\/\/cowboylawgroup.com\/wp-content\/uploads\/2024\/07\/shutterstock_2056444907-768x432.webp 768w\" sizes=\"(max-width: 500px) 100vw, 500px\" \/><\/p>\n<p>Westfield, TX cuenta con un paisaje legal vibrante que ofrece una gama de opciones para las personas que necesitan servicios de defensa penal. Con la presencia de h\u00e1biles abogados de defensa criminal y abogados, los residentes pueden estar seguros de que tienen acceso a una representaci\u00f3n legal de calidad. Los abogados defensores privados son empleados por bufetes de abogados privados, y los acusados que los contratan pagan por sus propios servicios legales. Cowboy Law Group es un bufete de abogados prominente en la zona, conocido por su experiencia en el manejo de diversos casos penales. Adem\u00e1s, hay varios otros abogados defensores de buena reputaci\u00f3n en Westfield que se especializan en diferentes \u00e1reas del derecho penal, asegurando que los clientes pueden encontrar el abogado adecuado para satisfacer sus necesidades espec\u00edficas. El panorama jur\u00eddico en Westfield se caracteriza por un compromiso con la defensa de la justicia y la protecci\u00f3n de los derechos de las personas que enfrentan cargos criminales. Ya se trate de la defensa contra los delitos de drogas, cargos de asalto, o delitos de cuello blanco, los profesionales del derecho en Cowboy Law Group est\u00e1n bien equipados para manejar una amplia gama de casos. Adem\u00e1s, con su amplio conocimiento de las leyes locales y los procedimientos judiciales, estos abogados defensores pueden proporcionar una valiosa orientaci\u00f3n y apoyo durante todo el proceso legal. Al explorar el panorama jur\u00eddico en Westfield, las personas que enfrentan cargos penales pueden encontrar consuelo en saber que tienen acceso a profesionales del derecho competentes y experimentados que luchar\u00e1n diligentemente para proteger sus derechos y asegurar el mejor resultado posible para su caso.<\/p>\n<h2>Defendiendo Sus Derechos: El papel de un abogado de defensa criminal en Westfield<\/h2>\n<p>Cuando se enfrenta a cargos criminales en Westfield, TX, es crucial tener un abogado defensor h\u00e1bil y experimentado a su lado. El papel de un abogado defensor va m\u00e1s all\u00e1 de simplemente representar a sus clientes acusados de delitos en la corte. Ellos juegan un papel vital en la defensa de los derechos de las personas acusadas de delitos. Un abogado defensor en Westfield entiende las complejidades del sistema legal y trabaja diligentemente para proteger los derechos de su cliente en cada etapa del proceso. Desde la investigaci\u00f3n inicial hasta las negociaciones o el juicio, se aseguran de que sus clientes reciban un trato justo y tengan una estrategia de defensa s\u00f3lida. Un abogado defensor examinar\u00e1 minuciosamente las pruebas contra su cliente, impugnar\u00e1 cualquier violaci\u00f3n de sus derechos constitucionales y tratar\u00e1 de suprimir cualquier prueba obtenida ilegalmente. Tambi\u00e9n entrevistar\u00e1 a los testigos, reunir\u00e1 testimonios de expertos si es necesario, y construir\u00e1 un caso convincente a favor de su cliente. Adem\u00e1s, un abogado defensor abogar\u00e1 por su cliente durante los procedimientos judiciales, interrogar a los testigos, y presentar argumentos para apoyar su inocencia o mitigar los cargos y posibles sanciones. Su objetivo es lograr el mejor resultado posible para sus clientes, ya sea una desestimaci\u00f3n de cargos, cargos reducidos, o una absoluci\u00f3n en el juicio. Al proporcionar orientaci\u00f3n, experiencia y apoyo inquebrantable, un abogado defensor en Westfield juega un papel crucial en la protecci\u00f3n de los derechos e intereses de los acusados de delitos penales.<\/p>\n<h2>Las Cualidades a Buscar en un Abogado Penalista en Westfield<\/h2>\n<p><img loading=\"lazy\" decoding=\"async\" class=\"alignnone wp-image-2459 size-full\" src=\"https:\/\/cowboylawgroup.com\/wp-content\/uploads\/2024\/07\/spring-criminal-defense-copy.jpg\" alt=\"An officer arrests a young man\" width=\"500\" height=\"334\" srcset=\"https:\/\/cowboylawgroup.com\/wp-content\/uploads\/2024\/07\/spring-criminal-defense-copy.jpg 500w, https:\/\/cowboylawgroup.com\/wp-content\/uploads\/2024\/07\/spring-criminal-defense-copy-300x200.jpg 300w\" sizes=\"(max-width: 500px) 100vw, 500px\" \/><\/p>\n<p>Al elegir un abogado penalista en Westfield, Cowboy Law Group ofrece cualidades inigualables que pueden tener un impacto significativo en el resultado de su caso.<br \/>\nLa experiencia es clave. Nuestro equipo cuenta con un historial probado en el manejo de casos de defensa penal, incluidos los similares a los suyos. Con un amplio conocimiento y experiencia, navegamos las complejidades del sistema legal con eficacia. La comunicaci\u00f3n excepcional est\u00e1 en el coraz\u00f3n de nuestra pr\u00e1ctica. Nos aseguramos de que usted entienda completamente el proceso legal, sus opciones, y los resultados potenciales, haciendo conceptos legales complejos accesibles y claros. La capacidad de respuesta y la accesibilidad son fundamentales para nuestra atenci\u00f3n al cliente. Devolvemos r\u00e1pidamente las llamadas y los correos electr\u00f3nicos, manteni\u00e9ndole informado y apoyado a lo largo de su caso. La confianza es esencial. En Cowboy Law Group, construimos una relaci\u00f3n basada en la confianza y la confidencialidad, garantizando que la informaci\u00f3n sensible se maneja con el m\u00e1ximo cuidado. La atenci\u00f3n al detalle es nuestro sello distintivo. Examinamos meticulosamente las pruebas e identificamos cualquier punto d\u00e9bil en el caso de la acusaci\u00f3n, sin dejar piedra sin remover en la construcci\u00f3n de su defensa. Elegir a Cowboy Law Group significa asegurar un equipo de defensa criminal dedicado y experto comprometido a proteger sus derechos y lograr el mejor resultado posible para su caso. Con nuestra experiencia y enfoque personalizado, puede navegar con confianza sus desaf\u00edos legales.<\/p>\n<h2>Conceptos err\u00f3neos comunes sobre los abogados penalistas<\/h2>\n<p>Un error com\u00fan acerca de los abogados de defensa criminal es que s\u00f3lo defienden a individuos culpables. Esta creencia se deriva de la idea de que si alguien es acusado de un delito, debe ser culpable. Sin embargo, es esencial recordar que todo el mundo tiene derecho a representaci\u00f3n legal, independientemente de su culpabilidad o inocencia. Los honorarios legales por contratar a un abogado de defensa criminal pueden variar en funci\u00f3n de factores como la experiencia del abogado, los acuerdos de facturaci\u00f3n y la ubicaci\u00f3n geogr\u00e1fica. La principal responsabilidad de un abogado penalista cualificado es garantizar que los derechos de su cliente est\u00e9n protegidos y que reciba un juicio justo. Otro concepto err\u00f3neo es que los abogados de defensa criminal s\u00f3lo est\u00e1n interesados en ganar casos, independientemente de la verdad. En realidad, los abogados defensores est\u00e1n comprometidos con la b\u00fasqueda de la justicia y la defensa de los principios del sistema legal. Ellos investigan a fondo las pruebas, impugnan cualquier inconsistencia, y trabajan diligentemente para presentar una fuerte defensa para sus clientes. Adem\u00e1s, algunas personas creen que la contrataci\u00f3n de un abogado de defensa criminal es una p\u00e9rdida de dinero y que pueden representarse adecuadamente a s\u00ed mismos en la corte. Sin embargo, navegar por el complejo panorama legal requiere amplios conocimientos y experiencia, que s\u00f3lo un abogado capacitado posee. Intentar representarse a s\u00ed mismo puede acarrear consecuencias perjudiciales, como saltarse procedimientos legales cruciales o no presentar una estrategia de defensa convincente. Es vital que las personas que se enfrentan a cargos criminales entiendan la importancia de tener un abogado de defensa criminal experto a su lado para proteger sus derechos y abogar por sus mejores intereses.<\/p>\n<h2>Hable hoy mismo con un abogado de defensa penal de Cowboy Law Group<\/h2>\n<p>\u00bfSe enfrenta a cargos penales en Westfield, TX? P\u00f3ngase en contacto con Cowboy Law Group hoy en <a href=\"tel:+18323262932\"><i class=\"fa fa-phone-alt\"><\/i>832-326-2932<\/a> para la representaci\u00f3n legal de expertos en su caso criminal. Nuestros abogados expertos en defensa criminal proteger\u00e1n sus derechos y construir\u00e1n una defensa fuerte. Con un amplio conocimiento de <a href=\"https:\/\/guides.sll.texas.gov\/criminal-laws\" target=\"_blank\" rel=\"noopener\">las leyes penales de Texas<\/a> y un historial de \u00e9xito, manejamos casos que van desde delitos de drogas a DUI y asalto. No navegue este tiempo desafiante solo-hable con un abogado de Cowboy Law Group hoy. Consultas r\u00e1pidas est\u00e1n disponibles para discutir su caso y opciones legales. Llame ahora para salvaguardar su libertad y mejorar sus posibilidades de un resultado favorable.<\/p>\n<p>&nbsp;<\/p>\n<\/div>\n<\/div>\n<\/div>\n<\/div>\n","protected":false},"excerpt":{"rendered":"<p>\u00bfEst\u00e1 enfrentando cargos criminales en Westfield, TX? Si es as\u00ed, es crucial tener un abogado de defensa criminal calificado a su lado para proteger sus derechos y luchar por su libertad. Un abogado calificado puede hacer toda la diferencia en su caso y preservar su libertad. Ll\u00e1menos hoy al para salvaguardar su futuro. Entendiendo la [&hellip;]<\/p>\n","protected":false},"author":22,"featured_media":0,"parent":3422,"menu_order":0,"comment_status":"closed","ping_status":"closed","template":"","meta":{"_acf_changed":false,"footnotes":""},"categories":[],"tags":[],"class_list":["post-3425","page","type-page","status-publish","hentry"],"acf":[],"_links":{"self":[{"href":"https:\/\/cowboylawgroup.com\/es\/wp-json\/wp\/v2\/pages\/3425","targetHints":{"allow":["GET"]}}],"collection":[{"href":"https:\/\/cowboylawgroup.com\/es\/wp-json\/wp\/v2\/pages"}],"about":[{"href":"https:\/\/cowboylawgroup.com\/es\/wp-json\/wp\/v2\/types\/page"}],"author":[{"embeddable":true,"href":"https:\/\/cowboylawgroup.com\/es\/wp-json\/wp\/v2\/users\/22"}],"replies":[{"embeddable":true,"href":"https:\/\/cowboylawgroup.com\/es\/wp-json\/wp\/v2\/comments?post=3425"}],"version-history":[{"count":2,"href":"https:\/\/cowboylawgroup.com\/es\/wp-json\/wp\/v2\/pages\/3425\/revisions"}],"predecessor-version":[{"id":3427,"href":"https:\/\/cowboylawgroup.com\/es\/wp-json\/wp\/v2\/pages\/3425\/revisions\/3427"}],"up":[{"embeddable":true,"href":"https:\/\/cowboylawgroup.com\/es\/wp-json\/wp\/v2\/pages\/3422"}],"wp:attachment":[{"href":"https:\/\/cowboylawgroup.com\/es\/wp-json\/wp\/v2\/media?parent=3425"}],"wp:term":[{"taxonomy":"category","embeddable":true,"href":"https:\/\/cowboylawgroup.com\/es\/wp-json\/wp\/v2\/categories?post=3425"},{"taxonomy":"post_tag","embeddable":true,"href":"https:\/\/cowboylawgroup.com\/es\/wp-json\/wp\/v2\/tags?post=3425"}],"curies":[{"name":"wp","href":"https:\/\/api.w.org\/{rel}","templated":true}]}}