{"id":3428,"date":"2024-07-19T08:14:27","date_gmt":"2024-07-19T13:14:27","guid":{"rendered":"https:\/\/cowboylawgroup.com\/westfield\/westfield-abogado-de-defensa-de-menores\/"},"modified":"2026-02-16T06:49:03","modified_gmt":"2026-02-16T12:49:03","slug":"westfield-abogado-de-defensa-de-menores","status":"publish","type":"page","link":"https:\/\/cowboylawgroup.com\/es\/westfield\/westfield-abogado-de-defensa-de-menores\/","title":{"rendered":"Westfield Abogado de Defensa de Menores"},"content":{"rendered":"<p><strong>\u00bfEst\u00e1 Usted Enfrentando Cargos Criminales Juveniles en Westfield, TX?<\/strong><\/p>\n<p>Si su hijo est\u00e1 enfrentando cargos criminales juveniles en Westfield, TX, tener un abogado defensor juvenil bien informado es esencial para salvaguardar sus derechos y su futuro. Un abogado competente puede hacer una diferencia sustancial en el resultado de su caso y ayudar a proteger el futuro de su hijo. P\u00f3ngase en contacto con nosotros hoy en <a href=\"tel:+18323262932\"><i class=\"fa fa-phone-alt\"><\/i>832-326-2932<\/a> para garantizar los derechos de su hijo se mantienen.<\/p>\n<h2>Comprender la importancia de un abogado penal juvenil experto<\/h2>\n<p><img fetchpriority=\"high\" decoding=\"async\" class=\"alignnone wp-image-2502\" src=\"https:\/\/cowboylawgroup.com\/wp-content\/uploads\/2024\/07\/shutterstock_2148297251.webp\" alt=\"A young juvenile woman in handcuffs\" width=\"500\" height=\"334\" srcset=\"https:\/\/cowboylawgroup.com\/wp-content\/uploads\/2024\/07\/shutterstock_2148297251.webp 1000w, https:\/\/cowboylawgroup.com\/wp-content\/uploads\/2024\/07\/shutterstock_2148297251-300x200.webp 300w, https:\/\/cowboylawgroup.com\/wp-content\/uploads\/2024\/07\/shutterstock_2148297251-768x512.webp 768w\" sizes=\"(max-width: 500px) 100vw, 500px\" \/><\/p>\n<p>Manejar cargos criminales juveniles en Westfield, TX, requiere entender por qu\u00e9 es crucial contratar a un abogado penal juvenil experto. Los resultados del caso de su hijo pueden tener un impacto duradero en su vida, y la representaci\u00f3n legal adecuada puede ser fundamental. Un abogado penal juvenil con experiencia est\u00e1 equipado con la experiencia y los conocimientos necesarios para navegar por las complejidades del sistema de justicia juvenil con eficacia. Est\u00e1n bien versados en derecho de menores y ofrecen valiosa orientaci\u00f3n y asesoramiento durante todo el proceso legal. Investigar\u00e1n a fondo el caso, reunir\u00e1n las pruebas pertinentes, entrevistar\u00e1n a los testigos y desarrollar\u00e1n una estrategia de defensa a medida espec\u00edfica para la situaci\u00f3n de su hijo. Adem\u00e1s, un abogado experto en defensa de menores est\u00e1 familiarizado con las estrategias empleadas por los fiscales y las fuerzas del orden y puede anticipar sus movimientos. Proteger\u00e1n los derechos de su hijo, impugnar\u00e1n cualquier prueba obtenida indebidamente y garantizar\u00e1n un trato justo en todas las fases del caso. Su experiencia se extiende a la negociaci\u00f3n de declaraciones de culpabilidad y la defensa en el juicio, luchando por el mejor resultado posible para su hijo.<\/p>\n<h2>Nuestros Servicios de Defensa de Menores<\/h2>\n<p><img decoding=\"async\" class=\"alignnone wp-image-2418\" src=\"https:\/\/cowboylawgroup.com\/wp-content\/uploads\/2024\/07\/shutterstock_2056444907.webp\" alt=\"A juvenile defense lawyer speaks in court to the jury\" width=\"500\" height=\"282\" srcset=\"https:\/\/cowboylawgroup.com\/wp-content\/uploads\/2024\/07\/shutterstock_2056444907.webp 1000w, https:\/\/cowboylawgroup.com\/wp-content\/uploads\/2024\/07\/shutterstock_2056444907-300x169.webp 300w, https:\/\/cowboylawgroup.com\/wp-content\/uploads\/2024\/07\/shutterstock_2056444907-768x432.webp 768w\" sizes=\"(max-width: 500px) 100vw, 500px\" \/><\/p>\n<h3>Delitos de Drogas<\/h3>\n<p>En Cowboy Law Group, reconocemos las serias consecuencias asociadas con los cargos juveniles por delitos de drogas. Nuestros experimentados abogados se dedican a defender a menores acusados de varios delitos de drogas, incluyendo posesi\u00f3n, distribuci\u00f3n y tr\u00e1fico. Revisamos meticulosamente cada caso, analizando las pruebas en busca de inconsistencias o violaciones de derechos. Nuestro objetivo es elaborar una estrategia de defensa robusta adaptada a las necesidades espec\u00edficas de su hijo, asegurando que sus derechos sean defendidos y su futuro protegido.<\/p>\n<h3>Cargos por armas de fuego<\/h3>\n<p>Enfrentarse a cargos por armas de fuego siendo menor puede ser intimidante, pero Cowboy Law Group ofrece una defensa legal experta para superar este reto. Nuestros abogados son conocedores de las leyes de armas de Texas y tienen un s\u00f3lido historial de defensa de menores contra delitos relacionados con armas de fuego. Tanto si su hijo se enfrenta a cargos de posesi\u00f3n ilegal, descarga ilegal o uso de arma de fuego en la comisi\u00f3n de un delito, investigaremos a fondo las circunstancias del caso. Nos esforzamos por desafiar cualquier acci\u00f3n ilegal por parte de la polic\u00eda y defender los derechos de su hijo. Con Cowboy Law Group, usted puede esperar una defensa completa y efectiva.<\/p>\n<h3>Defensa de Asesinato<\/h3>\n<p>Cowboy Law Group proporciona fuertes servicios de defensa para los menores que enfrentan cargos graves como el asesinato. Nuestros experimentados abogados de defensa criminal aportan amplios conocimientos y comprensi\u00f3n de las complejidades de los casos de asesinato de menores. Llevamos a cabo investigaciones exhaustivas, reunimos pruebas y trabajamos con expertos para construir una defensa s\u00f3lida. Nuestro equipo es experto en la identificaci\u00f3n de debilidades en el caso de la fiscal\u00eda, ya sea en relaci\u00f3n con las pruebas forenses, el testimonio de testigos, o errores de procedimiento. Estamos dedicados a proteger los derechos de su hijo y luchar por el mejor resultado, asegurando que reciban un juicio justo y una defensa s\u00f3lida.<\/p>\n<h3>Defensa de Asalto<\/h3>\n<p>Cuando un menor es acusado de asalto, tener un abogado defensor bien informado y dedicado es crucial. En Cowboy Law Group, nos especializamos en la defensa de menores contra una serie de cargos de asalto, desde asalto simple hasta asalto agravado. Nuestros abogados est\u00e1n bien versados en <a href=\"https:\/\/statutes.capitol.texas.gov\/Docs\/PE\/htm\/PE.22.htm\" target=\"_blank\" rel=\"noopener\">las leyes de asalto de Texas<\/a> y son expertos en la elaboraci\u00f3n de estrategias de defensa eficaces para cada caso \u00fanico. Revisamos meticulosamente las pruebas, entrevistamos a los testigos y exploramos posibles reclamaciones de autodefensa o errores de procedimiento. Nuestro compromiso es proteger los derechos de su hijo y lograr el resultado m\u00e1s favorable, ya sea a trav\u00e9s de la negociaci\u00f3n o el juicio.<\/p>\n<h3>Cargos de Robo<\/h3>\n<p>Enfrentarse a cargos por robo siendo menor de edad puede ser abrumador, pero Cowboy Law Group est\u00e1 aqu\u00ed para proporcionar un fuerte apoyo y defensa legal. Nuestros abogados tienen una amplia experiencia en el manejo de casos de robo de menores y se han comprometido a elaborar una estrategia de defensa adaptada a las circunstancias de su hijo. Investigamos a fondo el incidente, examinamos las pruebas e identificamos cualquier debilidad o violaci\u00f3n de derechos. Ya sea negociando para reducir los cargos o abogando por la inocencia en la corte, Cowboy Law Group se dedica a proteger los derechos de su hijo y lograr el mejor resultado posible.<\/p>\n<h3>Defensa de Robo<\/h3>\n<p>Si su hijo se enfrenta a cargos por robo, Cowboy Law Group est\u00e1 preparado para ofrecerle una defensa rigurosa. Nuestros experimentados abogados defensores de menores han defendido con \u00e9xito a clientes contra diversos cargos relacionados con el robo, incluyendo hurto, hurto mayor y malversaci\u00f3n. Escudri\u00f1amos cuidadosamente la evidencia, desafiamos errores procesales, y exploramos todas las defensas posibles para construir un caso fuerte. Nuestro objetivo es salvaguardar los derechos y la reputaci\u00f3n de su hijo, buscando el mejor resultado posible, ya sea a trav\u00e9s de la negociaci\u00f3n o el juicio. Conf\u00ede en Cowboy Law Group para defender a su hijo frente a los cargos de robo.<\/p>\n<h3>Defensa de DWI<\/h3>\n<p>Un cargo de DWI puede tener serias repercusiones para un menor, pero Cowboy Law Group esta aqui para defender los derechos de su hijo y mitigar el impacto en su vida. Nuestros abogados son altamente cualificados en el manejo de casos de DWI juvenil y son conocedores de los matices de las leyes de Texas DWI menores de edad. Analizamos a fondo las circunstancias que rodean la detenci\u00c3\u00b3n, incluida la legalidad de la parada de tr\u00c3\u00a1fico y la exactitud de la alcoholemia. Nuestras estrategias de defensa pueden implicar la impugnacion de las pruebas, la negociacion de cargos reducidos, o la busqueda de opciones alternativas de sentencia. Con Cowboy Law Group, su hijo tendra un abogado dedicado trabajando incansablemente para lograr el mejor resultado posible para su caso de DWI.<\/p>\n<h2>Eligiendo el Abogado de Defensa Criminal Juvenil Correcto para su Caso<\/h2>\n<p><img decoding=\"async\" class=\"alignnone wp-image-2444 size-full\" src=\"https:\/\/cowboylawgroup.com\/wp-content\/uploads\/2024\/07\/klein-juvenile-crime-copy.webp\" alt=\"A juvenile boy in hand cuffs\" width=\"500\" height=\"334\" srcset=\"https:\/\/cowboylawgroup.com\/wp-content\/uploads\/2024\/07\/klein-juvenile-crime-copy.webp 500w, https:\/\/cowboylawgroup.com\/wp-content\/uploads\/2024\/07\/klein-juvenile-crime-copy-300x200.webp 300w\" sizes=\"(max-width: 500px) 100vw, 500px\" \/><\/p>\n<p>La selecci\u00f3n del abogado adecuado para la defensa penal de su menor es crucial y puede afectar significativamente el resultado de su caso. En Westfield, TX, Cowboy Law Group es la mejor opci\u00f3n para la defensa penal de menores. Nuestra empresa combina una profunda experiencia con un fuerte compromiso con la defensa de los menores que enfrentan cargos criminales. La experiencia es fundamental para nuestra pr\u00e1ctica. Nuestros abogados tienen una historia probada de la gesti\u00f3n de casos de menores similares a la suya, con un profundo conocimiento del sistema jur\u00eddico de menores y el derecho penal. La especializaci\u00f3n es importante. A diferencia de los abogados generalistas, nuestros abogados se centran exclusivamente en el derecho penal de menores. Esta especializaci\u00f3n nos dota de las estrategias espec\u00edficas necesarias para elaborar una defensa s\u00f3lida adaptada a la situaci\u00f3n de su hijo. La comunicaci\u00f3n y la confianza son esenciales para nuestro enfoque. Nos aseguramos de que los t\u00e9rminos legales complejos se explican con claridad y le mantenemos informado durante todo el caso. Su comprensi\u00f3n y participaci\u00f3n son cruciales para nosotros. Nuestras consultas iniciales le permiten experimentar nuestra profesionalidad y dedicaci\u00f3n. Le invitamos a reunirse con nosotros para evaluar lo bien que nos alineamos con sus necesidades y objetivos. Elegir a Cowboy Law Group significa asociarse con un equipo dedicado a asegurar el mejor resultado para el caso de su hijo. Con nuestra experiencia y enfoque personalizado, usted puede manejar con confianza los asuntos legales de su hijo.<\/p>\n<h2>Explorando el panorama legal en Westfield, TX<\/h2>\n<p>Westfield, TX, ofrece un entorno jur\u00eddico din\u00e1mico con numerosas opciones para aquellos que buscan servicios de defensa penal juvenil. El \u00e1rea es el hogar de h\u00e1biles abogados defensores de menores y abogados, asegurando que los residentes tengan acceso a una representaci\u00f3n legal de alta calidad. Los abogados defensores privados son empleados por bufetes de abogados privados, y los acusados pagan por sus servicios. Cowboy Law Group es una empresa prominente en la zona, conocida por su competencia en el manejo de diversos casos penales juveniles. Varios otros abogados defensores de buena reputaci\u00f3n en Westfield tambi\u00e9n se especializan en diferentes aspectos del derecho penal juvenil, asegurando que los clientes puedan encontrar el abogado adecuado para sus necesidades espec\u00edficas. La escena legal en Westfield est\u00e1 marcada por un compromiso con la justicia y la protecci\u00f3n de los derechos de los menores. Ya se trate de delitos de drogas, asalto o cargos de robo, los profesionales jur\u00eddicos de Cowboy Law Group est\u00e1n bien equipados para manejar diversos casos de menores. Con un amplio conocimiento de las leyes locales y los procedimientos judiciales, estos abogados defensores ofrecen una valiosa orientaci\u00f3n y apoyo durante todo el proceso legal. Al explorar el panorama jur\u00eddico de Westfield, las personas que enfrentan cargos penales juveniles pueden encontrar tranquilidad al saber que tienen acceso a profesionales del derecho con experiencia dedicados a proteger sus derechos y lograr los mejores resultados posibles.<\/p>\n<h2>Defendiendo Sus Derechos: El Papel de un Abogado de Defensa Penal Juvenil en Westfield<\/h2>\n<p><img loading=\"lazy\" decoding=\"async\" class=\"alignnone wp-image-2026\" src=\"https:\/\/cowboylawgroup.com\/wp-content\/uploads\/2024\/07\/shutterstock_2310640113.webp\" alt=\"Cowboy Law Group juvenile attorney speaks to a client\" width=\"500\" height=\"334\" srcset=\"https:\/\/cowboylawgroup.com\/wp-content\/uploads\/2024\/07\/shutterstock_2310640113.webp 1000w, https:\/\/cowboylawgroup.com\/wp-content\/uploads\/2024\/07\/shutterstock_2310640113-300x200.webp 300w, https:\/\/cowboylawgroup.com\/wp-content\/uploads\/2024\/07\/shutterstock_2310640113-768x512.webp 768w\" sizes=\"(max-width: 500px) 100vw, 500px\" \/><\/p>\n<p>Al enfrentar cargos criminales juveniles en Westfield, TX, tener un abogado defensor h\u00e1bil y experimentado es esencial. El papel de un abogado defensor de menores se extiende m\u00e1s all\u00e1 de representar a sus clientes en la corte. Ellos juegan un papel crucial en la defensa de los derechos de los menores acusados de delitos. Un abogado defensor en Westfield entiende las complejidades del sistema legal juvenil y trabaja diligentemente para proteger los derechos de su cliente durante todo el proceso. Desde la investigaci\u00f3n inicial hasta las negociaciones de la declaraci\u00f3n de culpabilidad o el juicio, garantizan un trato justo y una fuerte estrategia de defensa. Un abogado defensor examinar\u00e1 las pruebas, impugnar\u00e1 cualquier violaci\u00f3n de los derechos constitucionales y trabajar\u00e1 para suprimir las pruebas obtenidas ilegalmente. Tambi\u00e9n entrevistar\u00e1 a los testigos, reunir\u00e1 testimonios de expertos si es necesario, y construir\u00e1 un caso convincente a favor de su cliente. Adem\u00e1s, un abogado defensor abogar\u00e1 por su cliente en la corte, interrogar\u00e1 a los testigos, y presentar\u00e1 argumentos para apoyar su inocencia o mitigar los cargos y posibles sanciones. Su objetivo es lograr el mejor resultado posible, ya sea la desestimaci\u00f3n de los cargos, la reducci\u00f3n de los cargos o la absoluci\u00f3n en el juicio. Al ofrecer orientaci\u00f3n, experiencia y apoyo inquebrantable, un abogado defensor en <a href=\"https:\/\/cowboylawgroup.com\/es\/westfield\/\">Westfield, TX<\/a> juega un papel vital en la protecci\u00f3n de los derechos e intereses de los menores acusados de delitos penales.<\/p>\n<h2>Las cualidades que debe buscar en un abogado penal juvenil en Westfield<\/h2>\n<p>Al seleccionar un abogado penal juvenil en Westfield, Cowboy Law Group ofrece cualidades excepcionales que pueden influir en gran medida el resultado de su caso. La experiencia es crucial. Nuestro equipo tiene un historial probado en el manejo de casos de defensa penal juvenil similares al suyo. Con un amplio conocimiento y experiencia, que h\u00e1bilmente navegar por las complejidades del sistema jur\u00eddico de menores. La comunicaci\u00f3n excepcional es central a nuestra pr\u00e1ctica. Nos aseguramos de que usted entienda el proceso legal, sus opciones, y los resultados potenciales, simplificando conceptos legales complejos. La capacidad de respuesta y la accesibilidad son la clave de nuestra atenci\u00f3n al cliente. Devolvemos r\u00e1pidamente las llamadas y los correos electr\u00f3nicos, asegur\u00e1ndonos de que reciba apoyo e informaci\u00f3n a lo largo de su caso. La confianza es esencial. En Cowboy Law Group, establecemos relaciones basadas en la confianza y la confidencialidad, tratando la informaci\u00f3n sensible con el m\u00e1ximo cuidado. La atenci\u00f3n al detalle es un sello distintivo de nuestro servicio. Revisamos meticulosamente las pruebas e identificamos los puntos d\u00e9biles de la acusaci\u00f3n, sin dejar piedra sin remover en la elaboraci\u00f3n de su defensa. Escoger a Cowboy Law Group significa asegurar un equipo de defensa criminal juvenil dedicado y experto comprometido a proteger los derechos de su hijo y lograr el mejor resultado posible. Con nuestra experiencia y enfoque personalizado, puede navegar por sus desaf\u00edos legales con confianza.<\/p>\n<h2>Conceptos err\u00f3neos comunes acerca de los abogados de defensa penal juvenil<\/h2>\n<p><img loading=\"lazy\" decoding=\"async\" class=\"alignnone wp-image-2097\" src=\"https:\/\/cowboylawgroup.com\/wp-content\/uploads\/2024\/07\/shutterstock_1688525125.webp\" alt=\"A juvenile defense attorney speaks with a client\" width=\"500\" height=\"334\" srcset=\"https:\/\/cowboylawgroup.com\/wp-content\/uploads\/2024\/07\/shutterstock_1688525125.webp 1000w, https:\/\/cowboylawgroup.com\/wp-content\/uploads\/2024\/07\/shutterstock_1688525125-300x200.webp 300w, https:\/\/cowboylawgroup.com\/wp-content\/uploads\/2024\/07\/shutterstock_1688525125-768x512.webp 768w\" sizes=\"(max-width: 500px) 100vw, 500px\" \/><\/p>\n<p>Un error com\u00fan acerca de los abogados de defensa penal juvenil es que s\u00f3lo defienden a individuos culpables. Esta creencia se basa en la suposici\u00f3n de que cualquier persona acusada de un delito debe ser culpable. Sin embargo, es importante recordar que todo el mundo tiene derecho a la representaci\u00f3n legal, independientemente de su culpabilidad o inocencia. Los honorarios legales por contratar a un abogado de defensa penal juvenil pueden variar debido a factores como la experiencia del abogado, los m\u00e9todos de facturaci\u00f3n y la ubicaci\u00f3n. La principal responsabilidad de un abogado defensor de menores cualificado es proteger los derechos de su cliente y garantizar un juicio justo. Otra idea err\u00f3nea es que los abogados defensores de menores se centran \u00fanicamente en ganar casos, independientemente de la verdad. En realidad, los abogados defensores se dedican a buscar justicia y a defender los principios del sistema legal. Ellos investigan a fondo las pruebas, desaf\u00edan las inconsistencias, y trabajan diligentemente para presentar una defensa s\u00f3lida para sus clientes. Algunas personas tambi\u00e9n creen que la contrataci\u00f3n de un abogado de defensa penal juvenil es una p\u00e9rdida de dinero y que pueden representarse a s\u00ed mismos adecuadamente en la corte. Sin embargo, navegar por el complejo sistema legal requiere amplios conocimientos y experiencia, que s\u00f3lo un abogado capacitado posee. Intentar representarse a s\u00ed mismo puede acarrear graves consecuencias, como omitir procedimientos legales cruciales o no presentar una estrategia de defensa eficaz. Es vital que las personas que enfrentan cargos penales juveniles reconozcan la importancia de tener un abogado defensor capacitado para proteger sus derechos y abogar por sus mejores intereses.<\/p>\n<h2>Hable hoy mismo con un abogado de defensa penal de menores de Cowboy Law Group<\/h2>\n<p>\u00bfEst\u00e1 lidiando con cargos criminales juveniles en Westfield, TX? P\u00f3ngase en contacto con <a href=\"https:\/\/cowboylawgroup.com\/es\/\">Cowboy Law Group<\/a> en <a href=\"tel:+18323262932\"><i class=\"fa fa-phone-alt\"><\/i>832-326-2932<\/a> para la representaci\u00f3n legal de expertos en el caso de su hijo. Nuestros experimentados abogados de defensa penal juvenil proteger\u00e1n los derechos de su hijo y desarrollar\u00e1n una defensa s\u00f3lida. Con un amplio conocimiento de las leyes juveniles de Texas y un historial probado, manejamos casos que van desde delitos de drogas hasta robo y asalto. No enfrente este tiempo desafiante solo-hable con un abogado de Cowboy Law Group hoy. Ofrecemos consultas r\u00e1pidas para discutir el caso de su hijo y las opciones legales. Llame ahora para salvaguardar el futuro de su hijo y mejorar sus posibilidades de un resultado favorable.<\/p>\n","protected":false},"excerpt":{"rendered":"<p>\u00bfEst\u00e1 Usted Enfrentando Cargos Criminales Juveniles en Westfield, TX? Si su hijo est\u00e1 enfrentando cargos criminales juveniles en Westfield, TX, tener un abogado defensor juvenil bien informado es esencial para salvaguardar sus derechos y su futuro. Un abogado competente puede hacer una diferencia sustancial en el resultado de su caso y ayudar a proteger el [&hellip;]<\/p>\n","protected":false},"author":22,"featured_media":0,"parent":3422,"menu_order":0,"comment_status":"closed","ping_status":"closed","template":"","meta":{"_acf_changed":false,"footnotes":""},"categories":[],"tags":[],"class_list":["post-3428","page","type-page","status-publish","hentry"],"acf":[],"_links":{"self":[{"href":"https:\/\/cowboylawgroup.com\/es\/wp-json\/wp\/v2\/pages\/3428","targetHints":{"allow":["GET"]}}],"collection":[{"href":"https:\/\/cowboylawgroup.com\/es\/wp-json\/wp\/v2\/pages"}],"about":[{"href":"https:\/\/cowboylawgroup.com\/es\/wp-json\/wp\/v2\/types\/page"}],"author":[{"embeddable":true,"href":"https:\/\/cowboylawgroup.com\/es\/wp-json\/wp\/v2\/users\/22"}],"replies":[{"embeddable":true,"href":"https:\/\/cowboylawgroup.com\/es\/wp-json\/wp\/v2\/comments?post=3428"}],"version-history":[{"count":3,"href":"https:\/\/cowboylawgroup.com\/es\/wp-json\/wp\/v2\/pages\/3428\/revisions"}],"predecessor-version":[{"id":5865,"href":"https:\/\/cowboylawgroup.com\/es\/wp-json\/wp\/v2\/pages\/3428\/revisions\/5865"}],"up":[{"embeddable":true,"href":"https:\/\/cowboylawgroup.com\/es\/wp-json\/wp\/v2\/pages\/3422"}],"wp:attachment":[{"href":"https:\/\/cowboylawgroup.com\/es\/wp-json\/wp\/v2\/media?parent=3428"}],"wp:term":[{"taxonomy":"category","embeddable":true,"href":"https:\/\/cowboylawgroup.com\/es\/wp-json\/wp\/v2\/categories?post=3428"},{"taxonomy":"post_tag","embeddable":true,"href":"https:\/\/cowboylawgroup.com\/es\/wp-json\/wp\/v2\/tags?post=3428"}],"curies":[{"name":"wp","href":"https:\/\/api.w.org\/{rel}","templated":true}]}}